{"id":4385,"date":"2023-11-16T14:50:16","date_gmt":"2023-11-16T13:50:16","guid":{"rendered":"https:\/\/milola.com\/producto\/pack-ho-vull-tot-2\/"},"modified":"2024-02-06T17:18:11","modified_gmt":"2024-02-06T16:18:11","slug":"pack-ho-vull-tot-2","status":"publish","type":"product","link":"https:\/\/milola.com\/ca\/producto\/pack-ho-vull-tot-2\/","title":{"rendered":"PACK &#8220;<b>HO VULL TOT<\/b>&#8220;"},"content":{"rendered":"<p><span style=\"font-weight: 400;\">No saps quant t&#8217;entenem \u2013 Et resulta impossible triar, i francament, a nosaltres tamb\u00e9. Per qu\u00e8 triar quan ho pots tenir tot? Al cap i a la fi, hem creat 6 sabors espectaculars, diferents, variats, perqu\u00e8, et vingui de gust el que et vingui de gust, ho trobis aqu\u00ed. Si vols fer-li un regal a una persona estimada que todavia no ha provat les Milola (existeix aquesta persona?), aquest \u00e9s el teu pack. <\/span><\/p>\n<p><span style=\"font-weight: 400;\">Aquest pack cont\u00e9 dues unitats de cadascuna de les nostres Cookies: <\/span><\/p>\n<ul>\n<li style=\"font-weight: 400;\" aria-level=\"1\"><span style=\"font-weight: 400;\">Avellana y Xips de Xocolata. <\/span><\/li>\n<li style=\"font-weight: 400;\" aria-level=\"1\"><span style=\"font-weight: 400;\">Doble Xocolata, Avellanes y Pl\u00e0tan (Vegana).<\/span><\/li>\n<li style=\"font-weight: 400;\" aria-level=\"1\"><span style=\"font-weight: 400;\">Llimona i Xia.<\/span><\/li>\n<li style=\"font-weight: 400;\" aria-level=\"1\"><span style=\"font-weight: 400;\">Pastanada Especiada. <\/span><\/li>\n<li style=\"font-weight: 400;\" aria-level=\"1\"><span style=\"font-weight: 400;\">Taronja, Ametlla i Cardamomo. <\/span><\/li>\n<li style=\"font-weight: 400;\" aria-level=\"1\"><span style=\"font-weight: 400;\">Gerds, Civada i Llima.<\/span><\/li>\n<\/ul>\n","protected":false},"excerpt":{"rendered":"<p><span style=\"font-weight: 400;\">Pack de 12 galetes individuals, 2 unitats de cadascun dels nostres sabors, de 50 gr. la unitat.<\/span><\/p>\n","protected":false},"featured_media":4386,"template":"","meta":{"_acf_changed":false},"product_brand":[],"product_cat":[71],"product_tag":[69,65,67,66,64,68,98],"class_list":{"0":"post-4385","1":"product","2":"type-product","3":"status-publish","4":"has-post-thumbnail","6":"product_cat-12-x-50gr-ca-2","7":"product_tag-cookie-davellanes-i-xips-de-xocolata","8":"product_tag-cookie-de-doble-xocolata-i-platan","9":"product_tag-cookie-de-gerds-civada-i-llima","10":"product_tag-cookie-de-llimona-y-xia","11":"product_tag-cookie-de-pastanaga-i-especies","12":"product_tag-cookie-de-taronja-ametlla-i-cardamom","13":"product_tag-lo-quiero-todo-ca","15":"first","16":"instock","17":"taxable","18":"shipping-taxable","19":"purchasable","20":"product-type-simple"},"acf":[],"yoast_head":"<!-- This site is optimized with the Yoast SEO Premium plugin v27.1 (Yoast SEO v27.1.1) - https:\/\/yoast.com\/product\/yoast-seo-premium-wordpress\/ -->\n<title>Pack &quot;Ho Vull Tot&quot; - Galetes individuals de Milola Gluten Free<\/title>\n<meta name=\"description\" content=\"Aquest pack cont\u00e9 dues unitats de cadascuna de les nostres Cookies: Avellana i Xips de Xocolata. Doble Xocolata, Avellanes y Pl\u00e0tan (Vegana). Llimona i Xia. Pastanaga Especiada. Taronja, Ametlla i Cardamomo. Gerds, Civada i Llima.\" \/>\n<meta name=\"robots\" content=\"index, follow, max-snippet:-1, max-image-preview:large, max-video-preview:-1\" \/>\n<link rel=\"canonical\" href=\"https:\/\/milola.com\/ca\/producto\/pack-ho-vull-tot-2\/\" \/>\n<meta property=\"og:locale\" content=\"ca_ES\" \/>\n<meta property=\"og:type\" content=\"article\" \/>\n<meta property=\"og:title\" content=\"PACK &quot;HO VULL TOT&quot;\" \/>\n<meta property=\"og:description\" content=\"Aquest pack cont\u00e9 dues unitats de cadascuna de les nostres Cookies: Avellana i Xips de Xocolata. Doble Xocolata, Avellanes y Pl\u00e0tan (Vegana). Llimona i Xia. Pastanaga Especiada. Taronja, Ametlla i Cardamomo. Gerds, Civada i Llima.\" \/>\n<meta property=\"og:url\" content=\"https:\/\/milola.com\/ca\/producto\/pack-ho-vull-tot-2\/\" \/>\n<meta property=\"og:site_name\" content=\"MILOLA GLUTEN-FREE\" \/>\n<meta property=\"article:publisher\" content=\"https:\/\/www.facebook.com\/milolaglutenfree\" \/>\n<meta property=\"article:modified_time\" content=\"2024-02-06T16:18:11+00:00\" \/>\n<meta property=\"og:image\" content=\"https:\/\/milola.com\/wp-content\/uploads\/2023\/11\/Lo-quiero-todo-jpg.webp\" \/>\n\t<meta property=\"og:image:width\" content=\"600\" \/>\n\t<meta property=\"og:image:height\" content=\"600\" \/>\n\t<meta property=\"og:image:type\" content=\"image\/jpeg\" \/>\n<meta name=\"twitter:card\" content=\"summary_large_image\" \/>\n<meta name=\"twitter:site\" content=\"@milolabakery\" \/>\n<meta name=\"twitter:label1\" content=\"Temps estimat de lectura\" \/>\n\t<meta name=\"twitter:data1\" content=\"1 minut\" \/>\n<script type=\"application\/ld+json\" class=\"yoast-schema-graph\">{\"@context\":\"https:\/\/schema.org\",\"@graph\":[{\"@type\":\"WebPage\",\"@id\":\"https:\/\/milola.com\/ca\/producto\/pack-ho-vull-tot-2\/\",\"url\":\"https:\/\/milola.com\/ca\/producto\/pack-ho-vull-tot-2\/\",\"name\":\"Pack \\\"Ho Vull Tot\\\" - Galetes individuals de Milola Gluten Free\",\"isPartOf\":{\"@id\":\"https:\/\/milola.com\/ca\/#website\"},\"primaryImageOfPage\":{\"@id\":\"https:\/\/milola.com\/ca\/producto\/pack-ho-vull-tot-2\/#primaryimage\"},\"image\":{\"@id\":\"https:\/\/milola.com\/ca\/producto\/pack-ho-vull-tot-2\/#primaryimage\"},\"thumbnailUrl\":\"https:\/\/milola.com\/wp-content\/uploads\/2023\/11\/Lo-quiero-todo-jpg.webp\",\"datePublished\":\"2023-11-16T13:50:16+00:00\",\"dateModified\":\"2024-02-06T16:18:11+00:00\",\"description\":\"Aquest pack cont\u00e9 dues unitats de cadascuna de les nostres Cookies: Avellana i Xips de Xocolata. Doble Xocolata, Avellanes y Pl\u00e0tan (Vegana). Llimona i Xia. Pastanaga Especiada. Taronja, Ametlla i Cardamomo. Gerds, Civada i Llima.\",\"breadcrumb\":{\"@id\":\"https:\/\/milola.com\/ca\/producto\/pack-ho-vull-tot-2\/#breadcrumb\"},\"inLanguage\":\"ca\",\"potentialAction\":[{\"@type\":\"ReadAction\",\"target\":[\"https:\/\/milola.com\/ca\/producto\/pack-ho-vull-tot-2\/\"]}]},{\"@type\":\"ImageObject\",\"inLanguage\":\"ca\",\"@id\":\"https:\/\/milola.com\/ca\/producto\/pack-ho-vull-tot-2\/#primaryimage\",\"url\":\"https:\/\/milola.com\/wp-content\/uploads\/2023\/11\/Lo-quiero-todo-jpg.webp\",\"contentUrl\":\"https:\/\/milola.com\/wp-content\/uploads\/2023\/11\/Lo-quiero-todo-jpg.webp\",\"width\":600,\"height\":600,\"caption\":\"pack-lo-quiero-todo-galletas-individuales-milola-gluten-free\"},{\"@type\":\"BreadcrumbList\",\"@id\":\"https:\/\/milola.com\/ca\/producto\/pack-ho-vull-tot-2\/#breadcrumb\",\"itemListElement\":[{\"@type\":\"ListItem\",\"position\":1,\"name\":\"Portada\",\"item\":\"https:\/\/milola.com\/ca\/home\/\"},{\"@type\":\"ListItem\",\"position\":2,\"name\":\"Productes\",\"item\":\"https:\/\/milola.com\/ca\/shop\/\"},{\"@type\":\"ListItem\",\"position\":3,\"name\":\"PACK &#8220;HO VULL TOT&#8220;\"}]},{\"@type\":\"WebSite\",\"@id\":\"https:\/\/milola.com\/ca\/#website\",\"url\":\"https:\/\/milola.com\/ca\/\",\"name\":\"www.milola.com\",\"description\":\"Dale una galleta al pasado.\",\"publisher\":{\"@id\":\"https:\/\/milola.com\/ca\/#organization\"},\"potentialAction\":[{\"@type\":\"SearchAction\",\"target\":{\"@type\":\"EntryPoint\",\"urlTemplate\":\"https:\/\/milola.com\/ca\/?s={search_term_string}\"},\"query-input\":{\"@type\":\"PropertyValueSpecification\",\"valueRequired\":true,\"valueName\":\"search_term_string\"}}],\"inLanguage\":\"ca\"},{\"@type\":\"Organization\",\"@id\":\"https:\/\/milola.com\/ca\/#organization\",\"name\":\"www.milola.com\",\"url\":\"https:\/\/milola.com\/ca\/\",\"logo\":{\"@type\":\"ImageObject\",\"inLanguage\":\"ca\",\"@id\":\"https:\/\/milola.com\/ca\/#\/schema\/logo\/image\/\",\"url\":\"https:\/\/milola.com\/wp-content\/uploads\/2023\/11\/milola-logo-header.png\",\"contentUrl\":\"https:\/\/milola.com\/wp-content\/uploads\/2023\/11\/milola-logo-header.png\",\"width\":501,\"height\":282,\"caption\":\"www.milola.com\"},\"image\":{\"@id\":\"https:\/\/milola.com\/ca\/#\/schema\/logo\/image\/\"},\"sameAs\":[\"https:\/\/www.facebook.com\/milolaglutenfree\",\"https:\/\/x.com\/milolabakery\",\"https:\/\/www.instagram.com\/milolaglutenfree\/\",\"https:\/\/www.tiktok.com\/@milolaglutenfree\"]}]}<\/script>\n<!-- \/ Yoast SEO Premium plugin. -->","yoast_head_json":{"title":"Pack \"Ho Vull Tot\" - Galetes individuals de Milola Gluten Free","description":"Aquest pack cont\u00e9 dues unitats de cadascuna de les nostres Cookies: Avellana i Xips de Xocolata. Doble Xocolata, Avellanes y Pl\u00e0tan (Vegana). Llimona i Xia. Pastanaga Especiada. Taronja, Ametlla i Cardamomo. Gerds, Civada i Llima.","robots":{"index":"index","follow":"follow","max-snippet":"max-snippet:-1","max-image-preview":"max-image-preview:large","max-video-preview":"max-video-preview:-1"},"canonical":"https:\/\/milola.com\/ca\/producto\/pack-ho-vull-tot-2\/","og_locale":"ca_ES","og_type":"article","og_title":"PACK \"HO VULL TOT\"","og_description":"Aquest pack cont\u00e9 dues unitats de cadascuna de les nostres Cookies: Avellana i Xips de Xocolata. Doble Xocolata, Avellanes y Pl\u00e0tan (Vegana). Llimona i Xia. Pastanaga Especiada. Taronja, Ametlla i Cardamomo. Gerds, Civada i Llima.","og_url":"https:\/\/milola.com\/ca\/producto\/pack-ho-vull-tot-2\/","og_site_name":"MILOLA GLUTEN-FREE","article_publisher":"https:\/\/www.facebook.com\/milolaglutenfree","article_modified_time":"2024-02-06T16:18:11+00:00","og_image":[{"width":600,"height":600,"url":"https:\/\/milola.com\/wp-content\/uploads\/2023\/11\/Lo-quiero-todo-jpg.webp","type":"image\/jpeg"}],"twitter_card":"summary_large_image","twitter_site":"@milolabakery","twitter_misc":{"Temps estimat de lectura":"1 minut"},"schema":{"@context":"https:\/\/schema.org","@graph":[{"@type":"WebPage","@id":"https:\/\/milola.com\/ca\/producto\/pack-ho-vull-tot-2\/","url":"https:\/\/milola.com\/ca\/producto\/pack-ho-vull-tot-2\/","name":"Pack \"Ho Vull Tot\" - Galetes individuals de Milola Gluten Free","isPartOf":{"@id":"https:\/\/milola.com\/ca\/#website"},"primaryImageOfPage":{"@id":"https:\/\/milola.com\/ca\/producto\/pack-ho-vull-tot-2\/#primaryimage"},"image":{"@id":"https:\/\/milola.com\/ca\/producto\/pack-ho-vull-tot-2\/#primaryimage"},"thumbnailUrl":"https:\/\/milola.com\/wp-content\/uploads\/2023\/11\/Lo-quiero-todo-jpg.webp","datePublished":"2023-11-16T13:50:16+00:00","dateModified":"2024-02-06T16:18:11+00:00","description":"Aquest pack cont\u00e9 dues unitats de cadascuna de les nostres Cookies: Avellana i Xips de Xocolata. Doble Xocolata, Avellanes y Pl\u00e0tan (Vegana). Llimona i Xia. Pastanaga Especiada. Taronja, Ametlla i Cardamomo. Gerds, Civada i Llima.","breadcrumb":{"@id":"https:\/\/milola.com\/ca\/producto\/pack-ho-vull-tot-2\/#breadcrumb"},"inLanguage":"ca","potentialAction":[{"@type":"ReadAction","target":["https:\/\/milola.com\/ca\/producto\/pack-ho-vull-tot-2\/"]}]},{"@type":"ImageObject","inLanguage":"ca","@id":"https:\/\/milola.com\/ca\/producto\/pack-ho-vull-tot-2\/#primaryimage","url":"https:\/\/milola.com\/wp-content\/uploads\/2023\/11\/Lo-quiero-todo-jpg.webp","contentUrl":"https:\/\/milola.com\/wp-content\/uploads\/2023\/11\/Lo-quiero-todo-jpg.webp","width":600,"height":600,"caption":"pack-lo-quiero-todo-galletas-individuales-milola-gluten-free"},{"@type":"BreadcrumbList","@id":"https:\/\/milola.com\/ca\/producto\/pack-ho-vull-tot-2\/#breadcrumb","itemListElement":[{"@type":"ListItem","position":1,"name":"Portada","item":"https:\/\/milola.com\/ca\/home\/"},{"@type":"ListItem","position":2,"name":"Productes","item":"https:\/\/milola.com\/ca\/shop\/"},{"@type":"ListItem","position":3,"name":"PACK &#8220;HO VULL TOT&#8220;"}]},{"@type":"WebSite","@id":"https:\/\/milola.com\/ca\/#website","url":"https:\/\/milola.com\/ca\/","name":"www.milola.com","description":"Dale una galleta al pasado.","publisher":{"@id":"https:\/\/milola.com\/ca\/#organization"},"potentialAction":[{"@type":"SearchAction","target":{"@type":"EntryPoint","urlTemplate":"https:\/\/milola.com\/ca\/?s={search_term_string}"},"query-input":{"@type":"PropertyValueSpecification","valueRequired":true,"valueName":"search_term_string"}}],"inLanguage":"ca"},{"@type":"Organization","@id":"https:\/\/milola.com\/ca\/#organization","name":"www.milola.com","url":"https:\/\/milola.com\/ca\/","logo":{"@type":"ImageObject","inLanguage":"ca","@id":"https:\/\/milola.com\/ca\/#\/schema\/logo\/image\/","url":"https:\/\/milola.com\/wp-content\/uploads\/2023\/11\/milola-logo-header.png","contentUrl":"https:\/\/milola.com\/wp-content\/uploads\/2023\/11\/milola-logo-header.png","width":501,"height":282,"caption":"www.milola.com"},"image":{"@id":"https:\/\/milola.com\/ca\/#\/schema\/logo\/image\/"},"sameAs":["https:\/\/www.facebook.com\/milolaglutenfree","https:\/\/x.com\/milolabakery","https:\/\/www.instagram.com\/milolaglutenfree\/","https:\/\/www.tiktok.com\/@milolaglutenfree"]}]}},"_links":{"self":[{"href":"https:\/\/milola.com\/ca\/wp-json\/wp\/v2\/product\/4385","targetHints":{"allow":["GET"]}}],"collection":[{"href":"https:\/\/milola.com\/ca\/wp-json\/wp\/v2\/product"}],"about":[{"href":"https:\/\/milola.com\/ca\/wp-json\/wp\/v2\/types\/product"}],"wp:featuredmedia":[{"embeddable":true,"href":"https:\/\/milola.com\/ca\/wp-json\/wp\/v2\/media\/4386"}],"wp:attachment":[{"href":"https:\/\/milola.com\/ca\/wp-json\/wp\/v2\/media?parent=4385"}],"wp:term":[{"taxonomy":"product_brand","embeddable":true,"href":"https:\/\/milola.com\/ca\/wp-json\/wp\/v2\/product_brand?post=4385"},{"taxonomy":"product_cat","embeddable":true,"href":"https:\/\/milola.com\/ca\/wp-json\/wp\/v2\/product_cat?post=4385"},{"taxonomy":"product_tag","embeddable":true,"href":"https:\/\/milola.com\/ca\/wp-json\/wp\/v2\/product_tag?post=4385"}],"curies":[{"name":"wp","href":"https:\/\/api.w.org\/{rel}","templated":true}]}}