{"id":4379,"date":"2023-11-16T15:05:24","date_gmt":"2023-11-16T14:05:24","guid":{"rendered":"https:\/\/milola.com\/producto\/pack-dona-li-sabor-a-la-teva-vida-2\/"},"modified":"2024-02-06T17:11:25","modified_gmt":"2024-02-06T16:11:25","slug":"pack-dona-li-sabor-a-la-teva-vida-2","status":"publish","type":"product","link":"https:\/\/milola.com\/ca\/producto\/pack-dona-li-sabor-a-la-teva-vida-2\/","title":{"rendered":"PACK &#8220;<b>DONA-LI SABOR A LA TEVA VIDA<\/b>&#8220;"},"content":{"rendered":"<p><span style=\"font-weight: 400;\">Aquest pack cont\u00e9 12 unitats: 6 de nostra Cookie de Pastanaga Especiada, i 6 Taronja, Ametlla i Cardamomo.<\/span><\/p>\n<p><span style=\"font-weight: 400;\">Potser els nostres dos sabors m\u00e9s adults, amb aquest toc d&#8217;esp\u00e8cies que les fa ideal per a moments de recolliment, acompanyades de la teva beguda favorita. Si no pots evitar visitar mercats d&#8217;esp\u00e8cies i ingredients de tot el m\u00f3n en els teus viatges, aquest \u00e9s el teu pack.<\/span><\/p>\n","protected":false},"excerpt":{"rendered":"<p><span style=\"font-weight: 400;\">Pack de 12 galetes individuals de 50 gr. cadascuna: 6 de Pastanaga Especiada, i 6 Taronja, Ametlla i Cardamomo.<\/span><\/p>\n","protected":false},"featured_media":4380,"template":"","meta":{"_acf_changed":false},"product_brand":[],"product_cat":[71],"product_tag":[64,68],"class_list":{"0":"post-4379","1":"product","2":"type-product","3":"status-publish","4":"has-post-thumbnail","6":"product_cat-12-x-50gr-ca-2","7":"product_tag-cookie-de-pastanaga-i-especies","8":"product_tag-cookie-de-taronja-ametlla-i-cardamom","10":"first","11":"instock","12":"taxable","13":"shipping-taxable","14":"purchasable","15":"product-type-simple"},"acf":[],"yoast_head":"<!-- This site is optimized with the Yoast SEO Premium plugin v27.1 (Yoast SEO v27.1.1) - https:\/\/yoast.com\/product\/yoast-seo-premium-wordpress\/ -->\n<title>Pack &quot;Dona-li Sabor a la teva Vida&quot;- Galetes Milola Gluten Free<\/title>\n<meta name=\"description\" content=\"Aquest pack cont\u00e9 12 unitats: 6 de nostra Cookie de Pastanaga Especiada, i 6 Taronja, Ametlla i Cardamomo. Potser els nostres dos sabors m\u00e9s adults,\" \/>\n<meta name=\"robots\" content=\"index, follow, max-snippet:-1, max-image-preview:large, max-video-preview:-1\" \/>\n<link rel=\"canonical\" href=\"https:\/\/milola.com\/ca\/producto\/pack-dona-li-sabor-a-la-teva-vida-2\/\" \/>\n<meta property=\"og:locale\" content=\"ca_ES\" \/>\n<meta property=\"og:type\" content=\"article\" \/>\n<meta property=\"og:title\" content=\"PACK &quot;DONA-LI SABOR A LA TEVA VIDA&quot;\" \/>\n<meta property=\"og:description\" content=\"Aquest pack cont\u00e9 12 unitats: 6 de nostra Cookie de Pastanaga Especiada, i 6 Taronja, Ametlla i Cardamomo. Potser els nostres dos sabors m\u00e9s adults,\" \/>\n<meta property=\"og:url\" content=\"https:\/\/milola.com\/ca\/producto\/pack-dona-li-sabor-a-la-teva-vida-2\/\" \/>\n<meta property=\"og:site_name\" content=\"MILOLA GLUTEN-FREE\" \/>\n<meta property=\"article:publisher\" content=\"https:\/\/www.facebook.com\/milolaglutenfree\" \/>\n<meta property=\"article:modified_time\" content=\"2024-02-06T16:11:25+00:00\" \/>\n<meta property=\"og:image\" content=\"https:\/\/milola.com\/wp-content\/uploads\/2023\/11\/Dale-sabor-a-tu-vida-jpg.webp\" \/>\n\t<meta property=\"og:image:width\" content=\"595\" \/>\n\t<meta property=\"og:image:height\" content=\"595\" \/>\n\t<meta property=\"og:image:type\" content=\"image\/jpeg\" \/>\n<meta name=\"twitter:card\" content=\"summary_large_image\" \/>\n<meta name=\"twitter:site\" content=\"@milolabakery\" \/>\n<script type=\"application\/ld+json\" class=\"yoast-schema-graph\">{\"@context\":\"https:\/\/schema.org\",\"@graph\":[{\"@type\":\"WebPage\",\"@id\":\"https:\/\/milola.com\/ca\/producto\/pack-dona-li-sabor-a-la-teva-vida-2\/\",\"url\":\"https:\/\/milola.com\/ca\/producto\/pack-dona-li-sabor-a-la-teva-vida-2\/\",\"name\":\"Pack \\\"Dona-li Sabor a la teva Vida\\\"- Galetes Milola Gluten Free\",\"isPartOf\":{\"@id\":\"https:\/\/milola.com\/ca\/#website\"},\"primaryImageOfPage\":{\"@id\":\"https:\/\/milola.com\/ca\/producto\/pack-dona-li-sabor-a-la-teva-vida-2\/#primaryimage\"},\"image\":{\"@id\":\"https:\/\/milola.com\/ca\/producto\/pack-dona-li-sabor-a-la-teva-vida-2\/#primaryimage\"},\"thumbnailUrl\":\"https:\/\/milola.com\/wp-content\/uploads\/2023\/11\/Dale-sabor-a-tu-vida-jpg.webp\",\"datePublished\":\"2023-11-16T14:05:24+00:00\",\"dateModified\":\"2024-02-06T16:11:25+00:00\",\"description\":\"Aquest pack cont\u00e9 12 unitats: 6 de nostra Cookie de Pastanaga Especiada, i 6 Taronja, Ametlla i Cardamomo. Potser els nostres dos sabors m\u00e9s adults,\",\"breadcrumb\":{\"@id\":\"https:\/\/milola.com\/ca\/producto\/pack-dona-li-sabor-a-la-teva-vida-2\/#breadcrumb\"},\"inLanguage\":\"ca\",\"potentialAction\":[{\"@type\":\"ReadAction\",\"target\":[\"https:\/\/milola.com\/ca\/producto\/pack-dona-li-sabor-a-la-teva-vida-2\/\"]}]},{\"@type\":\"ImageObject\",\"inLanguage\":\"ca\",\"@id\":\"https:\/\/milola.com\/ca\/producto\/pack-dona-li-sabor-a-la-teva-vida-2\/#primaryimage\",\"url\":\"https:\/\/milola.com\/wp-content\/uploads\/2023\/11\/Dale-sabor-a-tu-vida-jpg.webp\",\"contentUrl\":\"https:\/\/milola.com\/wp-content\/uploads\/2023\/11\/Dale-sabor-a-tu-vida-jpg.webp\",\"width\":595,\"height\":595,\"caption\":\"Foto ilustrativa de los dos sabores de galletas individuales de milola gluten-free que formar el pack \\\"chocolate lovers\\\" de la tienda online.\"},{\"@type\":\"BreadcrumbList\",\"@id\":\"https:\/\/milola.com\/ca\/producto\/pack-dona-li-sabor-a-la-teva-vida-2\/#breadcrumb\",\"itemListElement\":[{\"@type\":\"ListItem\",\"position\":1,\"name\":\"Portada\",\"item\":\"https:\/\/milola.com\/ca\/home\/\"},{\"@type\":\"ListItem\",\"position\":2,\"name\":\"Productes\",\"item\":\"https:\/\/milola.com\/ca\/shop\/\"},{\"@type\":\"ListItem\",\"position\":3,\"name\":\"PACK &#8220;DONA-LI SABOR A LA TEVA VIDA&#8220;\"}]},{\"@type\":\"WebSite\",\"@id\":\"https:\/\/milola.com\/ca\/#website\",\"url\":\"https:\/\/milola.com\/ca\/\",\"name\":\"www.milola.com\",\"description\":\"Dale una galleta al pasado.\",\"publisher\":{\"@id\":\"https:\/\/milola.com\/ca\/#organization\"},\"potentialAction\":[{\"@type\":\"SearchAction\",\"target\":{\"@type\":\"EntryPoint\",\"urlTemplate\":\"https:\/\/milola.com\/ca\/?s={search_term_string}\"},\"query-input\":{\"@type\":\"PropertyValueSpecification\",\"valueRequired\":true,\"valueName\":\"search_term_string\"}}],\"inLanguage\":\"ca\"},{\"@type\":\"Organization\",\"@id\":\"https:\/\/milola.com\/ca\/#organization\",\"name\":\"www.milola.com\",\"url\":\"https:\/\/milola.com\/ca\/\",\"logo\":{\"@type\":\"ImageObject\",\"inLanguage\":\"ca\",\"@id\":\"https:\/\/milola.com\/ca\/#\/schema\/logo\/image\/\",\"url\":\"https:\/\/milola.com\/wp-content\/uploads\/2023\/11\/milola-logo-header.png\",\"contentUrl\":\"https:\/\/milola.com\/wp-content\/uploads\/2023\/11\/milola-logo-header.png\",\"width\":501,\"height\":282,\"caption\":\"www.milola.com\"},\"image\":{\"@id\":\"https:\/\/milola.com\/ca\/#\/schema\/logo\/image\/\"},\"sameAs\":[\"https:\/\/www.facebook.com\/milolaglutenfree\",\"https:\/\/x.com\/milolabakery\",\"https:\/\/www.instagram.com\/milolaglutenfree\/\",\"https:\/\/www.tiktok.com\/@milolaglutenfree\"]}]}<\/script>\n<!-- \/ Yoast SEO Premium plugin. -->","yoast_head_json":{"title":"Pack \"Dona-li Sabor a la teva Vida\"- Galetes Milola Gluten Free","description":"Aquest pack cont\u00e9 12 unitats: 6 de nostra Cookie de Pastanaga Especiada, i 6 Taronja, Ametlla i Cardamomo. Potser els nostres dos sabors m\u00e9s adults,","robots":{"index":"index","follow":"follow","max-snippet":"max-snippet:-1","max-image-preview":"max-image-preview:large","max-video-preview":"max-video-preview:-1"},"canonical":"https:\/\/milola.com\/ca\/producto\/pack-dona-li-sabor-a-la-teva-vida-2\/","og_locale":"ca_ES","og_type":"article","og_title":"PACK \"DONA-LI SABOR A LA TEVA VIDA\"","og_description":"Aquest pack cont\u00e9 12 unitats: 6 de nostra Cookie de Pastanaga Especiada, i 6 Taronja, Ametlla i Cardamomo. Potser els nostres dos sabors m\u00e9s adults,","og_url":"https:\/\/milola.com\/ca\/producto\/pack-dona-li-sabor-a-la-teva-vida-2\/","og_site_name":"MILOLA GLUTEN-FREE","article_publisher":"https:\/\/www.facebook.com\/milolaglutenfree","article_modified_time":"2024-02-06T16:11:25+00:00","og_image":[{"width":595,"height":595,"url":"https:\/\/milola.com\/wp-content\/uploads\/2023\/11\/Dale-sabor-a-tu-vida-jpg.webp","type":"image\/jpeg"}],"twitter_card":"summary_large_image","twitter_site":"@milolabakery","schema":{"@context":"https:\/\/schema.org","@graph":[{"@type":"WebPage","@id":"https:\/\/milola.com\/ca\/producto\/pack-dona-li-sabor-a-la-teva-vida-2\/","url":"https:\/\/milola.com\/ca\/producto\/pack-dona-li-sabor-a-la-teva-vida-2\/","name":"Pack \"Dona-li Sabor a la teva Vida\"- Galetes Milola Gluten Free","isPartOf":{"@id":"https:\/\/milola.com\/ca\/#website"},"primaryImageOfPage":{"@id":"https:\/\/milola.com\/ca\/producto\/pack-dona-li-sabor-a-la-teva-vida-2\/#primaryimage"},"image":{"@id":"https:\/\/milola.com\/ca\/producto\/pack-dona-li-sabor-a-la-teva-vida-2\/#primaryimage"},"thumbnailUrl":"https:\/\/milola.com\/wp-content\/uploads\/2023\/11\/Dale-sabor-a-tu-vida-jpg.webp","datePublished":"2023-11-16T14:05:24+00:00","dateModified":"2024-02-06T16:11:25+00:00","description":"Aquest pack cont\u00e9 12 unitats: 6 de nostra Cookie de Pastanaga Especiada, i 6 Taronja, Ametlla i Cardamomo. Potser els nostres dos sabors m\u00e9s adults,","breadcrumb":{"@id":"https:\/\/milola.com\/ca\/producto\/pack-dona-li-sabor-a-la-teva-vida-2\/#breadcrumb"},"inLanguage":"ca","potentialAction":[{"@type":"ReadAction","target":["https:\/\/milola.com\/ca\/producto\/pack-dona-li-sabor-a-la-teva-vida-2\/"]}]},{"@type":"ImageObject","inLanguage":"ca","@id":"https:\/\/milola.com\/ca\/producto\/pack-dona-li-sabor-a-la-teva-vida-2\/#primaryimage","url":"https:\/\/milola.com\/wp-content\/uploads\/2023\/11\/Dale-sabor-a-tu-vida-jpg.webp","contentUrl":"https:\/\/milola.com\/wp-content\/uploads\/2023\/11\/Dale-sabor-a-tu-vida-jpg.webp","width":595,"height":595,"caption":"Foto ilustrativa de los dos sabores de galletas individuales de milola gluten-free que formar el pack \"chocolate lovers\" de la tienda online."},{"@type":"BreadcrumbList","@id":"https:\/\/milola.com\/ca\/producto\/pack-dona-li-sabor-a-la-teva-vida-2\/#breadcrumb","itemListElement":[{"@type":"ListItem","position":1,"name":"Portada","item":"https:\/\/milola.com\/ca\/home\/"},{"@type":"ListItem","position":2,"name":"Productes","item":"https:\/\/milola.com\/ca\/shop\/"},{"@type":"ListItem","position":3,"name":"PACK &#8220;DONA-LI SABOR A LA TEVA VIDA&#8220;"}]},{"@type":"WebSite","@id":"https:\/\/milola.com\/ca\/#website","url":"https:\/\/milola.com\/ca\/","name":"www.milola.com","description":"Dale una galleta al pasado.","publisher":{"@id":"https:\/\/milola.com\/ca\/#organization"},"potentialAction":[{"@type":"SearchAction","target":{"@type":"EntryPoint","urlTemplate":"https:\/\/milola.com\/ca\/?s={search_term_string}"},"query-input":{"@type":"PropertyValueSpecification","valueRequired":true,"valueName":"search_term_string"}}],"inLanguage":"ca"},{"@type":"Organization","@id":"https:\/\/milola.com\/ca\/#organization","name":"www.milola.com","url":"https:\/\/milola.com\/ca\/","logo":{"@type":"ImageObject","inLanguage":"ca","@id":"https:\/\/milola.com\/ca\/#\/schema\/logo\/image\/","url":"https:\/\/milola.com\/wp-content\/uploads\/2023\/11\/milola-logo-header.png","contentUrl":"https:\/\/milola.com\/wp-content\/uploads\/2023\/11\/milola-logo-header.png","width":501,"height":282,"caption":"www.milola.com"},"image":{"@id":"https:\/\/milola.com\/ca\/#\/schema\/logo\/image\/"},"sameAs":["https:\/\/www.facebook.com\/milolaglutenfree","https:\/\/x.com\/milolabakery","https:\/\/www.instagram.com\/milolaglutenfree\/","https:\/\/www.tiktok.com\/@milolaglutenfree"]}]}},"_links":{"self":[{"href":"https:\/\/milola.com\/ca\/wp-json\/wp\/v2\/product\/4379","targetHints":{"allow":["GET"]}}],"collection":[{"href":"https:\/\/milola.com\/ca\/wp-json\/wp\/v2\/product"}],"about":[{"href":"https:\/\/milola.com\/ca\/wp-json\/wp\/v2\/types\/product"}],"wp:featuredmedia":[{"embeddable":true,"href":"https:\/\/milola.com\/ca\/wp-json\/wp\/v2\/media\/4380"}],"wp:attachment":[{"href":"https:\/\/milola.com\/ca\/wp-json\/wp\/v2\/media?parent=4379"}],"wp:term":[{"taxonomy":"product_brand","embeddable":true,"href":"https:\/\/milola.com\/ca\/wp-json\/wp\/v2\/product_brand?post=4379"},{"taxonomy":"product_cat","embeddable":true,"href":"https:\/\/milola.com\/ca\/wp-json\/wp\/v2\/product_cat?post=4379"},{"taxonomy":"product_tag","embeddable":true,"href":"https:\/\/milola.com\/ca\/wp-json\/wp\/v2\/product_tag?post=4379"}],"curies":[{"name":"wp","href":"https:\/\/api.w.org\/{rel}","templated":true}]}}