{"id":4377,"date":"2023-11-16T15:12:14","date_gmt":"2023-11-16T14:12:14","guid":{"rendered":"https:\/\/milola.com\/producto\/pack-trio-de-citrics-2\/"},"modified":"2024-02-06T17:07:20","modified_gmt":"2024-02-06T16:07:20","slug":"pack-trio-de-citrics-2","status":"publish","type":"product","link":"https:\/\/milola.com\/ca\/producto\/pack-trio-de-citrics-2\/","title":{"rendered":"PACK &#8220;<b>TRIO DE C\u00cdTRICS<\/b>&#8220;"},"content":{"rendered":"<p><span style=\"font-weight: 400;\">Si ets dels que necessites els teus dol\u00e7os amb una mica de <\/span><i><span style=\"font-weight: 400;\">zsa zsa zsu<\/span><\/i><span style=\"font-weight: 400;\">, amb un toc c\u00edtric que els elevi i alegri el teu paladar, aquest \u00e9s el teu pack. Dos estotjos de cadascuna de les nostres galetes amb c\u00edtrics: Llimona i Xia, Taronja, Ametlla i Cardamomo, i Gerds, Civada i Llima. (Si no recordes qu\u00e8 \u00e9s el zsa zsa zsu, \u00e9s hora de tornar a veure la 5a temporada de Sexe a Nova York). <\/span><\/p>\n<p><span style=\"font-weight: 400;\">Tots els nostres c\u00edtrics s\u00f3n de la zona del Llevant mediterrani. Utilitzem gerd sencer triturat, res de saboritzants i coses rares. <\/span><\/p>\n","protected":false},"excerpt":{"rendered":"<p><span style=\"font-weight: 400;\">Pack de 12 galetes individuals de 50 gr. cadascuna: 4 de la nostra Galeta de Llimona i Xia, 4 de Taronja, Ametlla i Cardamomo, i 4 de Gerds, Civada i Llima.<\/span><\/p>\n","protected":false},"featured_media":4378,"template":"","meta":{"_acf_changed":false},"product_brand":[],"product_cat":[71],"product_tag":[67,66,68],"class_list":{"0":"post-4377","1":"product","2":"type-product","3":"status-publish","4":"has-post-thumbnail","6":"product_cat-12-x-50gr-ca-2","7":"product_tag-cookie-de-gerds-civada-i-llima","8":"product_tag-cookie-de-llimona-y-xia","9":"product_tag-cookie-de-taronja-ametlla-i-cardamom","11":"first","12":"instock","13":"taxable","14":"shipping-taxable","15":"purchasable","16":"product-type-simple"},"acf":[],"yoast_head":"<!-- This site is optimized with the Yoast SEO Premium plugin v27.1 (Yoast SEO v27.1.1) - https:\/\/yoast.com\/product\/yoast-seo-premium-wordpress\/ -->\n<title>Pack &quot;Trio de C\u00edtrics&quot; - Galetes individuals de Milola Gluten Free<\/title>\n<meta name=\"description\" content=\"Dos estotjos de cadascuna de les nostres galetes individuals amb c\u00edtrics: Llimona i Xia, Taronja, Ametlla i Cardamomo, i Gerds, Civada i Lima.\" \/>\n<meta name=\"robots\" content=\"index, follow, max-snippet:-1, max-image-preview:large, max-video-preview:-1\" \/>\n<link rel=\"canonical\" href=\"https:\/\/milola.com\/ca\/producto\/pack-trio-de-citrics-2\/\" \/>\n<meta property=\"og:locale\" content=\"ca_ES\" \/>\n<meta property=\"og:type\" content=\"article\" \/>\n<meta property=\"og:title\" content=\"PACK &quot;TRIO DE C\u00cdTRICS&quot;\" \/>\n<meta property=\"og:description\" content=\"Dos estotjos de cadascuna de les nostres galetes individuals amb c\u00edtrics: Llimona i Xia, Taronja, Ametlla i Cardamomo, i Gerds, Civada i Lima.\" \/>\n<meta property=\"og:url\" content=\"https:\/\/milola.com\/ca\/producto\/pack-trio-de-citrics-2\/\" \/>\n<meta property=\"og:site_name\" content=\"MILOLA GLUTEN-FREE\" \/>\n<meta property=\"article:publisher\" content=\"https:\/\/www.facebook.com\/milolaglutenfree\" \/>\n<meta property=\"article:modified_time\" content=\"2024-02-06T16:07:20+00:00\" \/>\n<meta property=\"og:image\" content=\"https:\/\/milola.com\/wp-content\/uploads\/2023\/11\/Trio-de-citricos-1-jpg.webp\" \/>\n\t<meta property=\"og:image:width\" content=\"595\" \/>\n\t<meta property=\"og:image:height\" content=\"595\" \/>\n\t<meta property=\"og:image:type\" content=\"image\/jpeg\" \/>\n<meta name=\"twitter:card\" content=\"summary_large_image\" \/>\n<meta name=\"twitter:site\" content=\"@milolabakery\" \/>\n<meta name=\"twitter:label1\" content=\"Temps estimat de lectura\" \/>\n\t<meta name=\"twitter:data1\" content=\"1 minut\" \/>\n<script type=\"application\/ld+json\" class=\"yoast-schema-graph\">{\"@context\":\"https:\/\/schema.org\",\"@graph\":[{\"@type\":\"WebPage\",\"@id\":\"https:\/\/milola.com\/ca\/producto\/pack-trio-de-citrics-2\/\",\"url\":\"https:\/\/milola.com\/ca\/producto\/pack-trio-de-citrics-2\/\",\"name\":\"Pack \\\"Trio de C\u00edtrics\\\" - Galetes individuals de Milola Gluten Free\",\"isPartOf\":{\"@id\":\"https:\/\/milola.com\/ca\/#website\"},\"primaryImageOfPage\":{\"@id\":\"https:\/\/milola.com\/ca\/producto\/pack-trio-de-citrics-2\/#primaryimage\"},\"image\":{\"@id\":\"https:\/\/milola.com\/ca\/producto\/pack-trio-de-citrics-2\/#primaryimage\"},\"thumbnailUrl\":\"https:\/\/milola.com\/wp-content\/uploads\/2023\/11\/Trio-de-citricos-1-jpg.webp\",\"datePublished\":\"2023-11-16T14:12:14+00:00\",\"dateModified\":\"2024-02-06T16:07:20+00:00\",\"description\":\"Dos estotjos de cadascuna de les nostres galetes individuals amb c\u00edtrics: Llimona i Xia, Taronja, Ametlla i Cardamomo, i Gerds, Civada i Lima.\",\"breadcrumb\":{\"@id\":\"https:\/\/milola.com\/ca\/producto\/pack-trio-de-citrics-2\/#breadcrumb\"},\"inLanguage\":\"ca\",\"potentialAction\":[{\"@type\":\"ReadAction\",\"target\":[\"https:\/\/milola.com\/ca\/producto\/pack-trio-de-citrics-2\/\"]}]},{\"@type\":\"ImageObject\",\"inLanguage\":\"ca\",\"@id\":\"https:\/\/milola.com\/ca\/producto\/pack-trio-de-citrics-2\/#primaryimage\",\"url\":\"https:\/\/milola.com\/wp-content\/uploads\/2023\/11\/Trio-de-citricos-1-jpg.webp\",\"contentUrl\":\"https:\/\/milola.com\/wp-content\/uploads\/2023\/11\/Trio-de-citricos-1-jpg.webp\",\"width\":595,\"height\":595,\"caption\":\"Foto ilustrativa de los tres sabores de galletas individuales de milola gluten-free que formar el pack \\\"trio de citricos\\\" de la tienda online.\"},{\"@type\":\"BreadcrumbList\",\"@id\":\"https:\/\/milola.com\/ca\/producto\/pack-trio-de-citrics-2\/#breadcrumb\",\"itemListElement\":[{\"@type\":\"ListItem\",\"position\":1,\"name\":\"Portada\",\"item\":\"https:\/\/milola.com\/ca\/home\/\"},{\"@type\":\"ListItem\",\"position\":2,\"name\":\"Productes\",\"item\":\"https:\/\/milola.com\/ca\/shop\/\"},{\"@type\":\"ListItem\",\"position\":3,\"name\":\"PACK &#8220;TRIO DE C\u00cdTRICS&#8220;\"}]},{\"@type\":\"WebSite\",\"@id\":\"https:\/\/milola.com\/ca\/#website\",\"url\":\"https:\/\/milola.com\/ca\/\",\"name\":\"www.milola.com\",\"description\":\"Dale una galleta al pasado.\",\"publisher\":{\"@id\":\"https:\/\/milola.com\/ca\/#organization\"},\"potentialAction\":[{\"@type\":\"SearchAction\",\"target\":{\"@type\":\"EntryPoint\",\"urlTemplate\":\"https:\/\/milola.com\/ca\/?s={search_term_string}\"},\"query-input\":{\"@type\":\"PropertyValueSpecification\",\"valueRequired\":true,\"valueName\":\"search_term_string\"}}],\"inLanguage\":\"ca\"},{\"@type\":\"Organization\",\"@id\":\"https:\/\/milola.com\/ca\/#organization\",\"name\":\"www.milola.com\",\"url\":\"https:\/\/milola.com\/ca\/\",\"logo\":{\"@type\":\"ImageObject\",\"inLanguage\":\"ca\",\"@id\":\"https:\/\/milola.com\/ca\/#\/schema\/logo\/image\/\",\"url\":\"https:\/\/milola.com\/wp-content\/uploads\/2023\/11\/milola-logo-header.png\",\"contentUrl\":\"https:\/\/milola.com\/wp-content\/uploads\/2023\/11\/milola-logo-header.png\",\"width\":501,\"height\":282,\"caption\":\"www.milola.com\"},\"image\":{\"@id\":\"https:\/\/milola.com\/ca\/#\/schema\/logo\/image\/\"},\"sameAs\":[\"https:\/\/www.facebook.com\/milolaglutenfree\",\"https:\/\/x.com\/milolabakery\",\"https:\/\/www.instagram.com\/milolaglutenfree\/\",\"https:\/\/www.tiktok.com\/@milolaglutenfree\"]}]}<\/script>\n<!-- \/ Yoast SEO Premium plugin. -->","yoast_head_json":{"title":"Pack \"Trio de C\u00edtrics\" - Galetes individuals de Milola Gluten Free","description":"Dos estotjos de cadascuna de les nostres galetes individuals amb c\u00edtrics: Llimona i Xia, Taronja, Ametlla i Cardamomo, i Gerds, Civada i Lima.","robots":{"index":"index","follow":"follow","max-snippet":"max-snippet:-1","max-image-preview":"max-image-preview:large","max-video-preview":"max-video-preview:-1"},"canonical":"https:\/\/milola.com\/ca\/producto\/pack-trio-de-citrics-2\/","og_locale":"ca_ES","og_type":"article","og_title":"PACK \"TRIO DE C\u00cdTRICS\"","og_description":"Dos estotjos de cadascuna de les nostres galetes individuals amb c\u00edtrics: Llimona i Xia, Taronja, Ametlla i Cardamomo, i Gerds, Civada i Lima.","og_url":"https:\/\/milola.com\/ca\/producto\/pack-trio-de-citrics-2\/","og_site_name":"MILOLA GLUTEN-FREE","article_publisher":"https:\/\/www.facebook.com\/milolaglutenfree","article_modified_time":"2024-02-06T16:07:20+00:00","og_image":[{"width":595,"height":595,"url":"https:\/\/milola.com\/wp-content\/uploads\/2023\/11\/Trio-de-citricos-1-jpg.webp","type":"image\/jpeg"}],"twitter_card":"summary_large_image","twitter_site":"@milolabakery","twitter_misc":{"Temps estimat de lectura":"1 minut"},"schema":{"@context":"https:\/\/schema.org","@graph":[{"@type":"WebPage","@id":"https:\/\/milola.com\/ca\/producto\/pack-trio-de-citrics-2\/","url":"https:\/\/milola.com\/ca\/producto\/pack-trio-de-citrics-2\/","name":"Pack \"Trio de C\u00edtrics\" - Galetes individuals de Milola Gluten Free","isPartOf":{"@id":"https:\/\/milola.com\/ca\/#website"},"primaryImageOfPage":{"@id":"https:\/\/milola.com\/ca\/producto\/pack-trio-de-citrics-2\/#primaryimage"},"image":{"@id":"https:\/\/milola.com\/ca\/producto\/pack-trio-de-citrics-2\/#primaryimage"},"thumbnailUrl":"https:\/\/milola.com\/wp-content\/uploads\/2023\/11\/Trio-de-citricos-1-jpg.webp","datePublished":"2023-11-16T14:12:14+00:00","dateModified":"2024-02-06T16:07:20+00:00","description":"Dos estotjos de cadascuna de les nostres galetes individuals amb c\u00edtrics: Llimona i Xia, Taronja, Ametlla i Cardamomo, i Gerds, Civada i Lima.","breadcrumb":{"@id":"https:\/\/milola.com\/ca\/producto\/pack-trio-de-citrics-2\/#breadcrumb"},"inLanguage":"ca","potentialAction":[{"@type":"ReadAction","target":["https:\/\/milola.com\/ca\/producto\/pack-trio-de-citrics-2\/"]}]},{"@type":"ImageObject","inLanguage":"ca","@id":"https:\/\/milola.com\/ca\/producto\/pack-trio-de-citrics-2\/#primaryimage","url":"https:\/\/milola.com\/wp-content\/uploads\/2023\/11\/Trio-de-citricos-1-jpg.webp","contentUrl":"https:\/\/milola.com\/wp-content\/uploads\/2023\/11\/Trio-de-citricos-1-jpg.webp","width":595,"height":595,"caption":"Foto ilustrativa de los tres sabores de galletas individuales de milola gluten-free que formar el pack \"trio de citricos\" de la tienda online."},{"@type":"BreadcrumbList","@id":"https:\/\/milola.com\/ca\/producto\/pack-trio-de-citrics-2\/#breadcrumb","itemListElement":[{"@type":"ListItem","position":1,"name":"Portada","item":"https:\/\/milola.com\/ca\/home\/"},{"@type":"ListItem","position":2,"name":"Productes","item":"https:\/\/milola.com\/ca\/shop\/"},{"@type":"ListItem","position":3,"name":"PACK &#8220;TRIO DE C\u00cdTRICS&#8220;"}]},{"@type":"WebSite","@id":"https:\/\/milola.com\/ca\/#website","url":"https:\/\/milola.com\/ca\/","name":"www.milola.com","description":"Dale una galleta al pasado.","publisher":{"@id":"https:\/\/milola.com\/ca\/#organization"},"potentialAction":[{"@type":"SearchAction","target":{"@type":"EntryPoint","urlTemplate":"https:\/\/milola.com\/ca\/?s={search_term_string}"},"query-input":{"@type":"PropertyValueSpecification","valueRequired":true,"valueName":"search_term_string"}}],"inLanguage":"ca"},{"@type":"Organization","@id":"https:\/\/milola.com\/ca\/#organization","name":"www.milola.com","url":"https:\/\/milola.com\/ca\/","logo":{"@type":"ImageObject","inLanguage":"ca","@id":"https:\/\/milola.com\/ca\/#\/schema\/logo\/image\/","url":"https:\/\/milola.com\/wp-content\/uploads\/2023\/11\/milola-logo-header.png","contentUrl":"https:\/\/milola.com\/wp-content\/uploads\/2023\/11\/milola-logo-header.png","width":501,"height":282,"caption":"www.milola.com"},"image":{"@id":"https:\/\/milola.com\/ca\/#\/schema\/logo\/image\/"},"sameAs":["https:\/\/www.facebook.com\/milolaglutenfree","https:\/\/x.com\/milolabakery","https:\/\/www.instagram.com\/milolaglutenfree\/","https:\/\/www.tiktok.com\/@milolaglutenfree"]}]}},"_links":{"self":[{"href":"https:\/\/milola.com\/ca\/wp-json\/wp\/v2\/product\/4377","targetHints":{"allow":["GET"]}}],"collection":[{"href":"https:\/\/milola.com\/ca\/wp-json\/wp\/v2\/product"}],"about":[{"href":"https:\/\/milola.com\/ca\/wp-json\/wp\/v2\/types\/product"}],"wp:featuredmedia":[{"embeddable":true,"href":"https:\/\/milola.com\/ca\/wp-json\/wp\/v2\/media\/4378"}],"wp:attachment":[{"href":"https:\/\/milola.com\/ca\/wp-json\/wp\/v2\/media?parent=4377"}],"wp:term":[{"taxonomy":"product_brand","embeddable":true,"href":"https:\/\/milola.com\/ca\/wp-json\/wp\/v2\/product_brand?post=4377"},{"taxonomy":"product_cat","embeddable":true,"href":"https:\/\/milola.com\/ca\/wp-json\/wp\/v2\/product_cat?post=4377"},{"taxonomy":"product_tag","embeddable":true,"href":"https:\/\/milola.com\/ca\/wp-json\/wp\/v2\/product_tag?post=4377"}],"curies":[{"name":"wp","href":"https:\/\/api.w.org\/{rel}","templated":true}]}}