{"id":4373,"date":"2023-11-23T11:46:01","date_gmt":"2023-11-23T10:46:01","guid":{"rendered":"https:\/\/milola.com\/producto\/pack-chocolate-lovers\/"},"modified":"2024-02-21T14:55:16","modified_gmt":"2024-02-21T13:55:16","slug":"pack-chocolate-lovers","status":"publish","type":"product","link":"https:\/\/milola.com\/ca\/producto\/pack-chocolate-lovers\/","title":{"rendered":"PACK &#8220;<b>CHOCOLATE LOVERS<\/b>&#8220;"},"content":{"rendered":"<p><span style=\"font-weight: 400;\">Qu\u00e8 s\u00ed, que t&#8217;encanten tots els nostres sabors, per\u00f2 ets chocolater@ i punt. No tens per qu\u00e8 justificar-te o disculpar-te. Hi ha dies que nom\u00e9s els arregla la xocolata (gaireb\u00e9 tots). Si ets del club Chocolate Monster, aquest \u00e9s el teu pack. <\/span><\/p>\n<p><span style=\"font-weight: 400;\">Aquest pack cont\u00e9 6 unitats de cadascuna de les nostres Cookies m\u00e9s xocolateres: <\/span><\/p>\n<ul>\n<li style=\"font-weight: 400;\" aria-level=\"1\"><span style=\"font-weight: 400;\">Avellana y Xips de Xocolata. <\/span><\/li>\n<li style=\"font-weight: 400;\" aria-level=\"1\"><span style=\"font-weight: 400;\">Doble Xocolata, Avellanes y Pl\u00e0tan (Vegana).<\/span><\/li>\n<\/ul>\n","protected":false},"excerpt":{"rendered":"<p><span style=\"font-weight: 400;\">Pack de 3 estotjos de 140gr. cadascun de la nostra Galeta d&#8217;Avellana i Xips de Xocolata, i 3 estotjos de 160gr. cadascun de la nostra Gallega Vegana de Doble Xocolata, Avellana i Pl\u00e0tan. <\/span><\/p>\n","protected":false},"featured_media":4374,"template":"","meta":{"_acf_changed":false},"product_brand":[],"product_cat":[70],"product_tag":[94,69,65],"class_list":{"0":"post-4373","1":"product","2":"type-product","3":"status-publish","4":"has-post-thumbnail","6":"product_cat-6-caixes-x-140gr","7":"product_tag-chocolate-lovers-ca","8":"product_tag-cookie-davellanes-i-xips-de-xocolata","9":"product_tag-cookie-de-doble-xocolata-i-platan","11":"first","12":"instock","13":"taxable","14":"shipping-taxable","15":"purchasable","16":"product-type-simple"},"acf":[],"yoast_head":"<!-- This site is optimized with the Yoast SEO Premium plugin v27.1 (Yoast SEO v27.1.1) - https:\/\/yoast.com\/product\/yoast-seo-premium-wordpress\/ -->\n<title>Pack &quot;Chocolate Lovers&quot; - Galetes de Milola Gluten Free<\/title>\n<meta name=\"description\" content=\"Aquest pack cont\u00e9 6 unitats de cadascuna de les nostres galetes m\u00e9s xocolateres: Doble Xocolata i Pl\u00e0tan (Vegana), i Avellana i Xips de Xocolata.\" \/>\n<meta name=\"robots\" content=\"index, follow, max-snippet:-1, max-image-preview:large, max-video-preview:-1\" \/>\n<link rel=\"canonical\" href=\"https:\/\/milola.com\/ca\/producto\/pack-chocolate-lovers\/\" \/>\n<meta property=\"og:locale\" content=\"ca_ES\" \/>\n<meta property=\"og:type\" content=\"article\" \/>\n<meta property=\"og:title\" content=\"PACK &quot;CHOCOLATE LOVERS&quot;\" \/>\n<meta property=\"og:description\" content=\"Aquest pack cont\u00e9 6 unitats de cadascuna de les nostres galetes m\u00e9s xocolateres: Doble Xocolata i Pl\u00e0tan (Vegana), i Avellana i Xips de Xocolata.\" \/>\n<meta property=\"og:url\" content=\"https:\/\/milola.com\/ca\/producto\/pack-chocolate-lovers\/\" \/>\n<meta property=\"og:site_name\" content=\"MILOLA GLUTEN-FREE\" \/>\n<meta property=\"article:publisher\" content=\"https:\/\/www.facebook.com\/milolaglutenfree\" \/>\n<meta property=\"article:modified_time\" content=\"2024-02-21T13:55:16+00:00\" \/>\n<meta property=\"og:image\" content=\"https:\/\/milola.com\/wp-content\/uploads\/2023\/11\/caja-chocolate-lovers-jpg.webp\" \/>\n\t<meta property=\"og:image:width\" content=\"1500\" \/>\n\t<meta property=\"og:image:height\" content=\"1500\" \/>\n\t<meta property=\"og:image:type\" content=\"image\/jpeg\" \/>\n<meta name=\"twitter:card\" content=\"summary_large_image\" \/>\n<meta name=\"twitter:site\" content=\"@milolabakery\" \/>\n<meta name=\"twitter:label1\" content=\"Temps estimat de lectura\" \/>\n\t<meta name=\"twitter:data1\" content=\"1 minut\" \/>\n<script type=\"application\/ld+json\" class=\"yoast-schema-graph\">{\"@context\":\"https:\/\/schema.org\",\"@graph\":[{\"@type\":\"WebPage\",\"@id\":\"https:\/\/milola.com\/ca\/producto\/pack-chocolate-lovers\/\",\"url\":\"https:\/\/milola.com\/ca\/producto\/pack-chocolate-lovers\/\",\"name\":\"Pack \\\"Chocolate Lovers\\\" - Galetes de Milola Gluten Free\",\"isPartOf\":{\"@id\":\"https:\/\/milola.com\/ca\/#website\"},\"primaryImageOfPage\":{\"@id\":\"https:\/\/milola.com\/ca\/producto\/pack-chocolate-lovers\/#primaryimage\"},\"image\":{\"@id\":\"https:\/\/milola.com\/ca\/producto\/pack-chocolate-lovers\/#primaryimage\"},\"thumbnailUrl\":\"https:\/\/milola.com\/wp-content\/uploads\/2023\/11\/caja-chocolate-lovers-jpg.webp\",\"datePublished\":\"2023-11-23T10:46:01+00:00\",\"dateModified\":\"2024-02-21T13:55:16+00:00\",\"description\":\"Aquest pack cont\u00e9 6 unitats de cadascuna de les nostres galetes m\u00e9s xocolateres: Doble Xocolata i Pl\u00e0tan (Vegana), i Avellana i Xips de Xocolata.\",\"breadcrumb\":{\"@id\":\"https:\/\/milola.com\/ca\/producto\/pack-chocolate-lovers\/#breadcrumb\"},\"inLanguage\":\"ca\",\"potentialAction\":[{\"@type\":\"ReadAction\",\"target\":[\"https:\/\/milola.com\/ca\/producto\/pack-chocolate-lovers\/\"]}]},{\"@type\":\"ImageObject\",\"inLanguage\":\"ca\",\"@id\":\"https:\/\/milola.com\/ca\/producto\/pack-chocolate-lovers\/#primaryimage\",\"url\":\"https:\/\/milola.com\/wp-content\/uploads\/2023\/11\/caja-chocolate-lovers-jpg.webp\",\"contentUrl\":\"https:\/\/milola.com\/wp-content\/uploads\/2023\/11\/caja-chocolate-lovers-jpg.webp\",\"width\":1500,\"height\":1500,\"caption\":\"Cajas del pack \\\"chocolate lovers\\\" de las galletas de milola gluten-free\"},{\"@type\":\"BreadcrumbList\",\"@id\":\"https:\/\/milola.com\/ca\/producto\/pack-chocolate-lovers\/#breadcrumb\",\"itemListElement\":[{\"@type\":\"ListItem\",\"position\":1,\"name\":\"Portada\",\"item\":\"https:\/\/milola.com\/ca\/home\/\"},{\"@type\":\"ListItem\",\"position\":2,\"name\":\"Productes\",\"item\":\"https:\/\/milola.com\/ca\/shop\/\"},{\"@type\":\"ListItem\",\"position\":3,\"name\":\"PACK &#8220;CHOCOLATE LOVERS&#8220;\"}]},{\"@type\":\"WebSite\",\"@id\":\"https:\/\/milola.com\/ca\/#website\",\"url\":\"https:\/\/milola.com\/ca\/\",\"name\":\"www.milola.com\",\"description\":\"Dale una galleta al pasado.\",\"publisher\":{\"@id\":\"https:\/\/milola.com\/ca\/#organization\"},\"potentialAction\":[{\"@type\":\"SearchAction\",\"target\":{\"@type\":\"EntryPoint\",\"urlTemplate\":\"https:\/\/milola.com\/ca\/?s={search_term_string}\"},\"query-input\":{\"@type\":\"PropertyValueSpecification\",\"valueRequired\":true,\"valueName\":\"search_term_string\"}}],\"inLanguage\":\"ca\"},{\"@type\":\"Organization\",\"@id\":\"https:\/\/milola.com\/ca\/#organization\",\"name\":\"www.milola.com\",\"url\":\"https:\/\/milola.com\/ca\/\",\"logo\":{\"@type\":\"ImageObject\",\"inLanguage\":\"ca\",\"@id\":\"https:\/\/milola.com\/ca\/#\/schema\/logo\/image\/\",\"url\":\"https:\/\/milola.com\/wp-content\/uploads\/2023\/11\/milola-logo-header.png\",\"contentUrl\":\"https:\/\/milola.com\/wp-content\/uploads\/2023\/11\/milola-logo-header.png\",\"width\":501,\"height\":282,\"caption\":\"www.milola.com\"},\"image\":{\"@id\":\"https:\/\/milola.com\/ca\/#\/schema\/logo\/image\/\"},\"sameAs\":[\"https:\/\/www.facebook.com\/milolaglutenfree\",\"https:\/\/x.com\/milolabakery\",\"https:\/\/www.instagram.com\/milolaglutenfree\/\",\"https:\/\/www.tiktok.com\/@milolaglutenfree\"]}]}<\/script>\n<!-- \/ Yoast SEO Premium plugin. -->","yoast_head_json":{"title":"Pack \"Chocolate Lovers\" - Galetes de Milola Gluten Free","description":"Aquest pack cont\u00e9 6 unitats de cadascuna de les nostres galetes m\u00e9s xocolateres: Doble Xocolata i Pl\u00e0tan (Vegana), i Avellana i Xips de Xocolata.","robots":{"index":"index","follow":"follow","max-snippet":"max-snippet:-1","max-image-preview":"max-image-preview:large","max-video-preview":"max-video-preview:-1"},"canonical":"https:\/\/milola.com\/ca\/producto\/pack-chocolate-lovers\/","og_locale":"ca_ES","og_type":"article","og_title":"PACK \"CHOCOLATE LOVERS\"","og_description":"Aquest pack cont\u00e9 6 unitats de cadascuna de les nostres galetes m\u00e9s xocolateres: Doble Xocolata i Pl\u00e0tan (Vegana), i Avellana i Xips de Xocolata.","og_url":"https:\/\/milola.com\/ca\/producto\/pack-chocolate-lovers\/","og_site_name":"MILOLA GLUTEN-FREE","article_publisher":"https:\/\/www.facebook.com\/milolaglutenfree","article_modified_time":"2024-02-21T13:55:16+00:00","og_image":[{"width":1500,"height":1500,"url":"https:\/\/milola.com\/wp-content\/uploads\/2023\/11\/caja-chocolate-lovers-jpg.webp","type":"image\/jpeg"}],"twitter_card":"summary_large_image","twitter_site":"@milolabakery","twitter_misc":{"Temps estimat de lectura":"1 minut"},"schema":{"@context":"https:\/\/schema.org","@graph":[{"@type":"WebPage","@id":"https:\/\/milola.com\/ca\/producto\/pack-chocolate-lovers\/","url":"https:\/\/milola.com\/ca\/producto\/pack-chocolate-lovers\/","name":"Pack \"Chocolate Lovers\" - Galetes de Milola Gluten Free","isPartOf":{"@id":"https:\/\/milola.com\/ca\/#website"},"primaryImageOfPage":{"@id":"https:\/\/milola.com\/ca\/producto\/pack-chocolate-lovers\/#primaryimage"},"image":{"@id":"https:\/\/milola.com\/ca\/producto\/pack-chocolate-lovers\/#primaryimage"},"thumbnailUrl":"https:\/\/milola.com\/wp-content\/uploads\/2023\/11\/caja-chocolate-lovers-jpg.webp","datePublished":"2023-11-23T10:46:01+00:00","dateModified":"2024-02-21T13:55:16+00:00","description":"Aquest pack cont\u00e9 6 unitats de cadascuna de les nostres galetes m\u00e9s xocolateres: Doble Xocolata i Pl\u00e0tan (Vegana), i Avellana i Xips de Xocolata.","breadcrumb":{"@id":"https:\/\/milola.com\/ca\/producto\/pack-chocolate-lovers\/#breadcrumb"},"inLanguage":"ca","potentialAction":[{"@type":"ReadAction","target":["https:\/\/milola.com\/ca\/producto\/pack-chocolate-lovers\/"]}]},{"@type":"ImageObject","inLanguage":"ca","@id":"https:\/\/milola.com\/ca\/producto\/pack-chocolate-lovers\/#primaryimage","url":"https:\/\/milola.com\/wp-content\/uploads\/2023\/11\/caja-chocolate-lovers-jpg.webp","contentUrl":"https:\/\/milola.com\/wp-content\/uploads\/2023\/11\/caja-chocolate-lovers-jpg.webp","width":1500,"height":1500,"caption":"Cajas del pack \"chocolate lovers\" de las galletas de milola gluten-free"},{"@type":"BreadcrumbList","@id":"https:\/\/milola.com\/ca\/producto\/pack-chocolate-lovers\/#breadcrumb","itemListElement":[{"@type":"ListItem","position":1,"name":"Portada","item":"https:\/\/milola.com\/ca\/home\/"},{"@type":"ListItem","position":2,"name":"Productes","item":"https:\/\/milola.com\/ca\/shop\/"},{"@type":"ListItem","position":3,"name":"PACK &#8220;CHOCOLATE LOVERS&#8220;"}]},{"@type":"WebSite","@id":"https:\/\/milola.com\/ca\/#website","url":"https:\/\/milola.com\/ca\/","name":"www.milola.com","description":"Dale una galleta al pasado.","publisher":{"@id":"https:\/\/milola.com\/ca\/#organization"},"potentialAction":[{"@type":"SearchAction","target":{"@type":"EntryPoint","urlTemplate":"https:\/\/milola.com\/ca\/?s={search_term_string}"},"query-input":{"@type":"PropertyValueSpecification","valueRequired":true,"valueName":"search_term_string"}}],"inLanguage":"ca"},{"@type":"Organization","@id":"https:\/\/milola.com\/ca\/#organization","name":"www.milola.com","url":"https:\/\/milola.com\/ca\/","logo":{"@type":"ImageObject","inLanguage":"ca","@id":"https:\/\/milola.com\/ca\/#\/schema\/logo\/image\/","url":"https:\/\/milola.com\/wp-content\/uploads\/2023\/11\/milola-logo-header.png","contentUrl":"https:\/\/milola.com\/wp-content\/uploads\/2023\/11\/milola-logo-header.png","width":501,"height":282,"caption":"www.milola.com"},"image":{"@id":"https:\/\/milola.com\/ca\/#\/schema\/logo\/image\/"},"sameAs":["https:\/\/www.facebook.com\/milolaglutenfree","https:\/\/x.com\/milolabakery","https:\/\/www.instagram.com\/milolaglutenfree\/","https:\/\/www.tiktok.com\/@milolaglutenfree"]}]}},"_links":{"self":[{"href":"https:\/\/milola.com\/ca\/wp-json\/wp\/v2\/product\/4373","targetHints":{"allow":["GET"]}}],"collection":[{"href":"https:\/\/milola.com\/ca\/wp-json\/wp\/v2\/product"}],"about":[{"href":"https:\/\/milola.com\/ca\/wp-json\/wp\/v2\/types\/product"}],"wp:featuredmedia":[{"embeddable":true,"href":"https:\/\/milola.com\/ca\/wp-json\/wp\/v2\/media\/4374"}],"wp:attachment":[{"href":"https:\/\/milola.com\/ca\/wp-json\/wp\/v2\/media?parent=4373"}],"wp:term":[{"taxonomy":"product_brand","embeddable":true,"href":"https:\/\/milola.com\/ca\/wp-json\/wp\/v2\/product_brand?post=4373"},{"taxonomy":"product_cat","embeddable":true,"href":"https:\/\/milola.com\/ca\/wp-json\/wp\/v2\/product_cat?post=4373"},{"taxonomy":"product_tag","embeddable":true,"href":"https:\/\/milola.com\/ca\/wp-json\/wp\/v2\/product_tag?post=4373"}],"curies":[{"name":"wp","href":"https:\/\/api.w.org\/{rel}","templated":true}]}}