{"id":4360,"date":"2023-11-24T08:38:41","date_gmt":"2023-11-24T07:38:41","guid":{"rendered":"https:\/\/milola.com\/producto\/avellanes-xips-de-xocolata\/"},"modified":"2024-02-06T16:15:28","modified_gmt":"2024-02-06T15:15:28","slug":"avellanes-xips-de-xocolata","status":"publish","type":"product","link":"https:\/\/milola.com\/ca\/producto\/avellanes-xips-de-xocolata\/","title":{"rendered":"Avellanes &amp; Xips de Xocolata"},"content":{"rendered":"<p style=\"text-align: left;\">LA CERCA DE LA FELICITAT<\/p>\n<p style=\"text-align: left;\">I si et diem que la galeta perfecta existeix? El<br \/>\nmoment de plaer. L&#8217;explosi\u00f3 de sabor. Retornar-te a<br \/>\nl&#8217;alegria de la inf\u00e0ncia. I fer-ho cuidant-te. Ple de<br \/>\ncoses bones i sense res del dolent. La cerca incondicional<br \/>\nde la felicitat. Perqu\u00e8 les contradiccions s\u00f3n un<br \/>\nmeravell\u00f3s cam\u00ed per a arribar a la perfecci\u00f3.<br \/>\n\u2026\u2026\u2026\u2026\u2026..<br \/>\nAquesta galeta \u00e9s el germen de Milola, el principi de la meva<br \/>\nhist\u00f2ria. Amb ella el repte es va convertir en aventura. Va aconseguir<br \/>\nque les meves intoler\u00e0ncies aliment\u00e0ries i les meves contradiccions<br \/>\nuniversals es donessin la m\u00e0 i es convertissin en<br \/>\nl&#8217;impuls imparable de voler-lo tot. Desafiar les normes<br \/>\nper un principi inapel\u00b7lable: el menjar \u00e9s una celebraci\u00f3.<br \/>\nHa de ser delici\u00f3s, nutritiu i bo per a tots.<\/p>\n<p style=\"text-align: left;\">VOLER-HO TOT<br \/>\nUN \u00a1SI! A<br \/>\nLA FELICITAT<\/p>\n","protected":false},"excerpt":{"rendered":"<p><span style=\"font-weight: 400;\">Pack de 12 galetes individuals de 50 gr. cadascuna d&#8217;Avellana i Xips de Xocolata<\/span><\/p>\n","protected":false},"featured_media":4361,"template":"","meta":{"_acf_changed":false},"product_brand":[],"product_cat":[63],"product_tag":[69],"class_list":{"0":"post-4360","1":"product","2":"type-product","3":"status-publish","4":"has-post-thumbnail","6":"product_cat-12-x-50gr-ca","7":"product_tag-cookie-davellanes-i-xips-de-xocolata","9":"first","10":"instock","11":"taxable","12":"shipping-taxable","13":"purchasable","14":"product-type-simple"},"acf":[],"yoast_head":"<!-- This site is optimized with the Yoast SEO Premium plugin v27.1 (Yoast SEO v27.1.1) - https:\/\/yoast.com\/product\/yoast-seo-premium-wordpress\/ -->\n<title>Galeta d&#039;Avellanes i Xips de Xocolata - Milola Gluten Free<\/title>\n<meta name=\"description\" content=\"I si et diem que la galeta perfecta existeix? El moment de plaer. L&#039;explosi\u00f3 de sabor. Retornar-te a l&#039;alegria de la inf\u00e0ncia. I fer-ho cuidant-te. Amb tot el que \u00e9s bo i sense res del dolent.\" \/>\n<meta name=\"robots\" content=\"index, follow, max-snippet:-1, max-image-preview:large, max-video-preview:-1\" \/>\n<link rel=\"canonical\" href=\"https:\/\/milola.com\/ca\/producto\/avellanes-xips-de-xocolata\/\" \/>\n<meta property=\"og:locale\" content=\"ca_ES\" \/>\n<meta property=\"og:type\" content=\"article\" \/>\n<meta property=\"og:title\" content=\"Avellanes &amp; Xips de Xocolata\" \/>\n<meta property=\"og:description\" content=\"I si et diem que la galeta perfecta existeix? El moment de plaer. L&#039;explosi\u00f3 de sabor. Retornar-te a l&#039;alegria de la inf\u00e0ncia. I fer-ho cuidant-te. Amb tot el que \u00e9s bo i sense res del dolent.\" \/>\n<meta property=\"og:url\" content=\"https:\/\/milola.com\/ca\/producto\/avellanes-xips-de-xocolata\/\" \/>\n<meta property=\"og:site_name\" content=\"MILOLA GLUTEN-FREE\" \/>\n<meta property=\"article:publisher\" content=\"https:\/\/www.facebook.com\/milolaglutenfree\" \/>\n<meta property=\"article:modified_time\" content=\"2024-02-06T15:15:28+00:00\" \/>\n<meta property=\"og:image\" content=\"https:\/\/milola.com\/wp-content\/uploads\/2023\/11\/pack-avellana-jpg.webp\" \/>\n\t<meta property=\"og:image:width\" content=\"1500\" \/>\n\t<meta property=\"og:image:height\" content=\"1500\" \/>\n\t<meta property=\"og:image:type\" content=\"image\/jpeg\" \/>\n<meta name=\"twitter:card\" content=\"summary_large_image\" \/>\n<meta name=\"twitter:site\" content=\"@milolabakery\" \/>\n<meta name=\"twitter:label1\" content=\"Temps estimat de lectura\" \/>\n\t<meta name=\"twitter:data1\" content=\"1 minut\" \/>\n<script type=\"application\/ld+json\" class=\"yoast-schema-graph\">{\"@context\":\"https:\/\/schema.org\",\"@graph\":[{\"@type\":\"WebPage\",\"@id\":\"https:\/\/milola.com\/ca\/producto\/avellanes-xips-de-xocolata\/\",\"url\":\"https:\/\/milola.com\/ca\/producto\/avellanes-xips-de-xocolata\/\",\"name\":\"Galeta d'Avellanes i Xips de Xocolata - Milola Gluten Free\",\"isPartOf\":{\"@id\":\"https:\/\/milola.com\/ca\/#website\"},\"primaryImageOfPage\":{\"@id\":\"https:\/\/milola.com\/ca\/producto\/avellanes-xips-de-xocolata\/#primaryimage\"},\"image\":{\"@id\":\"https:\/\/milola.com\/ca\/producto\/avellanes-xips-de-xocolata\/#primaryimage\"},\"thumbnailUrl\":\"https:\/\/milola.com\/wp-content\/uploads\/2023\/11\/pack-avellana-jpg.webp\",\"datePublished\":\"2023-11-24T07:38:41+00:00\",\"dateModified\":\"2024-02-06T15:15:28+00:00\",\"description\":\"I si et diem que la galeta perfecta existeix? El moment de plaer. L'explosi\u00f3 de sabor. Retornar-te a l'alegria de la inf\u00e0ncia. I fer-ho cuidant-te. Amb tot el que \u00e9s bo i sense res del dolent.\",\"breadcrumb\":{\"@id\":\"https:\/\/milola.com\/ca\/producto\/avellanes-xips-de-xocolata\/#breadcrumb\"},\"inLanguage\":\"ca\",\"potentialAction\":[{\"@type\":\"ReadAction\",\"target\":[\"https:\/\/milola.com\/ca\/producto\/avellanes-xips-de-xocolata\/\"]}]},{\"@type\":\"ImageObject\",\"inLanguage\":\"ca\",\"@id\":\"https:\/\/milola.com\/ca\/producto\/avellanes-xips-de-xocolata\/#primaryimage\",\"url\":\"https:\/\/milola.com\/wp-content\/uploads\/2023\/11\/pack-avellana-jpg.webp\",\"contentUrl\":\"https:\/\/milola.com\/wp-content\/uploads\/2023\/11\/pack-avellana-jpg.webp\",\"width\":1500,\"height\":1500,\"caption\":\"foto de la caja expositora de las galletas individuales de avellanas y chips de chocolate de milola gluten-free para la tienda online\"},{\"@type\":\"BreadcrumbList\",\"@id\":\"https:\/\/milola.com\/ca\/producto\/avellanes-xips-de-xocolata\/#breadcrumb\",\"itemListElement\":[{\"@type\":\"ListItem\",\"position\":1,\"name\":\"Portada\",\"item\":\"https:\/\/milola.com\/ca\/home\/\"},{\"@type\":\"ListItem\",\"position\":2,\"name\":\"Productes\",\"item\":\"https:\/\/milola.com\/ca\/shop\/\"},{\"@type\":\"ListItem\",\"position\":3,\"name\":\"Avellanes &amp; Xips de Xocolata\"}]},{\"@type\":\"WebSite\",\"@id\":\"https:\/\/milola.com\/ca\/#website\",\"url\":\"https:\/\/milola.com\/ca\/\",\"name\":\"www.milola.com\",\"description\":\"Dale una galleta al pasado.\",\"publisher\":{\"@id\":\"https:\/\/milola.com\/ca\/#organization\"},\"potentialAction\":[{\"@type\":\"SearchAction\",\"target\":{\"@type\":\"EntryPoint\",\"urlTemplate\":\"https:\/\/milola.com\/ca\/?s={search_term_string}\"},\"query-input\":{\"@type\":\"PropertyValueSpecification\",\"valueRequired\":true,\"valueName\":\"search_term_string\"}}],\"inLanguage\":\"ca\"},{\"@type\":\"Organization\",\"@id\":\"https:\/\/milola.com\/ca\/#organization\",\"name\":\"www.milola.com\",\"url\":\"https:\/\/milola.com\/ca\/\",\"logo\":{\"@type\":\"ImageObject\",\"inLanguage\":\"ca\",\"@id\":\"https:\/\/milola.com\/ca\/#\/schema\/logo\/image\/\",\"url\":\"https:\/\/milola.com\/wp-content\/uploads\/2023\/11\/milola-logo-header.png\",\"contentUrl\":\"https:\/\/milola.com\/wp-content\/uploads\/2023\/11\/milola-logo-header.png\",\"width\":501,\"height\":282,\"caption\":\"www.milola.com\"},\"image\":{\"@id\":\"https:\/\/milola.com\/ca\/#\/schema\/logo\/image\/\"},\"sameAs\":[\"https:\/\/www.facebook.com\/milolaglutenfree\",\"https:\/\/x.com\/milolabakery\",\"https:\/\/www.instagram.com\/milolaglutenfree\/\",\"https:\/\/www.tiktok.com\/@milolaglutenfree\"]}]}<\/script>\n<!-- \/ Yoast SEO Premium plugin. -->","yoast_head_json":{"title":"Galeta d'Avellanes i Xips de Xocolata - Milola Gluten Free","description":"I si et diem que la galeta perfecta existeix? El moment de plaer. L'explosi\u00f3 de sabor. Retornar-te a l'alegria de la inf\u00e0ncia. I fer-ho cuidant-te. Amb tot el que \u00e9s bo i sense res del dolent.","robots":{"index":"index","follow":"follow","max-snippet":"max-snippet:-1","max-image-preview":"max-image-preview:large","max-video-preview":"max-video-preview:-1"},"canonical":"https:\/\/milola.com\/ca\/producto\/avellanes-xips-de-xocolata\/","og_locale":"ca_ES","og_type":"article","og_title":"Avellanes &amp; Xips de Xocolata","og_description":"I si et diem que la galeta perfecta existeix? El moment de plaer. L'explosi\u00f3 de sabor. Retornar-te a l'alegria de la inf\u00e0ncia. I fer-ho cuidant-te. Amb tot el que \u00e9s bo i sense res del dolent.","og_url":"https:\/\/milola.com\/ca\/producto\/avellanes-xips-de-xocolata\/","og_site_name":"MILOLA GLUTEN-FREE","article_publisher":"https:\/\/www.facebook.com\/milolaglutenfree","article_modified_time":"2024-02-06T15:15:28+00:00","og_image":[{"width":1500,"height":1500,"url":"https:\/\/milola.com\/wp-content\/uploads\/2023\/11\/pack-avellana-jpg.webp","type":"image\/jpeg"}],"twitter_card":"summary_large_image","twitter_site":"@milolabakery","twitter_misc":{"Temps estimat de lectura":"1 minut"},"schema":{"@context":"https:\/\/schema.org","@graph":[{"@type":"WebPage","@id":"https:\/\/milola.com\/ca\/producto\/avellanes-xips-de-xocolata\/","url":"https:\/\/milola.com\/ca\/producto\/avellanes-xips-de-xocolata\/","name":"Galeta d'Avellanes i Xips de Xocolata - Milola Gluten Free","isPartOf":{"@id":"https:\/\/milola.com\/ca\/#website"},"primaryImageOfPage":{"@id":"https:\/\/milola.com\/ca\/producto\/avellanes-xips-de-xocolata\/#primaryimage"},"image":{"@id":"https:\/\/milola.com\/ca\/producto\/avellanes-xips-de-xocolata\/#primaryimage"},"thumbnailUrl":"https:\/\/milola.com\/wp-content\/uploads\/2023\/11\/pack-avellana-jpg.webp","datePublished":"2023-11-24T07:38:41+00:00","dateModified":"2024-02-06T15:15:28+00:00","description":"I si et diem que la galeta perfecta existeix? El moment de plaer. L'explosi\u00f3 de sabor. Retornar-te a l'alegria de la inf\u00e0ncia. I fer-ho cuidant-te. Amb tot el que \u00e9s bo i sense res del dolent.","breadcrumb":{"@id":"https:\/\/milola.com\/ca\/producto\/avellanes-xips-de-xocolata\/#breadcrumb"},"inLanguage":"ca","potentialAction":[{"@type":"ReadAction","target":["https:\/\/milola.com\/ca\/producto\/avellanes-xips-de-xocolata\/"]}]},{"@type":"ImageObject","inLanguage":"ca","@id":"https:\/\/milola.com\/ca\/producto\/avellanes-xips-de-xocolata\/#primaryimage","url":"https:\/\/milola.com\/wp-content\/uploads\/2023\/11\/pack-avellana-jpg.webp","contentUrl":"https:\/\/milola.com\/wp-content\/uploads\/2023\/11\/pack-avellana-jpg.webp","width":1500,"height":1500,"caption":"foto de la caja expositora de las galletas individuales de avellanas y chips de chocolate de milola gluten-free para la tienda online"},{"@type":"BreadcrumbList","@id":"https:\/\/milola.com\/ca\/producto\/avellanes-xips-de-xocolata\/#breadcrumb","itemListElement":[{"@type":"ListItem","position":1,"name":"Portada","item":"https:\/\/milola.com\/ca\/home\/"},{"@type":"ListItem","position":2,"name":"Productes","item":"https:\/\/milola.com\/ca\/shop\/"},{"@type":"ListItem","position":3,"name":"Avellanes &amp; Xips de Xocolata"}]},{"@type":"WebSite","@id":"https:\/\/milola.com\/ca\/#website","url":"https:\/\/milola.com\/ca\/","name":"www.milola.com","description":"Dale una galleta al pasado.","publisher":{"@id":"https:\/\/milola.com\/ca\/#organization"},"potentialAction":[{"@type":"SearchAction","target":{"@type":"EntryPoint","urlTemplate":"https:\/\/milola.com\/ca\/?s={search_term_string}"},"query-input":{"@type":"PropertyValueSpecification","valueRequired":true,"valueName":"search_term_string"}}],"inLanguage":"ca"},{"@type":"Organization","@id":"https:\/\/milola.com\/ca\/#organization","name":"www.milola.com","url":"https:\/\/milola.com\/ca\/","logo":{"@type":"ImageObject","inLanguage":"ca","@id":"https:\/\/milola.com\/ca\/#\/schema\/logo\/image\/","url":"https:\/\/milola.com\/wp-content\/uploads\/2023\/11\/milola-logo-header.png","contentUrl":"https:\/\/milola.com\/wp-content\/uploads\/2023\/11\/milola-logo-header.png","width":501,"height":282,"caption":"www.milola.com"},"image":{"@id":"https:\/\/milola.com\/ca\/#\/schema\/logo\/image\/"},"sameAs":["https:\/\/www.facebook.com\/milolaglutenfree","https:\/\/x.com\/milolabakery","https:\/\/www.instagram.com\/milolaglutenfree\/","https:\/\/www.tiktok.com\/@milolaglutenfree"]}]}},"_links":{"self":[{"href":"https:\/\/milola.com\/ca\/wp-json\/wp\/v2\/product\/4360","targetHints":{"allow":["GET"]}}],"collection":[{"href":"https:\/\/milola.com\/ca\/wp-json\/wp\/v2\/product"}],"about":[{"href":"https:\/\/milola.com\/ca\/wp-json\/wp\/v2\/types\/product"}],"wp:featuredmedia":[{"embeddable":true,"href":"https:\/\/milola.com\/ca\/wp-json\/wp\/v2\/media\/4361"}],"wp:attachment":[{"href":"https:\/\/milola.com\/ca\/wp-json\/wp\/v2\/media?parent=4360"}],"wp:term":[{"taxonomy":"product_brand","embeddable":true,"href":"https:\/\/milola.com\/ca\/wp-json\/wp\/v2\/product_brand?post=4360"},{"taxonomy":"product_cat","embeddable":true,"href":"https:\/\/milola.com\/ca\/wp-json\/wp\/v2\/product_cat?post=4360"},{"taxonomy":"product_tag","embeddable":true,"href":"https:\/\/milola.com\/ca\/wp-json\/wp\/v2\/product_tag?post=4360"}],"curies":[{"name":"wp","href":"https:\/\/api.w.org\/{rel}","templated":true}]}}