{"id":7462,"date":"2024-05-21T08:06:51","date_gmt":"2024-05-21T06:06:51","guid":{"rendered":"https:\/\/milola.com\/blog\/"},"modified":"2025-02-21T12:48:50","modified_gmt":"2025-02-21T11:48:50","slug":"blog","status":"publish","type":"page","link":"https:\/\/milola.com\/ca\/blog\/","title":{"rendered":"Blog"},"content":{"rendered":"\t\t<div data-elementor-type=\"wp-page\" data-elementor-id=\"7462\" class=\"elementor elementor-7462 elementor-6104\" data-elementor-post-type=\"page\">\n\t\t\t\t<div class=\"elementor-element elementor-element-3808a87 e-flex e-con-boxed wpr-particle-no wpr-jarallax-no wpr-parallax-no wpr-sticky-section-no e-con e-parent\" data-id=\"3808a87\" data-element_type=\"container\" data-e-type=\"container\">\n\t\t\t\t\t<div class=\"e-con-inner\">\n\t\t<div class=\"elementor-element elementor-element-b90442a e-flex e-con-boxed wpr-particle-no wpr-jarallax-no wpr-parallax-no wpr-sticky-section-no e-con e-child\" data-id=\"b90442a\" data-element_type=\"container\" data-e-type=\"container\">\n\t\t\t\t\t<div class=\"e-con-inner\">\n\t\t<div class=\"elementor-element elementor-element-72bbefd e-con-full e-flex wpr-particle-no wpr-jarallax-no wpr-parallax-no wpr-sticky-section-no e-con e-child\" data-id=\"72bbefd\" data-element_type=\"container\" data-e-type=\"container\">\n\t\t\t\t<div class=\"elementor-element elementor-element-79d3d8f elementor-widget elementor-widget-spacer\" data-id=\"79d3d8f\" data-element_type=\"widget\" data-e-type=\"widget\" data-widget_type=\"spacer.default\">\n\t\t\t\t<div class=\"elementor-widget-container\">\n\t\t\t\t\t\t\t<div class=\"elementor-spacer\">\n\t\t\t<div class=\"elementor-spacer-inner\"><\/div>\n\t\t<\/div>\n\t\t\t\t\t\t<\/div>\n\t\t\t\t<\/div>\n\t\t\t\t<div class=\"elementor-element elementor-element-4b669b7 elementor-widget elementor-widget-spacer\" data-id=\"4b669b7\" data-element_type=\"widget\" data-e-type=\"widget\" data-widget_type=\"spacer.default\">\n\t\t\t\t<div class=\"elementor-widget-container\">\n\t\t\t\t\t\t\t<div class=\"elementor-spacer\">\n\t\t\t<div class=\"elementor-spacer-inner\"><\/div>\n\t\t<\/div>\n\t\t\t\t\t\t<\/div>\n\t\t\t\t<\/div>\n\t\t\t\t<div class=\"elementor-element elementor-element-87491a6 elementor-widget elementor-widget-spacer\" data-id=\"87491a6\" data-element_type=\"widget\" data-e-type=\"widget\" data-widget_type=\"spacer.default\">\n\t\t\t\t<div class=\"elementor-widget-container\">\n\t\t\t\t\t\t\t<div class=\"elementor-spacer\">\n\t\t\t<div class=\"elementor-spacer-inner\"><\/div>\n\t\t<\/div>\n\t\t\t\t\t\t<\/div>\n\t\t\t\t<\/div>\n\t\t\t\t<div class=\"elementor-element elementor-element-05e1e01 elementor-widget elementor-widget-heading\" data-id=\"05e1e01\" data-element_type=\"widget\" data-e-type=\"widget\" data-widget_type=\"heading.default\">\n\t\t\t\t<div class=\"elementor-widget-container\">\n\t\t\t\t\t<h2 class=\"elementor-heading-title elementor-size-default\">El Blog de Milola<\/h2>\t\t\t\t<\/div>\n\t\t\t\t<\/div>\n\t\t\t\t<div class=\"elementor-element elementor-element-9d4caee elementor-widget__width-initial elementor-widget-tablet__width-inherit elementor-widget elementor-widget-image\" data-id=\"9d4caee\" data-element_type=\"widget\" data-e-type=\"widget\" data-widget_type=\"image.default\">\n\t\t\t\t<div class=\"elementor-widget-container\">\n\t\t\t\t\t\t\t\t\t\t\t\t\t\t\t<img fetchpriority=\"high\" decoding=\"async\" width=\"1024\" height=\"1024\" src=\"https:\/\/milola.com\/wp-content\/uploads\/2024\/09\/ilustracion-arroz-integral-3.png\" class=\"attachment-full size-full wp-image-7187\" alt=\"\" srcset=\"https:\/\/milola.com\/wp-content\/uploads\/2024\/09\/ilustracion-arroz-integral-3.png 1024w, https:\/\/milola.com\/wp-content\/uploads\/2024\/09\/ilustracion-arroz-integral-3-300x300.png 300w, https:\/\/milola.com\/wp-content\/uploads\/2024\/09\/ilustracion-arroz-integral-3-150x150.png 150w, https:\/\/milola.com\/wp-content\/uploads\/2024\/09\/ilustracion-arroz-integral-3-768x768.png 768w, https:\/\/milola.com\/wp-content\/uploads\/2024\/09\/ilustracion-arroz-integral-3-600x600.png 600w, https:\/\/milola.com\/wp-content\/uploads\/2024\/09\/ilustracion-arroz-integral-3-100x100.png 100w\" sizes=\"(max-width: 1024px) 100vw, 1024px\" \/>\t\t\t\t\t\t\t\t\t\t\t\t\t\t\t<\/div>\n\t\t\t\t<\/div>\n\t\t\t\t<\/div>\n\t\t<div class=\"elementor-element elementor-element-55d6081 e-con-full e-flex wpr-particle-no wpr-jarallax-no wpr-parallax-no wpr-sticky-section-no e-con e-child\" data-id=\"55d6081\" data-element_type=\"container\" data-e-type=\"container\">\n\t\t<div class=\"elementor-element elementor-element-dc3a91a e-con-full e-flex wpr-particle-no wpr-jarallax-no wpr-parallax-no wpr-sticky-section-no e-con e-child\" data-id=\"dc3a91a\" data-element_type=\"container\" data-e-type=\"container\" data-settings=\"{&quot;background_background&quot;:&quot;classic&quot;}\">\n\t\t\t\t<div class=\"elementor-element elementor-element-c82599d elementor-widget elementor-widget-text-editor\" data-id=\"c82599d\" data-element_type=\"widget\" data-e-type=\"widget\" data-widget_type=\"text-editor.default\">\n\t\t\t\t<div class=\"elementor-widget-container\">\n\t\t\t\t\t\t\t\t\t<p>\u00daLTIMA ENTRADA<\/p>\n\t\t\t\t\t\t\t\t<\/div>\n\t\t\t\t<\/div>\n\t\t\t\t<div class=\"elementor-element elementor-element-f812fa7 elementor-grid-1 elementor-grid-tablet-1 elementor-grid-mobile-1 elementor-widget elementor-widget-loop-grid\" data-id=\"f812fa7\" data-element_type=\"widget\" data-e-type=\"widget\" data-settings=\"{&quot;template_id&quot;:6477,&quot;columns&quot;:1,&quot;columns_tablet&quot;:1,&quot;_skin&quot;:&quot;post&quot;,&quot;columns_mobile&quot;:&quot;1&quot;,&quot;edit_handle_selector&quot;:&quot;[data-elementor-type=\\&quot;loop-item\\&quot;]&quot;,&quot;row_gap&quot;:{&quot;unit&quot;:&quot;px&quot;,&quot;size&quot;:&quot;&quot;,&quot;sizes&quot;:[]},&quot;row_gap_tablet&quot;:{&quot;unit&quot;:&quot;px&quot;,&quot;size&quot;:&quot;&quot;,&quot;sizes&quot;:[]},&quot;row_gap_mobile&quot;:{&quot;unit&quot;:&quot;px&quot;,&quot;size&quot;:&quot;&quot;,&quot;sizes&quot;:[]}}\" data-widget_type=\"loop-grid.post\">\n\t\t\t\t<div class=\"elementor-widget-container\">\n\t\t\t\t\t\t\t<div class=\"e-loop-nothing-found-message\">\n\t\t<\/div>\n\t\t\t\t\t\t<\/div>\n\t\t\t\t<\/div>\n\t\t\t\t<\/div>\n\t\t\t\t<\/div>\n\t\t\t\t\t<\/div>\n\t\t\t\t<\/div>\n\t\t\t\t\t<\/div>\n\t\t\t\t<\/div>\n\t\t<div class=\"elementor-element elementor-element-92c4c23 e-flex e-con-boxed wpr-particle-no wpr-jarallax-no wpr-parallax-no wpr-sticky-section-no e-con e-parent\" data-id=\"92c4c23\" data-element_type=\"container\" data-e-type=\"container\" data-settings=\"{&quot;background_background&quot;:&quot;classic&quot;}\">\n\t\t\t\t\t<div class=\"e-con-inner\">\n\t\t\t\t<div class=\"elementor-element elementor-element-e88beae elementor-widget elementor-widget-spacer\" data-id=\"e88beae\" data-element_type=\"widget\" data-e-type=\"widget\" data-widget_type=\"spacer.default\">\n\t\t\t\t<div class=\"elementor-widget-container\">\n\t\t\t\t\t\t\t<div class=\"elementor-spacer\">\n\t\t\t<div class=\"elementor-spacer-inner\"><\/div>\n\t\t<\/div>\n\t\t\t\t\t\t<\/div>\n\t\t\t\t<\/div>\n\t\t\t\t<div class=\"elementor-element elementor-element-de3d960 elementor-widget elementor-widget-heading\" data-id=\"de3d960\" data-element_type=\"widget\" data-e-type=\"widget\" data-widget_type=\"heading.default\">\n\t\t\t\t<div class=\"elementor-widget-container\">\n\t\t\t\t\t<h2 class=\"elementor-heading-title elementor-size-default\">Fes un cop d'ull<\/h2>\t\t\t\t<\/div>\n\t\t\t\t<\/div>\n\t\t\t\t<div class=\"elementor-element elementor-element-f0eccd8 elementor-widget elementor-widget-spacer\" data-id=\"f0eccd8\" data-element_type=\"widget\" data-e-type=\"widget\" data-widget_type=\"spacer.default\">\n\t\t\t\t<div class=\"elementor-widget-container\">\n\t\t\t\t\t\t\t<div class=\"elementor-spacer\">\n\t\t\t<div class=\"elementor-spacer-inner\"><\/div>\n\t\t<\/div>\n\t\t\t\t\t\t<\/div>\n\t\t\t\t<\/div>\n\t\t\t\t<div class=\"elementor-element elementor-element-b606ca0 wpr-search-form-style-inner wpr-ajax-search-pagination-center wpr-search-form-position-right elementor-widget elementor-widget-wpr-search\" data-id=\"b606ca0\" data-element_type=\"widget\" data-e-type=\"widget\" data-widget_type=\"wpr-search.default\">\n\t\t\t\t<div class=\"elementor-widget-container\">\n\t\t\t\t\t\r\n\t\t<form role=\"search\" method=\"get\" class=\"wpr-search-form\" action=\"https:\/\/milola.com\/ca\/\">\r\n\t\t\t\t\t\t\t<input type=\"hidden\" name=\"post_type\" value=\"post\" \/>\r\n\t\t\t\r\n\t\t\t<div class=\"wpr-search-form-input-wrap elementor-clearfix\">\r\n\t\t\t\t\t\t\t\t<input class=\"wpr-search-form-input\" placeholder=\"Search...\" aria-label=\"Search\" type=\"search\" name=\"s\" title=\"Search\" value=\"\" wpr-query-type=\"post\" wpr-taxonomy-type=\"\" number-of-results=\"10\" ajax-search=\"yes\" meta-query=\"\" show-description=\"yes\" number-of-words=\"30\" show-ajax-thumbnails=\"\" show-view-result-btn=\"\" show-product-price=\"no\" view-result-text=\"Veure resultats\" no-results=\"No Results Found\" exclude-without-thumb=\"\" link-target=\"_self\" password-protected=\"no\" attachments=\"no\">\r\n\t\t\t\t\n\t\t<button class=\"wpr-search-form-submit\" aria-label=\"Search\" type=\"submit\">\n\t\t\t\t\t\t\t<i class=\"fas fa-search\"><\/i>\n\t\t\t\t\t<\/button>\n\n\t\t\t\t\t<\/div>\r\n\r\n\t\t\t\t\t\t\r\n\t\t<\/form>\r\n\t\t<div class=\"wpr-data-fetch\">\r\n        \t<span class=\"wpr-close-search\"><\/span>\r\n\t\t\t<ul><\/ul>\r\n\t\t\t<div class=\"wpr-ajax-search-pagination elementor-clearfix wpr-ajax-search-pagination-load-more\"><button class=\"wpr-load-more-results\">Carrega m\u00e9s<\/button><div class=\"wpr-pagination-loading\"><div class=\"wpr-double-bounce\"><div class=\"wpr-child wpr-double-bounce1\"><\/div><div class=\"wpr-child wpr-double-bounce2\"><\/div><\/div><\/div><p class=\"wpr-no-more-results\">End of Content.<\/p><\/div>\t\t<\/div>\r\n\r\n\t\t\t\t\t\t<\/div>\n\t\t\t\t<\/div>\n\t\t\t\t<div class=\"elementor-element elementor-element-49c5f39 elementor-widget elementor-widget-spacer\" data-id=\"49c5f39\" data-element_type=\"widget\" data-e-type=\"widget\" data-widget_type=\"spacer.default\">\n\t\t\t\t<div class=\"elementor-widget-container\">\n\t\t\t\t\t\t\t<div class=\"elementor-spacer\">\n\t\t\t<div class=\"elementor-spacer-inner\"><\/div>\n\t\t<\/div>\n\t\t\t\t\t\t<\/div>\n\t\t\t\t<\/div>\n\t\t\t\t<div class=\"elementor-element elementor-element-5fd3e16 wpr-grid-columns-3 wpr-grid-columns--tablet2 wpr-grid-columns--mobile1 wpr-grid-pagination-center wpr-item-styles-inner elementor-widget elementor-widget-wpr-grid\" data-id=\"5fd3e16\" data-element_type=\"widget\" data-e-type=\"widget\" data-widget_type=\"wpr-grid.default\">\n\t\t\t\t<div class=\"elementor-widget-container\">\n\t\t\t\t\t<h2>No Posts Found!<\/h2>\t\t\t\t<\/div>\n\t\t\t\t<\/div>\n\t\t\t\t\t<\/div>\n\t\t\t\t<\/div>\n\t\t\t\t<\/div>\n\t\t","protected":false},"excerpt":{"rendered":"<p>El Blog de Milola \u00daLTIMA ENTRADA Fes un cop d&#8217;ull Carrega m\u00e9s End of Content. Totes les categories Informaci\u00f3n Recetas 25 de septiembre de 2024 Arroz Integral: Un Cereal Sin Gluten para una Vida Saludable 24 de septiembre de 2024 \u00bfC\u00f3mo surgi\u00f3 la idea de fundar Milola? 17 de septiembre de 2024 El Mijo: Un Cereal Ancestral con Grandes Beneficios para la Salud 19 de junio de 2024 Receta de Coca de Sant Joan con Crema de Mascarpone y Compota de Ruibarbo 30 de mayo de 2024 Receta de Compota de Ruibarbo y Flor de Hibisco 16 de mayo de 2024 Barritas veganas de Doble Chocolate y Frambuesa. 14 de mayo de 2024 Receta de Mousse de Chocolate Vegano 11 de mayo de 2024 Sensibilidad al Gluten No Cel\u00edaca 9 de mayo de 2024 Tartaleta vegana de ar\u00e1ndanos y chocolate Carrega m\u00e9s End of Content.<\/p>\n","protected":false},"author":1,"featured_media":7175,"parent":0,"menu_order":0,"comment_status":"closed","ping_status":"closed","template":"","meta":{"_acf_changed":false,"footnotes":""},"class_list":["post-7462","page","type-page","status-publish","has-post-thumbnail","hentry"],"acf":[],"yoast_head":"<!-- This site is optimized with the Yoast SEO Premium plugin v27.1 (Yoast SEO v27.1.1) - https:\/\/yoast.com\/product\/yoast-seo-premium-wordpress\/ -->\n<title>Blog - MILOLA GLUTEN-FREE<\/title>\n<meta name=\"robots\" content=\"index, follow, max-snippet:-1, max-image-preview:large, max-video-preview:-1\" \/>\n<link rel=\"canonical\" href=\"https:\/\/milola.com\/ca\/blog\/\" \/>\n<meta property=\"og:locale\" content=\"ca_ES\" \/>\n<meta property=\"og:type\" content=\"article\" \/>\n<meta property=\"og:title\" content=\"Blog\" \/>\n<meta property=\"og:description\" content=\"El Blog de Milola \u00daLTIMA ENTRADA Fes un cop d&#8217;ull Carrega m\u00e9s End of Content. Totes les categories Informaci\u00f3n Recetas 25 de septiembre de 2024 Arroz Integral: Un Cereal Sin Gluten para una Vida Saludable 24 de septiembre de 2024 \u00bfC\u00f3mo surgi\u00f3 la idea de fundar Milola? 17 de septiembre de 2024 El Mijo: Un Cereal Ancestral con Grandes Beneficios para la Salud 19 de junio de 2024 Receta de Coca de Sant Joan con Crema de Mascarpone y Compota de Ruibarbo 30 de mayo de 2024 Receta de Compota de Ruibarbo y Flor de Hibisco 16 de mayo de 2024 Barritas veganas de Doble Chocolate y Frambuesa. 14 de mayo de 2024 Receta de Mousse de Chocolate Vegano 11 de mayo de 2024 Sensibilidad al Gluten No Cel\u00edaca 9 de mayo de 2024 Tartaleta vegana de ar\u00e1ndanos y chocolate Carrega m\u00e9s End of Content.\" \/>\n<meta property=\"og:url\" content=\"https:\/\/milola.com\/ca\/blog\/\" \/>\n<meta property=\"og:site_name\" content=\"MILOLA GLUTEN-FREE\" \/>\n<meta property=\"article:publisher\" content=\"https:\/\/www.facebook.com\/milolaglutenfree\" \/>\n<meta property=\"article:modified_time\" content=\"2025-02-21T11:48:50+00:00\" \/>\n<meta property=\"og:image\" content=\"https:\/\/milola.com\/wp-content\/uploads\/2024\/09\/bol-de-arroz-integral-2.png\" \/>\n\t<meta property=\"og:image:width\" content=\"1344\" \/>\n\t<meta property=\"og:image:height\" content=\"896\" \/>\n\t<meta property=\"og:image:type\" content=\"image\/png\" \/>\n<meta name=\"twitter:card\" content=\"summary_large_image\" \/>\n<meta name=\"twitter:site\" content=\"@milolabakery\" \/>\n<meta name=\"twitter:label1\" content=\"Temps estimat de lectura\" \/>\n\t<meta name=\"twitter:data1\" content=\"1 minut\" \/>\n<script type=\"application\/ld+json\" class=\"yoast-schema-graph\">{\"@context\":\"https:\/\/schema.org\",\"@graph\":[{\"@type\":\"WebPage\",\"@id\":\"https:\/\/milola.com\/ca\/blog\/\",\"url\":\"https:\/\/milola.com\/ca\/blog\/\",\"name\":\"Blog - MILOLA GLUTEN-FREE\",\"isPartOf\":{\"@id\":\"https:\/\/milola.com\/ca\/#website\"},\"primaryImageOfPage\":{\"@id\":\"https:\/\/milola.com\/ca\/blog\/#primaryimage\"},\"image\":{\"@id\":\"https:\/\/milola.com\/ca\/blog\/#primaryimage\"},\"thumbnailUrl\":\"https:\/\/milola.com\/wp-content\/uploads\/2024\/09\/bol-de-arroz-integral-2.png\",\"datePublished\":\"2024-05-21T06:06:51+00:00\",\"dateModified\":\"2025-02-21T11:48:50+00:00\",\"breadcrumb\":{\"@id\":\"https:\/\/milola.com\/ca\/blog\/#breadcrumb\"},\"inLanguage\":\"ca\",\"potentialAction\":[{\"@type\":\"ReadAction\",\"target\":[\"https:\/\/milola.com\/ca\/blog\/\"]}]},{\"@type\":\"ImageObject\",\"inLanguage\":\"ca\",\"@id\":\"https:\/\/milola.com\/ca\/blog\/#primaryimage\",\"url\":\"https:\/\/milola.com\/wp-content\/uploads\/2024\/09\/bol-de-arroz-integral-2.png\",\"contentUrl\":\"https:\/\/milola.com\/wp-content\/uploads\/2024\/09\/bol-de-arroz-integral-2.png\",\"width\":1344,\"height\":896},{\"@type\":\"BreadcrumbList\",\"@id\":\"https:\/\/milola.com\/ca\/blog\/#breadcrumb\",\"itemListElement\":[{\"@type\":\"ListItem\",\"position\":1,\"name\":\"Portada\",\"item\":\"https:\/\/milola.com\/ca\/home\/\"},{\"@type\":\"ListItem\",\"position\":2,\"name\":\"Blog\"}]},{\"@type\":\"WebSite\",\"@id\":\"https:\/\/milola.com\/ca\/#website\",\"url\":\"https:\/\/milola.com\/ca\/\",\"name\":\"www.milola.com\",\"description\":\"Dale una galleta al pasado.\",\"publisher\":{\"@id\":\"https:\/\/milola.com\/ca\/#organization\"},\"potentialAction\":[{\"@type\":\"SearchAction\",\"target\":{\"@type\":\"EntryPoint\",\"urlTemplate\":\"https:\/\/milola.com\/ca\/?s={search_term_string}\"},\"query-input\":{\"@type\":\"PropertyValueSpecification\",\"valueRequired\":true,\"valueName\":\"search_term_string\"}}],\"inLanguage\":\"ca\"},{\"@type\":\"Organization\",\"@id\":\"https:\/\/milola.com\/ca\/#organization\",\"name\":\"www.milola.com\",\"url\":\"https:\/\/milola.com\/ca\/\",\"logo\":{\"@type\":\"ImageObject\",\"inLanguage\":\"ca\",\"@id\":\"https:\/\/milola.com\/ca\/#\/schema\/logo\/image\/\",\"url\":\"https:\/\/milola.com\/wp-content\/uploads\/2023\/11\/milola-logo-header.png\",\"contentUrl\":\"https:\/\/milola.com\/wp-content\/uploads\/2023\/11\/milola-logo-header.png\",\"width\":501,\"height\":282,\"caption\":\"www.milola.com\"},\"image\":{\"@id\":\"https:\/\/milola.com\/ca\/#\/schema\/logo\/image\/\"},\"sameAs\":[\"https:\/\/www.facebook.com\/milolaglutenfree\",\"https:\/\/x.com\/milolabakery\",\"https:\/\/www.instagram.com\/milolaglutenfree\/\",\"https:\/\/www.tiktok.com\/@milolaglutenfree\"]}]}<\/script>\n<!-- \/ Yoast SEO Premium plugin. -->","yoast_head_json":{"title":"Blog - MILOLA GLUTEN-FREE","robots":{"index":"index","follow":"follow","max-snippet":"max-snippet:-1","max-image-preview":"max-image-preview:large","max-video-preview":"max-video-preview:-1"},"canonical":"https:\/\/milola.com\/ca\/blog\/","og_locale":"ca_ES","og_type":"article","og_title":"Blog","og_description":"El Blog de Milola \u00daLTIMA ENTRADA Fes un cop d&#8217;ull Carrega m\u00e9s End of Content. Totes les categories Informaci\u00f3n Recetas 25 de septiembre de 2024 Arroz Integral: Un Cereal Sin Gluten para una Vida Saludable 24 de septiembre de 2024 \u00bfC\u00f3mo surgi\u00f3 la idea de fundar Milola? 17 de septiembre de 2024 El Mijo: Un Cereal Ancestral con Grandes Beneficios para la Salud 19 de junio de 2024 Receta de Coca de Sant Joan con Crema de Mascarpone y Compota de Ruibarbo 30 de mayo de 2024 Receta de Compota de Ruibarbo y Flor de Hibisco 16 de mayo de 2024 Barritas veganas de Doble Chocolate y Frambuesa. 14 de mayo de 2024 Receta de Mousse de Chocolate Vegano 11 de mayo de 2024 Sensibilidad al Gluten No Cel\u00edaca 9 de mayo de 2024 Tartaleta vegana de ar\u00e1ndanos y chocolate Carrega m\u00e9s End of Content.","og_url":"https:\/\/milola.com\/ca\/blog\/","og_site_name":"MILOLA GLUTEN-FREE","article_publisher":"https:\/\/www.facebook.com\/milolaglutenfree","article_modified_time":"2025-02-21T11:48:50+00:00","og_image":[{"width":1344,"height":896,"url":"https:\/\/milola.com\/wp-content\/uploads\/2024\/09\/bol-de-arroz-integral-2.png","type":"image\/png"}],"twitter_card":"summary_large_image","twitter_site":"@milolabakery","twitter_misc":{"Temps estimat de lectura":"1 minut"},"schema":{"@context":"https:\/\/schema.org","@graph":[{"@type":"WebPage","@id":"https:\/\/milola.com\/ca\/blog\/","url":"https:\/\/milola.com\/ca\/blog\/","name":"Blog - MILOLA GLUTEN-FREE","isPartOf":{"@id":"https:\/\/milola.com\/ca\/#website"},"primaryImageOfPage":{"@id":"https:\/\/milola.com\/ca\/blog\/#primaryimage"},"image":{"@id":"https:\/\/milola.com\/ca\/blog\/#primaryimage"},"thumbnailUrl":"https:\/\/milola.com\/wp-content\/uploads\/2024\/09\/bol-de-arroz-integral-2.png","datePublished":"2024-05-21T06:06:51+00:00","dateModified":"2025-02-21T11:48:50+00:00","breadcrumb":{"@id":"https:\/\/milola.com\/ca\/blog\/#breadcrumb"},"inLanguage":"ca","potentialAction":[{"@type":"ReadAction","target":["https:\/\/milola.com\/ca\/blog\/"]}]},{"@type":"ImageObject","inLanguage":"ca","@id":"https:\/\/milola.com\/ca\/blog\/#primaryimage","url":"https:\/\/milola.com\/wp-content\/uploads\/2024\/09\/bol-de-arroz-integral-2.png","contentUrl":"https:\/\/milola.com\/wp-content\/uploads\/2024\/09\/bol-de-arroz-integral-2.png","width":1344,"height":896},{"@type":"BreadcrumbList","@id":"https:\/\/milola.com\/ca\/blog\/#breadcrumb","itemListElement":[{"@type":"ListItem","position":1,"name":"Portada","item":"https:\/\/milola.com\/ca\/home\/"},{"@type":"ListItem","position":2,"name":"Blog"}]},{"@type":"WebSite","@id":"https:\/\/milola.com\/ca\/#website","url":"https:\/\/milola.com\/ca\/","name":"www.milola.com","description":"Dale una galleta al pasado.","publisher":{"@id":"https:\/\/milola.com\/ca\/#organization"},"potentialAction":[{"@type":"SearchAction","target":{"@type":"EntryPoint","urlTemplate":"https:\/\/milola.com\/ca\/?s={search_term_string}"},"query-input":{"@type":"PropertyValueSpecification","valueRequired":true,"valueName":"search_term_string"}}],"inLanguage":"ca"},{"@type":"Organization","@id":"https:\/\/milola.com\/ca\/#organization","name":"www.milola.com","url":"https:\/\/milola.com\/ca\/","logo":{"@type":"ImageObject","inLanguage":"ca","@id":"https:\/\/milola.com\/ca\/#\/schema\/logo\/image\/","url":"https:\/\/milola.com\/wp-content\/uploads\/2023\/11\/milola-logo-header.png","contentUrl":"https:\/\/milola.com\/wp-content\/uploads\/2023\/11\/milola-logo-header.png","width":501,"height":282,"caption":"www.milola.com"},"image":{"@id":"https:\/\/milola.com\/ca\/#\/schema\/logo\/image\/"},"sameAs":["https:\/\/www.facebook.com\/milolaglutenfree","https:\/\/x.com\/milolabakery","https:\/\/www.instagram.com\/milolaglutenfree\/","https:\/\/www.tiktok.com\/@milolaglutenfree"]}]}},"_links":{"self":[{"href":"https:\/\/milola.com\/ca\/wp-json\/wp\/v2\/pages\/7462","targetHints":{"allow":["GET"]}}],"collection":[{"href":"https:\/\/milola.com\/ca\/wp-json\/wp\/v2\/pages"}],"about":[{"href":"https:\/\/milola.com\/ca\/wp-json\/wp\/v2\/types\/page"}],"author":[{"embeddable":true,"href":"https:\/\/milola.com\/ca\/wp-json\/wp\/v2\/users\/1"}],"replies":[{"embeddable":true,"href":"https:\/\/milola.com\/ca\/wp-json\/wp\/v2\/comments?post=7462"}],"version-history":[{"count":1,"href":"https:\/\/milola.com\/ca\/wp-json\/wp\/v2\/pages\/7462\/revisions"}],"predecessor-version":[{"id":7463,"href":"https:\/\/milola.com\/ca\/wp-json\/wp\/v2\/pages\/7462\/revisions\/7463"}],"wp:featuredmedia":[{"embeddable":true,"href":"https:\/\/milola.com\/ca\/wp-json\/wp\/v2\/media\/7175"}],"wp:attachment":[{"href":"https:\/\/milola.com\/ca\/wp-json\/wp\/v2\/media?parent=7462"}],"curies":[{"name":"wp","href":"https:\/\/api.w.org\/{rel}","templated":true}]}}