{"id":3969,"date":"2023-11-16T10:44:18","date_gmt":"2023-11-16T09:44:18","guid":{"rendered":"https:\/\/milola.com\/llimona-i-xia\/"},"modified":"2024-02-21T14:10:34","modified_gmt":"2024-02-21T13:10:34","slug":"llimona-i-xia","status":"publish","type":"page","link":"https:\/\/milola.com\/ca\/llimona-i-xia\/","title":{"rendered":"Llimona i Xia"},"content":{"rendered":"\t\t<div data-elementor-type=\"wp-page\" data-elementor-id=\"3969\" class=\"elementor elementor-3969 elementor-2234\" data-elementor-post-type=\"page\">\n\t\t\t\t<div class=\"elementor-element elementor-element-430f784 e-con-full e-flex wpr-particle-no wpr-jarallax-no wpr-parallax-no wpr-sticky-section-no e-con e-parent\" data-id=\"430f784\" data-element_type=\"container\" data-e-type=\"container\">\n\t\t\t\t<div class=\"elementor-element elementor-element-17d45e8 elementor-widget elementor-widget-image\" data-id=\"17d45e8\" data-element_type=\"widget\" data-e-type=\"widget\" data-widget_type=\"image.default\">\n\t\t\t\t<div class=\"elementor-widget-container\">\n\t\t\t\t\t\t\t\t\t\t\t\t\t\t\t<img fetchpriority=\"high\" decoding=\"async\" width=\"1900\" height=\"683\" src=\"https:\/\/milola.com\/wp-content\/uploads\/2023\/11\/limon_header-jpg.webp\" class=\"attachment-full size-full wp-image-3970\" alt=\"foto-apaisada-galleta-de-limon-y-chia-sobre-silla-milola-gluten-free\" srcset=\"https:\/\/milola.com\/wp-content\/uploads\/2023\/11\/limon_header-jpg.webp 1900w, https:\/\/milola.com\/wp-content\/uploads\/2023\/11\/limon_header-jpg-1200x431.webp 1200w, https:\/\/milola.com\/wp-content\/uploads\/2023\/11\/limon_header-300x108.webp 300w, https:\/\/milola.com\/wp-content\/uploads\/2023\/11\/limon_header-1024x368.webp 1024w, https:\/\/milola.com\/wp-content\/uploads\/2023\/11\/limon_header-768x276.webp 768w, https:\/\/milola.com\/wp-content\/uploads\/2023\/11\/limon_header-1536x552.webp 1536w\" sizes=\"(max-width: 1900px) 100vw, 1900px\" \/>\t\t\t\t\t\t\t\t\t\t\t\t\t\t\t<\/div>\n\t\t\t\t<\/div>\n\t\t\t\t<\/div>\n\t\t<div class=\"elementor-element elementor-element-911e978 e-flex e-con-boxed wpr-particle-no wpr-jarallax-no wpr-parallax-no wpr-sticky-section-no e-con e-parent\" data-id=\"911e978\" data-element_type=\"container\" data-e-type=\"container\">\n\t\t\t\t\t<div class=\"e-con-inner\">\n\t\t<div class=\"elementor-element elementor-element-a5a4287 e-con-full e-flex wpr-particle-no wpr-jarallax-no wpr-parallax-no wpr-sticky-section-no e-con e-child\" data-id=\"a5a4287\" data-element_type=\"container\" data-e-type=\"container\">\n\t\t<div class=\"elementor-element elementor-element-4734018 e-flex e-con-boxed wpr-particle-no wpr-jarallax-no wpr-parallax-no wpr-sticky-section-no e-con e-child\" data-id=\"4734018\" data-element_type=\"container\" data-e-type=\"container\">\n\t\t\t\t\t<div class=\"e-con-inner\">\n\t\t\t\t<div class=\"elementor-element elementor-element-e1a30ac elementor-widget__width-initial elementor-widget elementor-widget-text-editor\" data-id=\"e1a30ac\" data-element_type=\"widget\" data-e-type=\"widget\" data-widget_type=\"text-editor.default\">\n\t\t\t\t<div class=\"elementor-widget-container\">\n\t\t\t\t\t\t\t\t\t<p>Cookie de<br \/>Llimona i Xia<\/p>\n\t\t\t\t\t\t\t\t<\/div>\n\t\t\t\t<\/div>\n\t\t\t\t\t<\/div>\n\t\t\t\t<\/div>\n\t\t<div class=\"elementor-element elementor-element-a3705e3 e-flex e-con-boxed wpr-particle-no wpr-jarallax-no wpr-parallax-no wpr-sticky-section-no e-con e-child\" data-id=\"a3705e3\" data-element_type=\"container\" data-e-type=\"container\">\n\t\t\t\t\t<div class=\"e-con-inner\">\n\t\t\t\t<div class=\"elementor-element elementor-element-0e50383 elementor-widget elementor-widget-image\" data-id=\"0e50383\" data-element_type=\"widget\" data-e-type=\"widget\" data-widget_type=\"image.default\">\n\t\t\t\t<div class=\"elementor-widget-container\">\n\t\t\t\t\t\t\t\t\t\t\t\t\t\t\t<img decoding=\"async\" width=\"606\" height=\"783\" src=\"https:\/\/milola.com\/wp-content\/uploads\/2023\/11\/limon-min.png\" class=\"attachment-full size-full wp-image-3971\" alt=\"frontal-caja-galleta-zanahoria-especiada-milola-gluten-free\" srcset=\"https:\/\/milola.com\/wp-content\/uploads\/2023\/11\/limon-min.png 606w, https:\/\/milola.com\/wp-content\/uploads\/2023\/11\/limon-min-232x300.png 232w, https:\/\/milola.com\/wp-content\/uploads\/2023\/11\/limon-min-600x775.png 600w\" sizes=\"(max-width: 606px) 100vw, 606px\" \/>\t\t\t\t\t\t\t\t\t\t\t\t\t\t\t<\/div>\n\t\t\t\t<\/div>\n\t\t\t\t\t<\/div>\n\t\t\t\t<\/div>\n\t\t\t\t<\/div>\n\t\t<div class=\"elementor-element elementor-element-7f81092 e-con-full e-flex wpr-particle-no wpr-jarallax-no wpr-parallax-no wpr-sticky-section-no e-con e-child\" data-id=\"7f81092\" data-element_type=\"container\" data-e-type=\"container\">\n\t\t\t\t<div class=\"elementor-element elementor-element-55a0d0c elementor-widget elementor-widget-image\" data-id=\"55a0d0c\" data-element_type=\"widget\" data-e-type=\"widget\" data-widget_type=\"image.default\">\n\t\t\t\t<div class=\"elementor-widget-container\">\n\t\t\t\t\t\t\t\t\t\t\t\t\t\t\t<img decoding=\"async\" width=\"155\" height=\"89\" src=\"https:\/\/milola.com\/wp-content\/uploads\/2023\/10\/limon_frame.png\" class=\"attachment-large size-large wp-image-2571\" alt=\"motivo-dise\u00f1o-gr\u00e1fico-galleta-limon-y-chia-milola-gluten-free\" \/>\t\t\t\t\t\t\t\t\t\t\t\t\t\t\t<\/div>\n\t\t\t\t<\/div>\n\t\t\t\t<div class=\"elementor-element elementor-element-c71c003 elementor-widget elementor-widget-text-editor\" data-id=\"c71c003\" data-element_type=\"widget\" data-e-type=\"widget\" data-widget_type=\"text-editor.default\">\n\t\t\t\t<div class=\"elementor-widget-container\">\n\t\t\t\t\t\t\t\t\t<p>Plaer sense remordiments? Ho tens a les teves<br \/>mans.. Petites explosions de xia i notes<br \/>c\u00edtriques s&#8217;entrellacen per a fer brillar la resta<br \/>d&#8217;ingredients. Aquesta textura cremosa de la qual<br \/>estan fets els somnis de galeta, aconseguida com<br \/>per art de m\u00e0gia sense l\u00e0ctics, oli de palma<br \/>o greixos hidrogenats. Sabor que et cuida.<\/p>\n\t\t\t\t\t\t\t\t<\/div>\n\t\t\t\t<\/div>\n\t\t\t\t<div class=\"elementor-element elementor-element-ef78394 elementor-widget-divider--view-line elementor-widget elementor-widget-divider\" data-id=\"ef78394\" data-element_type=\"widget\" data-e-type=\"widget\" data-widget_type=\"divider.default\">\n\t\t\t\t<div class=\"elementor-widget-container\">\n\t\t\t\t\t\t\t<div class=\"elementor-divider\">\n\t\t\t<span class=\"elementor-divider-separator\">\n\t\t\t\t\t\t<\/span>\n\t\t<\/div>\n\t\t\t\t\t\t<\/div>\n\t\t\t\t<\/div>\n\t\t\t\t<div class=\"elementor-element elementor-element-18fb387 elementor-widget elementor-widget-text-editor\" data-id=\"18fb387\" data-element_type=\"widget\" data-e-type=\"widget\" data-widget_type=\"text-editor.default\">\n\t\t\t\t<div class=\"elementor-widget-container\">\n\t\t\t\t\t\t\t\t\t<p>Si nostra Cookie d&#8217;Avellanes i Xips de<br \/>Xocolata va ser l&#8217;Everest de la meva cerca de la<br \/>felicitat, la de Llimona i Xia va sortir a conquistar<br \/>nous cims. El viatge mai acaba. Quan<br \/>confies i no ren\u00fancies, quan el vols tot<br \/>i ho persegueixes, \u00e9s quan es fa la m\u00e0gia.<br \/>Se solucionen reptes que semblaven impossibles.<\/p>\n\t\t\t\t\t\t\t\t<\/div>\n\t\t\t\t<\/div>\n\t\t\t\t<\/div>\n\t\t\t\t\t<\/div>\n\t\t\t\t<\/div>\n\t\t<div class=\"elementor-element elementor-element-da5820f e-con-full e-flex wpr-particle-no wpr-jarallax-no wpr-parallax-no wpr-sticky-section-no e-con e-parent\" data-id=\"da5820f\" data-element_type=\"container\" data-e-type=\"container\">\n\t\t\t\t<div class=\"elementor-element elementor-element-0908f58 elementor-widget elementor-widget-image\" data-id=\"0908f58\" data-element_type=\"widget\" data-e-type=\"widget\" data-widget_type=\"image.default\">\n\t\t\t\t<div class=\"elementor-widget-container\">\n\t\t\t\t\t\t\t\t\t\t\t\t\t\t\t<img loading=\"lazy\" decoding=\"async\" width=\"1899\" height=\"765\" src=\"https:\/\/milola.com\/wp-content\/uploads\/2023\/11\/limon_medio-jpg.webp\" class=\"attachment-full size-full wp-image-3972\" alt=\"foto-apaisada-de-dos-ni\u00f1as-sonriendo-con-galletas-de-limon-y-chia-de-milola-gluten-free\" srcset=\"https:\/\/milola.com\/wp-content\/uploads\/2023\/11\/limon_medio-jpg.webp 1899w, https:\/\/milola.com\/wp-content\/uploads\/2023\/11\/limon_medio-jpg-1200x483.webp 1200w, https:\/\/milola.com\/wp-content\/uploads\/2023\/11\/limon_medio-300x121.webp 300w, https:\/\/milola.com\/wp-content\/uploads\/2023\/11\/limon_medio-1024x413.webp 1024w, https:\/\/milola.com\/wp-content\/uploads\/2023\/11\/limon_medio-768x309.webp 768w, https:\/\/milola.com\/wp-content\/uploads\/2023\/11\/limon_medio-1536x619.webp 1536w\" sizes=\"(max-width: 1899px) 100vw, 1899px\" \/>\t\t\t\t\t\t\t\t\t\t\t\t\t\t\t<\/div>\n\t\t\t\t<\/div>\n\t\t\t\t<\/div>\n\t\t<div class=\"elementor-element elementor-element-5739179 e-con-full e-flex wpr-particle-no wpr-jarallax-no wpr-parallax-no wpr-sticky-section-no e-con e-parent\" data-id=\"5739179\" data-element_type=\"container\" data-e-type=\"container\" data-settings=\"{&quot;background_background&quot;:&quot;classic&quot;}\">\n\t\t\t\t<div class=\"elementor-element elementor-element-aebfa22 elementor-widget elementor-widget-image\" data-id=\"aebfa22\" data-element_type=\"widget\" data-e-type=\"widget\" data-widget_type=\"image.default\">\n\t\t\t\t<div class=\"elementor-widget-container\">\n\t\t\t\t\t\t\t\t\t\t\t\t\t\t\t<img loading=\"lazy\" decoding=\"async\" width=\"1742\" height=\"547\" src=\"https:\/\/milola.com\/wp-content\/uploads\/2024\/01\/vegetariana-cat.png\" class=\"attachment-full size-full wp-image-2800\" alt=\"sin-gluten-l\u00e1cteos-gmo-az\u00facar-refinado-grasas-hidrogenas-o-aceite-de-palma-vegetariano\" srcset=\"https:\/\/milola.com\/wp-content\/uploads\/2024\/01\/vegetariana-cat.png 1742w, https:\/\/milola.com\/wp-content\/uploads\/2024\/01\/vegetariana-cat-300x94.png 300w, https:\/\/milola.com\/wp-content\/uploads\/2024\/01\/vegetariana-cat-1024x322.png 1024w, https:\/\/milola.com\/wp-content\/uploads\/2024\/01\/vegetariana-cat-768x241.png 768w, https:\/\/milola.com\/wp-content\/uploads\/2024\/01\/vegetariana-cat-1536x482.png 1536w, https:\/\/milola.com\/wp-content\/uploads\/2024\/01\/vegetariana-cat-1200x377.png 1200w\" sizes=\"(max-width: 1742px) 100vw, 1742px\" \/>\t\t\t\t\t\t\t\t\t\t\t\t\t\t\t<\/div>\n\t\t\t\t<\/div>\n\t\t\t\t<\/div>\n\t\t<div class=\"elementor-element elementor-element-893136f e-con-full e-flex wpr-particle-no wpr-jarallax-no wpr-parallax-no wpr-sticky-section-no e-con e-parent\" data-id=\"893136f\" data-element_type=\"container\" data-e-type=\"container\" data-settings=\"{&quot;background_background&quot;:&quot;classic&quot;}\">\n\t\t\t\t<div class=\"elementor-element elementor-element-677992f elementor-align-center elementor-widget elementor-widget-button\" data-id=\"677992f\" data-element_type=\"widget\" data-e-type=\"widget\" data-widget_type=\"button.default\">\n\t\t\t\t<div class=\"elementor-widget-container\">\n\t\t\t\t\t\t\t\t\t<div class=\"elementor-button-wrapper\">\n\t\t\t\t\t<a class=\"elementor-button elementor-button-link elementor-size-sm\" href=\"https:\/\/milola.com\/ca\/cookie\/cookie-de-llimona-y-xia\/\">\n\t\t\t\t\t\t<span class=\"elementor-button-content-wrapper\">\n\t\t\t\t\t\t\t\t\t<span class=\"elementor-button-text\">Comprar<\/span>\n\t\t\t\t\t<\/span>\n\t\t\t\t\t<\/a>\n\t\t\t\t<\/div>\n\t\t\t\t\t\t\t\t<\/div>\n\t\t\t\t<\/div>\n\t\t\t\t<\/div>\n\t\t<div class=\"elementor-element elementor-element-08cbebe e-con-full e-flex wpr-particle-no wpr-jarallax-no wpr-parallax-no wpr-sticky-section-no e-con e-parent\" data-id=\"08cbebe\" data-element_type=\"container\" data-e-type=\"container\">\n\t\t<div class=\"elementor-element elementor-element-5d8a42f e-con-full e-flex wpr-particle-no wpr-jarallax-no wpr-parallax-no wpr-sticky-section-no e-con e-child\" data-id=\"5d8a42f\" data-element_type=\"container\" data-e-type=\"container\">\n\t\t\t\t<div class=\"elementor-element elementor-element-729857d elementor-widget__width-initial elementor-widget elementor-widget-text-editor\" data-id=\"729857d\" data-element_type=\"widget\" data-e-type=\"widget\" data-widget_type=\"text-editor.default\">\n\t\t\t\t<div class=\"elementor-widget-container\">\n\t\t\t\t\t\t\t\t\t<p><strong>Ingredients:<br \/><\/strong>Barreja de farines MILOLA (farina superfina d&#8217;arr\u00f2s blanc, f\u00e8cula de patata, farina d&#8217;arr\u00f2s integral, farina integral de fajol, mid\u00f3 de tapioca, farina integral de mill, farina integral de melca, farina integral de teff), oli de coco, sucre integral de canya, <strong>ou<\/strong>, llavors de xia (3,3%), ratlladura i polpa de llimona (3,2%), llet d&#8217;arr\u00f2s, vinagre de poma, sal, bicarbonat de sodi, llevat de rebosteria, fibra de psillium, goma xantana, extracte de vainilla, vitamina C. <strong>Sense: gluten, l\u00e0ctics, GMO, sucre refinat, blat de moro, soia, blat, oli de palma, greixos hidrogenats o trans. Vegetari\u00e0. <em>*Pot contenir traces de fruits secs.<\/em><\/strong> AL\u00b7L\u00c8RGENS: OU.<\/p>\n\t\t\t\t\t\t\t\t<\/div>\n\t\t\t\t<\/div>\n\t\t\t\t<\/div>\n\t\t<div class=\"elementor-element elementor-element-2ffe965 e-con-full e-flex wpr-particle-no wpr-jarallax-no wpr-parallax-no wpr-sticky-section-no e-con e-child\" data-id=\"2ffe965\" data-element_type=\"container\" data-e-type=\"container\">\n\t\t\t\t<div class=\"elementor-element elementor-element-ab5abf8 elementor-widget elementor-widget-image\" data-id=\"ab5abf8\" data-element_type=\"widget\" data-e-type=\"widget\" data-widget_type=\"image.default\">\n\t\t\t\t<div class=\"elementor-widget-container\">\n\t\t\t\t\t\t\t\t\t\t\t\t\t\t\t<img loading=\"lazy\" decoding=\"async\" width=\"1031\" height=\"903\" src=\"https:\/\/milola.com\/wp-content\/uploads\/2024\/01\/galeta-de-llimona.png\" class=\"attachment-full size-full wp-image-4998\" alt=\"Galeta Milola sense gluten de llimona i llavors de xia amb ingredients.\" srcset=\"https:\/\/milola.com\/wp-content\/uploads\/2024\/01\/galeta-de-llimona.png 1031w, https:\/\/milola.com\/wp-content\/uploads\/2024\/01\/galeta-de-llimona-300x263.png 300w, https:\/\/milola.com\/wp-content\/uploads\/2024\/01\/galeta-de-llimona-1024x897.png 1024w, https:\/\/milola.com\/wp-content\/uploads\/2024\/01\/galeta-de-llimona-768x673.png 768w\" sizes=\"(max-width: 1031px) 100vw, 1031px\" \/>\t\t\t\t\t\t\t\t\t\t\t\t\t\t\t<\/div>\n\t\t\t\t<\/div>\n\t\t\t\t<\/div>\n\t\t\t\t<\/div>\n\t\t<div class=\"elementor-element elementor-element-1e51b15 e-con-full e-flex wpr-particle-no wpr-jarallax-no wpr-parallax-no wpr-sticky-section-no e-con e-parent\" data-id=\"1e51b15\" data-element_type=\"container\" data-e-type=\"container\">\n\t\t<div class=\"elementor-element elementor-element-e882a15 e-con-full e-flex wpr-particle-no wpr-jarallax-no wpr-parallax-no wpr-sticky-section-no e-con e-child\" data-id=\"e882a15\" data-element_type=\"container\" data-e-type=\"container\" data-settings=\"{&quot;background_background&quot;:&quot;classic&quot;}\">\n\t\t\t\t<div class=\"elementor-element elementor-element-480b013 elementor-widget elementor-widget-text-editor\" data-id=\"480b013\" data-element_type=\"widget\" data-e-type=\"widget\" data-widget_type=\"text-editor.default\">\n\t\t\t\t<div class=\"elementor-widget-container\">\n\t\t\t\t\t\t\t\t\t<p>un<br \/>mmmiracle<br \/>fet<br \/>galeta<\/p>\n\t\t\t\t\t\t\t\t<\/div>\n\t\t\t\t<\/div>\n\t\t\t\t<\/div>\n\t\t<div class=\"elementor-element elementor-element-e30f785 e-con-full e-flex wpr-particle-no wpr-jarallax-no wpr-parallax-no wpr-sticky-section-no e-con e-child\" data-id=\"e30f785\" data-element_type=\"container\" data-e-type=\"container\">\n\t\t\t\t<div class=\"elementor-element elementor-element-0223df3 elementor-widget elementor-widget-video\" data-id=\"0223df3\" data-element_type=\"widget\" data-e-type=\"widget\" data-settings=\"{&quot;video_type&quot;:&quot;hosted&quot;,&quot;autoplay&quot;:&quot;yes&quot;,&quot;loop&quot;:&quot;yes&quot;,&quot;mute&quot;:&quot;yes&quot;,&quot;play_on_mobile&quot;:&quot;yes&quot;}\" data-widget_type=\"video.default\">\n\t\t\t\t<div class=\"elementor-widget-container\">\n\t\t\t\t\t\t\t<div class=\"e-hosted-video elementor-wrapper elementor-open-inline\">\n\t\t\t\t\t<video class=\"elementor-video\" src=\"\/wp-content\/uploads\/2023\/11\/cookie-limon.mp4\" autoplay=\"\" loop=\"\" muted=\"muted\" playsinline=\"\" controlsList=\"nodownload\"><\/video>\n\t\t\t\t<\/div>\n\t\t\t\t\t\t<\/div>\n\t\t\t\t<\/div>\n\t\t\t\t<\/div>\n\t\t\t\t<\/div>\n\t\t\t\t<\/div>\n\t\t","protected":false},"excerpt":{"rendered":"<p>Cookie deLlimona i Xia Plaer sense remordiments? Ho tens a les tevesmans.. Petites explosions de xia i notesc\u00edtriques s&#8217;entrellacen per a fer brillar la restad&#8217;ingredients. Aquesta textura cremosa de la qualestan fets els somnis de galeta, aconseguida comper art de m\u00e0gia sense l\u00e0ctics, oli de palmao greixos hidrogenats. Sabor que et cuida. Si nostra Cookie d&#8217;Avellanes i Xips deXocolata va ser l&#8217;Everest de la meva cerca de lafelicitat, la de Llimona i Xia va sortir a conquistarnous cims. El viatge mai acaba. Quanconfies i no ren\u00fancies, quan el vols toti ho persegueixes, \u00e9s quan es fa la m\u00e0gia.Se solucionen reptes que semblaven impossibles. Comprar Ingredients:Barreja de farines MILOLA (farina superfina d&#8217;arr\u00f2s blanc, f\u00e8cula de patata, farina d&#8217;arr\u00f2s integral, farina integral de fajol, mid\u00f3 de tapioca, farina integral de mill, farina integral de melca, farina integral de teff), oli de coco, sucre integral de canya, ou, llavors de xia (3,3%), ratlladura i polpa de llimona (3,2%), llet d&#8217;arr\u00f2s, vinagre de poma, sal, bicarbonat de sodi, llevat de rebosteria, fibra de psillium, goma xantana, extracte de vainilla, vitamina C. Sense: gluten, l\u00e0ctics, GMO, sucre refinat, blat de moro, soia, blat, oli de palma, greixos hidrogenats o trans. Vegetari\u00e0. *Pot contenir traces de fruits secs. AL\u00b7L\u00c8RGENS: OU. unmmmiraclefetgaleta \/wp-content\/uploads\/2023\/11\/cookie-limon.mp4<\/p>\n","protected":false},"author":1,"featured_media":0,"parent":0,"menu_order":0,"comment_status":"closed","ping_status":"closed","template":"","meta":{"_acf_changed":false,"footnotes":""},"class_list":["post-3969","page","type-page","status-publish","hentry"],"acf":[],"yoast_head":"<!-- This site is optimized with the Yoast SEO Premium plugin v27.1 (Yoast SEO v27.1.1) - https:\/\/yoast.com\/product\/yoast-seo-premium-wordpress\/ -->\n<title>Galeta de Limona y Xia. Sabor que et cuida. MILOLA.<\/title>\n<meta name=\"description\" content=\"Plaer sense remordiments? Ho tens a les teves mans. Petites explosions de xia i notes c\u00edtriques. Textura cremosa. Sabor que et cuida.\" \/>\n<meta name=\"robots\" content=\"index, follow, max-snippet:-1, max-image-preview:large, max-video-preview:-1\" \/>\n<link rel=\"canonical\" href=\"https:\/\/milola.com\/ca\/llimona-i-xia\/\" \/>\n<meta property=\"og:locale\" content=\"ca_ES\" \/>\n<meta property=\"og:type\" content=\"article\" \/>\n<meta property=\"og:title\" content=\"Llimona i Xia\" \/>\n<meta property=\"og:description\" content=\"Plaer sense remordiments? Ho tens a les teves mans. Petites explosions de xia i notes c\u00edtriques. Textura cremosa. Sabor que et cuida.\" \/>\n<meta property=\"og:url\" content=\"https:\/\/milola.com\/ca\/llimona-i-xia\/\" \/>\n<meta property=\"og:site_name\" content=\"MILOLA GLUTEN-FREE\" \/>\n<meta property=\"article:publisher\" content=\"https:\/\/www.facebook.com\/milolaglutenfree\" \/>\n<meta property=\"article:modified_time\" content=\"2024-02-21T13:10:34+00:00\" \/>\n<meta property=\"og:image\" content=\"https:\/\/milola.com\/wp-content\/uploads\/2023\/11\/limon_header-jpg.webp\" \/>\n<meta name=\"twitter:card\" content=\"summary_large_image\" \/>\n<meta name=\"twitter:site\" content=\"@milolabakery\" \/>\n<meta name=\"twitter:label1\" content=\"Temps estimat de lectura\" \/>\n\t<meta name=\"twitter:data1\" content=\"3 minuts\" \/>\n<script type=\"application\/ld+json\" class=\"yoast-schema-graph\">{\"@context\":\"https:\/\/schema.org\",\"@graph\":[{\"@type\":\"WebPage\",\"@id\":\"https:\/\/milola.com\/ca\/llimona-i-xia\/\",\"url\":\"https:\/\/milola.com\/ca\/llimona-i-xia\/\",\"name\":\"Galeta de Limona y Xia. Sabor que et cuida. MILOLA.\",\"isPartOf\":{\"@id\":\"https:\/\/milola.com\/ca\/#website\"},\"primaryImageOfPage\":{\"@id\":\"https:\/\/milola.com\/ca\/llimona-i-xia\/#primaryimage\"},\"image\":{\"@id\":\"https:\/\/milola.com\/ca\/llimona-i-xia\/#primaryimage\"},\"thumbnailUrl\":\"https:\/\/milola.com\/wp-content\/uploads\/2023\/11\/limon_header-jpg.webp\",\"datePublished\":\"2023-11-16T09:44:18+00:00\",\"dateModified\":\"2024-02-21T13:10:34+00:00\",\"description\":\"Plaer sense remordiments? Ho tens a les teves mans. Petites explosions de xia i notes c\u00edtriques. Textura cremosa. Sabor que et cuida.\",\"breadcrumb\":{\"@id\":\"https:\/\/milola.com\/ca\/llimona-i-xia\/#breadcrumb\"},\"inLanguage\":\"ca\",\"potentialAction\":[{\"@type\":\"ReadAction\",\"target\":[\"https:\/\/milola.com\/ca\/llimona-i-xia\/\"]}]},{\"@type\":\"ImageObject\",\"inLanguage\":\"ca\",\"@id\":\"https:\/\/milola.com\/ca\/llimona-i-xia\/#primaryimage\",\"url\":\"https:\/\/milola.com\/wp-content\/uploads\/2023\/11\/limon_header-jpg.webp\",\"contentUrl\":\"https:\/\/milola.com\/wp-content\/uploads\/2023\/11\/limon_header-jpg.webp\"},{\"@type\":\"BreadcrumbList\",\"@id\":\"https:\/\/milola.com\/ca\/llimona-i-xia\/#breadcrumb\",\"itemListElement\":[{\"@type\":\"ListItem\",\"position\":1,\"name\":\"Portada\",\"item\":\"https:\/\/milola.com\/ca\/home\/\"},{\"@type\":\"ListItem\",\"position\":2,\"name\":\"Llimona i Xia\"}]},{\"@type\":\"WebSite\",\"@id\":\"https:\/\/milola.com\/ca\/#website\",\"url\":\"https:\/\/milola.com\/ca\/\",\"name\":\"www.milola.com\",\"description\":\"Dale una galleta al pasado.\",\"publisher\":{\"@id\":\"https:\/\/milola.com\/ca\/#organization\"},\"potentialAction\":[{\"@type\":\"SearchAction\",\"target\":{\"@type\":\"EntryPoint\",\"urlTemplate\":\"https:\/\/milola.com\/ca\/?s={search_term_string}\"},\"query-input\":{\"@type\":\"PropertyValueSpecification\",\"valueRequired\":true,\"valueName\":\"search_term_string\"}}],\"inLanguage\":\"ca\"},{\"@type\":\"Organization\",\"@id\":\"https:\/\/milola.com\/ca\/#organization\",\"name\":\"www.milola.com\",\"url\":\"https:\/\/milola.com\/ca\/\",\"logo\":{\"@type\":\"ImageObject\",\"inLanguage\":\"ca\",\"@id\":\"https:\/\/milola.com\/ca\/#\/schema\/logo\/image\/\",\"url\":\"https:\/\/milola.com\/wp-content\/uploads\/2023\/11\/milola-logo-header.png\",\"contentUrl\":\"https:\/\/milola.com\/wp-content\/uploads\/2023\/11\/milola-logo-header.png\",\"width\":501,\"height\":282,\"caption\":\"www.milola.com\"},\"image\":{\"@id\":\"https:\/\/milola.com\/ca\/#\/schema\/logo\/image\/\"},\"sameAs\":[\"https:\/\/www.facebook.com\/milolaglutenfree\",\"https:\/\/x.com\/milolabakery\",\"https:\/\/www.instagram.com\/milolaglutenfree\/\",\"https:\/\/www.tiktok.com\/@milolaglutenfree\"]}]}<\/script>\n<!-- \/ Yoast SEO Premium plugin. -->","yoast_head_json":{"title":"Galeta de Limona y Xia. Sabor que et cuida. MILOLA.","description":"Plaer sense remordiments? Ho tens a les teves mans. Petites explosions de xia i notes c\u00edtriques. Textura cremosa. Sabor que et cuida.","robots":{"index":"index","follow":"follow","max-snippet":"max-snippet:-1","max-image-preview":"max-image-preview:large","max-video-preview":"max-video-preview:-1"},"canonical":"https:\/\/milola.com\/ca\/llimona-i-xia\/","og_locale":"ca_ES","og_type":"article","og_title":"Llimona i Xia","og_description":"Plaer sense remordiments? Ho tens a les teves mans. Petites explosions de xia i notes c\u00edtriques. Textura cremosa. Sabor que et cuida.","og_url":"https:\/\/milola.com\/ca\/llimona-i-xia\/","og_site_name":"MILOLA GLUTEN-FREE","article_publisher":"https:\/\/www.facebook.com\/milolaglutenfree","article_modified_time":"2024-02-21T13:10:34+00:00","og_image":[{"url":"https:\/\/milola.com\/wp-content\/uploads\/2023\/11\/limon_header-jpg.webp","type":"","width":"","height":""}],"twitter_card":"summary_large_image","twitter_site":"@milolabakery","twitter_misc":{"Temps estimat de lectura":"3 minuts"},"schema":{"@context":"https:\/\/schema.org","@graph":[{"@type":"WebPage","@id":"https:\/\/milola.com\/ca\/llimona-i-xia\/","url":"https:\/\/milola.com\/ca\/llimona-i-xia\/","name":"Galeta de Limona y Xia. Sabor que et cuida. MILOLA.","isPartOf":{"@id":"https:\/\/milola.com\/ca\/#website"},"primaryImageOfPage":{"@id":"https:\/\/milola.com\/ca\/llimona-i-xia\/#primaryimage"},"image":{"@id":"https:\/\/milola.com\/ca\/llimona-i-xia\/#primaryimage"},"thumbnailUrl":"https:\/\/milola.com\/wp-content\/uploads\/2023\/11\/limon_header-jpg.webp","datePublished":"2023-11-16T09:44:18+00:00","dateModified":"2024-02-21T13:10:34+00:00","description":"Plaer sense remordiments? Ho tens a les teves mans. Petites explosions de xia i notes c\u00edtriques. Textura cremosa. Sabor que et cuida.","breadcrumb":{"@id":"https:\/\/milola.com\/ca\/llimona-i-xia\/#breadcrumb"},"inLanguage":"ca","potentialAction":[{"@type":"ReadAction","target":["https:\/\/milola.com\/ca\/llimona-i-xia\/"]}]},{"@type":"ImageObject","inLanguage":"ca","@id":"https:\/\/milola.com\/ca\/llimona-i-xia\/#primaryimage","url":"https:\/\/milola.com\/wp-content\/uploads\/2023\/11\/limon_header-jpg.webp","contentUrl":"https:\/\/milola.com\/wp-content\/uploads\/2023\/11\/limon_header-jpg.webp"},{"@type":"BreadcrumbList","@id":"https:\/\/milola.com\/ca\/llimona-i-xia\/#breadcrumb","itemListElement":[{"@type":"ListItem","position":1,"name":"Portada","item":"https:\/\/milola.com\/ca\/home\/"},{"@type":"ListItem","position":2,"name":"Llimona i Xia"}]},{"@type":"WebSite","@id":"https:\/\/milola.com\/ca\/#website","url":"https:\/\/milola.com\/ca\/","name":"www.milola.com","description":"Dale una galleta al pasado.","publisher":{"@id":"https:\/\/milola.com\/ca\/#organization"},"potentialAction":[{"@type":"SearchAction","target":{"@type":"EntryPoint","urlTemplate":"https:\/\/milola.com\/ca\/?s={search_term_string}"},"query-input":{"@type":"PropertyValueSpecification","valueRequired":true,"valueName":"search_term_string"}}],"inLanguage":"ca"},{"@type":"Organization","@id":"https:\/\/milola.com\/ca\/#organization","name":"www.milola.com","url":"https:\/\/milola.com\/ca\/","logo":{"@type":"ImageObject","inLanguage":"ca","@id":"https:\/\/milola.com\/ca\/#\/schema\/logo\/image\/","url":"https:\/\/milola.com\/wp-content\/uploads\/2023\/11\/milola-logo-header.png","contentUrl":"https:\/\/milola.com\/wp-content\/uploads\/2023\/11\/milola-logo-header.png","width":501,"height":282,"caption":"www.milola.com"},"image":{"@id":"https:\/\/milola.com\/ca\/#\/schema\/logo\/image\/"},"sameAs":["https:\/\/www.facebook.com\/milolaglutenfree","https:\/\/x.com\/milolabakery","https:\/\/www.instagram.com\/milolaglutenfree\/","https:\/\/www.tiktok.com\/@milolaglutenfree"]}]}},"_links":{"self":[{"href":"https:\/\/milola.com\/ca\/wp-json\/wp\/v2\/pages\/3969","targetHints":{"allow":["GET"]}}],"collection":[{"href":"https:\/\/milola.com\/ca\/wp-json\/wp\/v2\/pages"}],"about":[{"href":"https:\/\/milola.com\/ca\/wp-json\/wp\/v2\/types\/page"}],"author":[{"embeddable":true,"href":"https:\/\/milola.com\/ca\/wp-json\/wp\/v2\/users\/1"}],"replies":[{"embeddable":true,"href":"https:\/\/milola.com\/ca\/wp-json\/wp\/v2\/comments?post=3969"}],"version-history":[{"count":16,"href":"https:\/\/milola.com\/ca\/wp-json\/wp\/v2\/pages\/3969\/revisions"}],"predecessor-version":[{"id":5596,"href":"https:\/\/milola.com\/ca\/wp-json\/wp\/v2\/pages\/3969\/revisions\/5596"}],"wp:attachment":[{"href":"https:\/\/milola.com\/ca\/wp-json\/wp\/v2\/media?parent=3969"}],"curies":[{"name":"wp","href":"https:\/\/api.w.org\/{rel}","templated":true}]}}