{"id":3897,"date":"2023-09-22T11:53:30","date_gmt":"2023-09-22T09:53:30","guid":{"rendered":"https:\/\/milola.com\/la-nostra-filosofia\/"},"modified":"2024-02-21T14:45:51","modified_gmt":"2024-02-21T13:45:51","slug":"la-nostra-filosofia","status":"publish","type":"page","link":"https:\/\/milola.com\/ca\/la-nostra-filosofia\/","title":{"rendered":"La nostra filosofia"},"content":{"rendered":"\t\t<div data-elementor-type=\"wp-page\" data-elementor-id=\"3897\" class=\"elementor elementor-3897 elementor-281\" data-elementor-post-type=\"page\">\n\t\t\t\t<div class=\"elementor-element elementor-element-fdc330c e-con-full e-flex wpr-particle-no wpr-jarallax-no wpr-parallax-no wpr-sticky-section-no e-con e-parent\" data-id=\"fdc330c\" data-element_type=\"container\" data-e-type=\"container\">\n\t\t\t\t<div class=\"elementor-element elementor-element-d991571 elementor-widget elementor-widget-slider_revolution\" data-id=\"d991571\" data-element_type=\"widget\" data-e-type=\"widget\" data-widget_type=\"slider_revolution.default\">\n\t\t\t\t<div class=\"elementor-widget-container\">\n\t\t\t\t\t\n\t\t<div class=\"wp-block-themepunch-revslider\">\n\t\t\t<!-- START Nuestra filosofia REVOLUTION SLIDER 6.6.10 --><p class=\"rs-p-wp-fix\"><\/p>\n\t\t\t<rs-module-wrap id=\"rev_slider_2_1_wrapper\" data-source=\"gallery\" style=\"visibility:hidden;background:transparent;padding:0;margin:0px auto;margin-top:0;margin-bottom:0;\">\n\t\t\t\t<rs-module id=\"rev_slider_2_1\" style=\"\" data-version=\"6.6.10\">\n\t\t\t\t\t<rs-slides style=\"overflow: hidden; position: absolute;\">\n\t\t\t\t\t\t<rs-slide style=\"position: absolute;\" data-key=\"rs-8\" data-title=\"Nuestra filosof\u00eda\" data-in=\"o:0;\" data-out=\"a:false;\">\n\t\t\t\t\t\t\t<img fetchpriority=\"high\" decoding=\"async\" src=\"\/\/milola.com\/wp-content\/plugins\/revslider\/public\/assets\/assets\/dummy.png\" alt=\"Familia-Milola-Gluten-Free\" title=\"Familia-Milola-Gluten-Free\" width=\"1900\" height=\"903\" class=\"rev-slidebg tp-rs-img rs-lazyload\" data-lazyload=\"\/\/milola.com\/wp-content\/uploads\/2023\/11\/familia-1-jpg.webp\" data-no-retina>\n<!---->\t\t\t\t\t\t<\/rs-slide>\n\t\t\t\t\t\t<rs-slide style=\"position: absolute;\" data-key=\"rs-9\" data-title=\"V\u00eddeo\" data-thumb=\"\/\/milola.com\/wp-content\/uploads\/2023\/11\/home-milola2.jpeg\" data-in=\"o:0;\" data-out=\"a:false;\">\n\t\t\t\t\t\t\t<img decoding=\"async\" src=\"\/\/milola.com\/wp-content\/plugins\/revslider\/public\/assets\/assets\/dummy.png\" alt=\"V\u00eddeo\" class=\"rev-slidebg tp-rs-img rs-lazyload\" data-lazyload=\"\/\/milola.com\/wp-content\/plugins\/revslider\/public\/assets\/assets\/transparent.png\" data-bg=\"p:0% 0%;c:#f2efe9;\" data-no-retina>\n<!--\n\t\t\t\t\t\t\t--><rs-layer\n\t\t\t\t\t\t\t\tid=\"slider-2-slide-9-layer-1\" \n\t\t\t\t\t\t\t\tclass=\"rs-layer-video intrinsic-ignore\"\n\t\t\t\t\t\t\t\tdata-type=\"video\"\n\t\t\t\t\t\t\t\tdata-rsp_ch=\"on\"\n\t\t\t\t\t\t\t\tdata-xy=\"x:c;y:m;\"\n\t\t\t\t\t\t\t\tdata-text=\"w:normal;s:20,20,20,17;l:0,0,0,21;\"\n\t\t\t\t\t\t\t\tdata-dim=\"w:840px,840px,840px,1000px;h:473px,473px,473px,563px;\"\n\t\t\t\t\t\t\t\tdata-video=\"vfc:true;vd:0;l:false;ptimer:false;\"\n\t\t\t\t\t\t\t\tdata-poster=\"\/\/milola.com\/wp-content\/uploads\/revslider\/video-media\/nuestra-filosofia_9_layer1.jpeg\"\n\t\t\t\t\t\t\t\tdata-mp4=\"\/wp-content\/uploads\/2023\/11\/nuestra-filosofia.mp4\"\n\t\t\t\t\t\t\t\tdata-frame_1=\"sp:1000;\"\n\t\t\t\t\t\t\t\tdata-frame_999=\"o:0;st:w;sR:8700;\"\n\t\t\t\t\t\t\t\tstyle=\"z-index:5;\"\n\t\t\t\t\t\t\t>\n\t\t\t\t\t\t\t<\/rs-layer><!--\n-->\t\t\t\t\t\t<\/rs-slide>\n\t\t\t\t\t<\/rs-slides>\n\t\t\t\t<\/rs-module>\n\t\t\t\t<script>\n\t\t\t\t\tsetREVStartSize({c: 'rev_slider_2_1',rl:[1240,1240,1240,480],el:[658.993,658.993,658.993,720],gw:[1900,1900,1900,1900],gh:[659,659,659,720],type:'standard',justify:'',layout:'fullwidth',mh:\"0\"});if (window.RS_MODULES!==undefined && window.RS_MODULES.modules!==undefined && window.RS_MODULES.modules[\"revslider21\"]!==undefined) {window.RS_MODULES.modules[\"revslider21\"].once = false;window.revapi2 = undefined;if (window.RS_MODULES.checkMinimal!==undefined) window.RS_MODULES.checkMinimal()}\n\t\t\t\t<\/script>\n\t\t\t<\/rs-module-wrap>\n\t\t\t<!-- END REVOLUTION SLIDER -->\n<\/div>\n\n\t\t\t\t\t\t<\/div>\n\t\t\t\t<\/div>\n\t\t\t\t<\/div>\n\t\t<div class=\"elementor-element elementor-element-07b181b e-con-full e-flex wpr-particle-no wpr-jarallax-no wpr-parallax-no wpr-sticky-section-no e-con e-parent\" data-id=\"07b181b\" data-element_type=\"container\" data-e-type=\"container\">\n\t\t\t\t<div class=\"elementor-element elementor-element-3e80eb5 elementor-widget elementor-widget-heading\" data-id=\"3e80eb5\" data-element_type=\"widget\" data-e-type=\"widget\" data-widget_type=\"heading.default\">\n\t\t\t\t<div class=\"elementor-widget-container\">\n\t\t\t\t\t<h2 class=\"elementor-heading-title elementor-size-default\">GAUDIR LA VIDA.<\/h2>\t\t\t\t<\/div>\n\t\t\t\t<\/div>\n\t\t\t\t<div class=\"elementor-element elementor-element-a5d5a6d elementor-widget elementor-widget-text-editor\" data-id=\"a5d5a6d\" data-element_type=\"widget\" data-e-type=\"widget\" data-widget_type=\"text-editor.default\">\n\t\t\t\t<div class=\"elementor-widget-container\">\n\t\t\t\t\t\t\t\t\t<p>Aix\u00f2 volem tots!, deus pensar. Exacte.<br \/>El que ens uneix \u00e9s la for\u00e7a que impulsa a Milola.<br \/>La recepta \u00e9s similar arreu del planeta:<br \/>Fam\u00edlia, amics, salut, celebrar els bons moments, recolzar-nos en els dif\u00edcils.<\/p>\n\t\t\t\t\t\t\t\t<\/div>\n\t\t\t\t<\/div>\n\t\t\t\t<\/div>\n\t\t<div class=\"elementor-element elementor-element-c812a96 e-con-full e-flex wpr-particle-no wpr-jarallax-no wpr-parallax-no wpr-sticky-section-no e-con e-parent\" data-id=\"c812a96\" data-element_type=\"container\" data-e-type=\"container\">\n\t\t<div class=\"elementor-element elementor-element-83c55d0 e-con-full e-flex wpr-particle-no wpr-jarallax-no wpr-parallax-no wpr-sticky-section-no e-con e-child\" data-id=\"83c55d0\" data-element_type=\"container\" data-e-type=\"container\" data-settings=\"{&quot;background_background&quot;:&quot;classic&quot;}\">\n\t\t\t\t<div class=\"elementor-element elementor-element-6a4e201 elementor-widget elementor-widget-text-editor\" data-id=\"6a4e201\" data-element_type=\"widget\" data-e-type=\"widget\" data-widget_type=\"text-editor.default\">\n\t\t\t\t<div class=\"elementor-widget-container\">\n\t\t\t\t\t\t\t\t\t<p>Una recepta de vida amb<\/p>\n<p>bons ingredients:<\/p>\n\t\t\t\t\t\t\t\t<\/div>\n\t\t\t\t<\/div>\n\t\t\t\t<div class=\"elementor-element elementor-element-0b7a320 elementor-widget elementor-widget-text-editor\" data-id=\"0b7a320\" data-element_type=\"widget\" data-e-type=\"widget\" data-widget_type=\"text-editor.default\">\n\t\t\t\t<div class=\"elementor-widget-container\">\n\t\t\t\t\t\t\t\t\t<p>BENESTAR<br \/>ALEGRIA<br \/>NUTRICI\u00d3<br \/>BELLESA<br \/>INCLUSI\u00d3<\/p>\n\t\t\t\t\t\t\t\t<\/div>\n\t\t\t\t<\/div>\n\t\t\t\t<\/div>\n\t\t<div class=\"elementor-element elementor-element-fdee7d1 e-con-full e-flex wpr-particle-no wpr-jarallax-no wpr-parallax-no wpr-sticky-section-no e-con e-child\" data-id=\"fdee7d1\" data-element_type=\"container\" data-e-type=\"container\">\n\t\t\t\t<div class=\"elementor-element elementor-element-1332373 elementor-widget elementor-widget-image\" data-id=\"1332373\" data-element_type=\"widget\" data-e-type=\"widget\" data-widget_type=\"image.default\">\n\t\t\t\t<div class=\"elementor-widget-container\">\n\t\t\t\t\t\t\t\t\t\t\t\t\t\t\t<img decoding=\"async\" width=\"1087\" height=\"820\" src=\"https:\/\/milola.com\/wp-content\/uploads\/2023\/11\/filosofia1-jpg.webp\" class=\"attachment-full size-full wp-image-2822\" alt=\"ni\u00f1o-con-gorro-y-galleta-milola-de-chocolate-en-el-bolsillo\" srcset=\"https:\/\/milola.com\/wp-content\/uploads\/2023\/11\/filosofia1-jpg.webp 1087w, https:\/\/milola.com\/wp-content\/uploads\/2023\/11\/filosofia1-300x226.webp 300w, https:\/\/milola.com\/wp-content\/uploads\/2023\/11\/filosofia1-1024x772.webp 1024w, https:\/\/milola.com\/wp-content\/uploads\/2023\/11\/filosofia1-768x579.webp 768w, https:\/\/milola.com\/wp-content\/uploads\/2023\/11\/filosofia1-600x453.webp 600w\" sizes=\"(max-width: 1087px) 100vw, 1087px\" \/>\t\t\t\t\t\t\t\t\t\t\t\t\t\t\t<\/div>\n\t\t\t\t<\/div>\n\t\t\t\t<\/div>\n\t\t\t\t<\/div>\n\t\t<div class=\"elementor-element elementor-element-ffccd01 e-con-full e-flex wpr-particle-no wpr-jarallax-no wpr-parallax-no wpr-sticky-section-no e-con e-parent\" data-id=\"ffccd01\" data-element_type=\"container\" data-e-type=\"container\">\n\t\t\t\t<div class=\"elementor-element elementor-element-a7f855b elementor-widget elementor-widget-text-editor\" data-id=\"a7f855b\" data-element_type=\"widget\" data-e-type=\"widget\" data-widget_type=\"text-editor.default\">\n\t\t\t\t<div class=\"elementor-widget-container\">\n\t\t\t\t\t\t\t\t\t<p><em>Preparaci\u00f3<\/em>:<\/p>\n<p><strong>BENESTAR &#8211;<\/strong> <em>Cuidar la teva salut i la dels teus sense renunciar als petits plaers de la vida. Deixar d&#8217;estar en guerra amb el menjar i amb el teu cos.<\/em><\/p>\n<p><strong>ALEGRIA<\/strong> &#8211;&nbsp;<em>Celebrar el dia a dia, amb la teva tribu, la teva fam\u00edlia, els teus amics.<\/em><\/p>\n<p><strong>NUTRICI\u00d3<\/strong> &#8211; <em>Eliminar el que ens fa mal i afegir el que ens fa b\u00e9.&nbsp;<\/em><\/p>\n<p><strong>BELLESA<\/strong> &#8211; <em>Aquesta que t&#8217;eleva l&#8217;\u00e0nima, et nodreix, i et fa sentir agra\u00efda d&#8217;estar viva.<\/em><\/p>\n<p><strong>INCLUSI\u00d3<\/strong> &#8211; <em>La taula compartida \u00e9s la vida, arreu del m\u00f3n. La taula generosa \u00e9s aquella en la qual cabem tots.<\/em><\/p>\n<p><strong>Per qu\u00e8 oferir el que nom\u00e9s poden menjar uns quants quan existeix Milola?<\/strong><\/p>\t\t\t\t\t\t\t\t<\/div>\n\t\t\t\t<\/div>\n\t\t\t\t<\/div>\n\t\t<div class=\"elementor-element elementor-element-8c06aee e-con-full e-flex wpr-particle-no wpr-jarallax-no wpr-parallax-no wpr-sticky-section-no e-con e-parent\" data-id=\"8c06aee\" data-element_type=\"container\" data-e-type=\"container\">\n\t\t<div class=\"elementor-element elementor-element-eee598f e-con-full e-flex wpr-particle-no wpr-jarallax-no wpr-parallax-no wpr-sticky-section-no e-con e-child\" data-id=\"eee598f\" data-element_type=\"container\" data-e-type=\"container\">\n\t\t\t\t<div class=\"elementor-element elementor-element-162345a elementor-widget elementor-widget-image\" data-id=\"162345a\" data-element_type=\"widget\" data-e-type=\"widget\" data-widget_type=\"image.default\">\n\t\t\t\t<div class=\"elementor-widget-container\">\n\t\t\t\t\t\t\t\t\t\t\t\t\t\t\t<img decoding=\"async\" width=\"740\" height=\"759\" src=\"https:\/\/milola.com\/wp-content\/uploads\/2023\/12\/avellanas-chicas-2-jpg.webp\" class=\"attachment-full size-full wp-image-4125\" alt=\"dos-chicas-con-galleta-de-avellanas-milola\" \/>\t\t\t\t\t\t\t\t\t\t\t\t\t\t\t<\/div>\n\t\t\t\t<\/div>\n\t\t\t\t<\/div>\n\t\t<div class=\"elementor-element elementor-element-c4d2fb3 e-con-full e-flex wpr-particle-no wpr-jarallax-no wpr-parallax-no wpr-sticky-section-no e-con e-child\" data-id=\"c4d2fb3\" data-element_type=\"container\" data-e-type=\"container\" data-settings=\"{&quot;background_background&quot;:&quot;classic&quot;}\">\n\t\t\t\t<div class=\"elementor-element elementor-element-56b6121 elementor-widget elementor-widget-image\" data-id=\"56b6121\" data-element_type=\"widget\" data-e-type=\"widget\" data-widget_type=\"image.default\">\n\t\t\t\t<div class=\"elementor-widget-container\">\n\t\t\t\t\t\t\t\t\t\t\t\t\t\t\t<img loading=\"lazy\" decoding=\"async\" width=\"402\" height=\"502\" src=\"https:\/\/milola.com\/wp-content\/uploads\/2023\/11\/filosofia-footer-2-jpg.webp\" class=\"attachment-medium_large size-medium_large wp-image-2831\" alt=\"padre-con-ni\u00f1o-subido-a-los-hombros-con-galleta-milola-de-chocolate-vegana\" srcset=\"https:\/\/milola.com\/wp-content\/uploads\/2023\/11\/filosofia-footer-2-jpg.webp 402w, https:\/\/milola.com\/wp-content\/uploads\/2023\/11\/filosofia-footer-2-240x300.webp 240w\" sizes=\"(max-width: 402px) 100vw, 402px\" \/>\t\t\t\t\t\t\t\t\t\t\t\t\t\t\t<\/div>\n\t\t\t\t<\/div>\n\t\t\t\t<\/div>\n\t\t\t\t<\/div>\n\t\t\t\t<\/div>\n\t\t","protected":false},"excerpt":{"rendered":"<p>GAUDIR LA VIDA. Aix\u00f2 volem tots!, deus pensar. Exacte.El que ens uneix \u00e9s la for\u00e7a que impulsa a Milola.La recepta \u00e9s similar arreu del planeta:Fam\u00edlia, amics, salut, celebrar els bons moments, recolzar-nos en els dif\u00edcils. Una recepta de vida amb bons ingredients: BENESTARALEGRIANUTRICI\u00d3BELLESAINCLUSI\u00d3 Preparaci\u00f3: BENESTAR &#8211; Cuidar la teva salut i la dels teus sense renunciar als petits plaers de la vida. Deixar d&#8217;estar en guerra amb el menjar i amb el teu cos. ALEGRIA &#8211;&nbsp;Celebrar el dia a dia, amb la teva tribu, la teva fam\u00edlia, els teus amics. NUTRICI\u00d3 &#8211; Eliminar el que ens fa mal i afegir el que ens fa b\u00e9.&nbsp; BELLESA &#8211; Aquesta que t&#8217;eleva l&#8217;\u00e0nima, et nodreix, i et fa sentir agra\u00efda d&#8217;estar viva. INCLUSI\u00d3 &#8211; La taula compartida \u00e9s la vida, arreu del m\u00f3n. La taula generosa \u00e9s aquella en la qual cabem tots. Per qu\u00e8 oferir el que nom\u00e9s poden menjar uns quants quan existeix Milola?<\/p>\n","protected":false},"author":1,"featured_media":0,"parent":0,"menu_order":0,"comment_status":"closed","ping_status":"closed","template":"","meta":{"_acf_changed":false,"footnotes":""},"class_list":["post-3897","page","type-page","status-publish","hentry"],"acf":[],"yoast_head":"<!-- This site is optimized with the Yoast SEO Premium plugin v27.1 (Yoast SEO v27.1.1) - https:\/\/yoast.com\/product\/yoast-seo-premium-wordpress\/ -->\n<title>La nostra Filosofia: Benestar, Felicitat, Nutrici\u00f3, Bellesa, Inclusi\u00f3.<\/title>\n<meta name=\"description\" content=\"La recepta \u00e9s similar en qualsevol rac\u00f3 del planeta: Fam\u00edlia, amics, salut, celebrar els bons moments, cuidar-nos en els dif\u00edcils.\" \/>\n<meta name=\"robots\" content=\"index, follow, max-snippet:-1, max-image-preview:large, max-video-preview:-1\" \/>\n<link rel=\"canonical\" href=\"https:\/\/milola.com\/ca\/la-nostra-filosofia\/\" \/>\n<meta property=\"og:locale\" content=\"ca_ES\" \/>\n<meta property=\"og:type\" content=\"article\" \/>\n<meta property=\"og:title\" content=\"La nostra filosofia\" \/>\n<meta property=\"og:description\" content=\"La recepta \u00e9s similar en qualsevol rac\u00f3 del planeta: Fam\u00edlia, amics, salut, celebrar els bons moments, cuidar-nos en els dif\u00edcils.\" \/>\n<meta property=\"og:url\" content=\"https:\/\/milola.com\/ca\/la-nostra-filosofia\/\" \/>\n<meta property=\"og:site_name\" content=\"MILOLA GLUTEN-FREE\" \/>\n<meta property=\"article:publisher\" content=\"https:\/\/www.facebook.com\/milolaglutenfree\" \/>\n<meta property=\"article:modified_time\" content=\"2024-02-21T13:45:51+00:00\" \/>\n<meta property=\"og:image\" content=\"https:\/\/milola.com\/wp-content\/uploads\/2023\/11\/filosofia1-jpg.webp\" \/>\n<meta name=\"twitter:card\" content=\"summary_large_image\" \/>\n<meta name=\"twitter:site\" content=\"@milolabakery\" \/>\n<meta name=\"twitter:label1\" content=\"Temps estimat de lectura\" \/>\n\t<meta name=\"twitter:data1\" content=\"2 minuts\" \/>\n<script type=\"application\/ld+json\" class=\"yoast-schema-graph\">{\"@context\":\"https:\/\/schema.org\",\"@graph\":[{\"@type\":\"WebPage\",\"@id\":\"https:\/\/milola.com\/ca\/la-nostra-filosofia\/\",\"url\":\"https:\/\/milola.com\/ca\/la-nostra-filosofia\/\",\"name\":\"La nostra Filosofia: Benestar, Felicitat, Nutrici\u00f3, Bellesa, Inclusi\u00f3.\",\"isPartOf\":{\"@id\":\"https:\/\/milola.com\/ca\/#website\"},\"primaryImageOfPage\":{\"@id\":\"https:\/\/milola.com\/ca\/la-nostra-filosofia\/#primaryimage\"},\"image\":{\"@id\":\"https:\/\/milola.com\/ca\/la-nostra-filosofia\/#primaryimage\"},\"thumbnailUrl\":\"https:\/\/milola.com\/wp-content\/uploads\/2023\/11\/filosofia1-jpg.webp\",\"datePublished\":\"2023-09-22T09:53:30+00:00\",\"dateModified\":\"2024-02-21T13:45:51+00:00\",\"description\":\"La recepta \u00e9s similar en qualsevol rac\u00f3 del planeta: Fam\u00edlia, amics, salut, celebrar els bons moments, cuidar-nos en els dif\u00edcils.\",\"breadcrumb\":{\"@id\":\"https:\/\/milola.com\/ca\/la-nostra-filosofia\/#breadcrumb\"},\"inLanguage\":\"ca\",\"potentialAction\":[{\"@type\":\"ReadAction\",\"target\":[\"https:\/\/milola.com\/ca\/la-nostra-filosofia\/\"]}]},{\"@type\":\"ImageObject\",\"inLanguage\":\"ca\",\"@id\":\"https:\/\/milola.com\/ca\/la-nostra-filosofia\/#primaryimage\",\"url\":\"https:\/\/milola.com\/wp-content\/uploads\/2023\/11\/filosofia1-jpg.webp\",\"contentUrl\":\"https:\/\/milola.com\/wp-content\/uploads\/2023\/11\/filosofia1-jpg.webp\"},{\"@type\":\"BreadcrumbList\",\"@id\":\"https:\/\/milola.com\/ca\/la-nostra-filosofia\/#breadcrumb\",\"itemListElement\":[{\"@type\":\"ListItem\",\"position\":1,\"name\":\"Portada\",\"item\":\"https:\/\/milola.com\/ca\/home\/\"},{\"@type\":\"ListItem\",\"position\":2,\"name\":\"La nostra filosofia\"}]},{\"@type\":\"WebSite\",\"@id\":\"https:\/\/milola.com\/ca\/#website\",\"url\":\"https:\/\/milola.com\/ca\/\",\"name\":\"www.milola.com\",\"description\":\"Dale una galleta al pasado.\",\"publisher\":{\"@id\":\"https:\/\/milola.com\/ca\/#organization\"},\"potentialAction\":[{\"@type\":\"SearchAction\",\"target\":{\"@type\":\"EntryPoint\",\"urlTemplate\":\"https:\/\/milola.com\/ca\/?s={search_term_string}\"},\"query-input\":{\"@type\":\"PropertyValueSpecification\",\"valueRequired\":true,\"valueName\":\"search_term_string\"}}],\"inLanguage\":\"ca\"},{\"@type\":\"Organization\",\"@id\":\"https:\/\/milola.com\/ca\/#organization\",\"name\":\"www.milola.com\",\"url\":\"https:\/\/milola.com\/ca\/\",\"logo\":{\"@type\":\"ImageObject\",\"inLanguage\":\"ca\",\"@id\":\"https:\/\/milola.com\/ca\/#\/schema\/logo\/image\/\",\"url\":\"https:\/\/milola.com\/wp-content\/uploads\/2023\/11\/milola-logo-header.png\",\"contentUrl\":\"https:\/\/milola.com\/wp-content\/uploads\/2023\/11\/milola-logo-header.png\",\"width\":501,\"height\":282,\"caption\":\"www.milola.com\"},\"image\":{\"@id\":\"https:\/\/milola.com\/ca\/#\/schema\/logo\/image\/\"},\"sameAs\":[\"https:\/\/www.facebook.com\/milolaglutenfree\",\"https:\/\/x.com\/milolabakery\",\"https:\/\/www.instagram.com\/milolaglutenfree\/\",\"https:\/\/www.tiktok.com\/@milolaglutenfree\"]}]}<\/script>\n<!-- \/ Yoast SEO Premium plugin. -->","yoast_head_json":{"title":"La nostra Filosofia: Benestar, Felicitat, Nutrici\u00f3, Bellesa, Inclusi\u00f3.","description":"La recepta \u00e9s similar en qualsevol rac\u00f3 del planeta: Fam\u00edlia, amics, salut, celebrar els bons moments, cuidar-nos en els dif\u00edcils.","robots":{"index":"index","follow":"follow","max-snippet":"max-snippet:-1","max-image-preview":"max-image-preview:large","max-video-preview":"max-video-preview:-1"},"canonical":"https:\/\/milola.com\/ca\/la-nostra-filosofia\/","og_locale":"ca_ES","og_type":"article","og_title":"La nostra filosofia","og_description":"La recepta \u00e9s similar en qualsevol rac\u00f3 del planeta: Fam\u00edlia, amics, salut, celebrar els bons moments, cuidar-nos en els dif\u00edcils.","og_url":"https:\/\/milola.com\/ca\/la-nostra-filosofia\/","og_site_name":"MILOLA GLUTEN-FREE","article_publisher":"https:\/\/www.facebook.com\/milolaglutenfree","article_modified_time":"2024-02-21T13:45:51+00:00","og_image":[{"url":"https:\/\/milola.com\/wp-content\/uploads\/2023\/11\/filosofia1-jpg.webp","type":"","width":"","height":""}],"twitter_card":"summary_large_image","twitter_site":"@milolabakery","twitter_misc":{"Temps estimat de lectura":"2 minuts"},"schema":{"@context":"https:\/\/schema.org","@graph":[{"@type":"WebPage","@id":"https:\/\/milola.com\/ca\/la-nostra-filosofia\/","url":"https:\/\/milola.com\/ca\/la-nostra-filosofia\/","name":"La nostra Filosofia: Benestar, Felicitat, Nutrici\u00f3, Bellesa, Inclusi\u00f3.","isPartOf":{"@id":"https:\/\/milola.com\/ca\/#website"},"primaryImageOfPage":{"@id":"https:\/\/milola.com\/ca\/la-nostra-filosofia\/#primaryimage"},"image":{"@id":"https:\/\/milola.com\/ca\/la-nostra-filosofia\/#primaryimage"},"thumbnailUrl":"https:\/\/milola.com\/wp-content\/uploads\/2023\/11\/filosofia1-jpg.webp","datePublished":"2023-09-22T09:53:30+00:00","dateModified":"2024-02-21T13:45:51+00:00","description":"La recepta \u00e9s similar en qualsevol rac\u00f3 del planeta: Fam\u00edlia, amics, salut, celebrar els bons moments, cuidar-nos en els dif\u00edcils.","breadcrumb":{"@id":"https:\/\/milola.com\/ca\/la-nostra-filosofia\/#breadcrumb"},"inLanguage":"ca","potentialAction":[{"@type":"ReadAction","target":["https:\/\/milola.com\/ca\/la-nostra-filosofia\/"]}]},{"@type":"ImageObject","inLanguage":"ca","@id":"https:\/\/milola.com\/ca\/la-nostra-filosofia\/#primaryimage","url":"https:\/\/milola.com\/wp-content\/uploads\/2023\/11\/filosofia1-jpg.webp","contentUrl":"https:\/\/milola.com\/wp-content\/uploads\/2023\/11\/filosofia1-jpg.webp"},{"@type":"BreadcrumbList","@id":"https:\/\/milola.com\/ca\/la-nostra-filosofia\/#breadcrumb","itemListElement":[{"@type":"ListItem","position":1,"name":"Portada","item":"https:\/\/milola.com\/ca\/home\/"},{"@type":"ListItem","position":2,"name":"La nostra filosofia"}]},{"@type":"WebSite","@id":"https:\/\/milola.com\/ca\/#website","url":"https:\/\/milola.com\/ca\/","name":"www.milola.com","description":"Dale una galleta al pasado.","publisher":{"@id":"https:\/\/milola.com\/ca\/#organization"},"potentialAction":[{"@type":"SearchAction","target":{"@type":"EntryPoint","urlTemplate":"https:\/\/milola.com\/ca\/?s={search_term_string}"},"query-input":{"@type":"PropertyValueSpecification","valueRequired":true,"valueName":"search_term_string"}}],"inLanguage":"ca"},{"@type":"Organization","@id":"https:\/\/milola.com\/ca\/#organization","name":"www.milola.com","url":"https:\/\/milola.com\/ca\/","logo":{"@type":"ImageObject","inLanguage":"ca","@id":"https:\/\/milola.com\/ca\/#\/schema\/logo\/image\/","url":"https:\/\/milola.com\/wp-content\/uploads\/2023\/11\/milola-logo-header.png","contentUrl":"https:\/\/milola.com\/wp-content\/uploads\/2023\/11\/milola-logo-header.png","width":501,"height":282,"caption":"www.milola.com"},"image":{"@id":"https:\/\/milola.com\/ca\/#\/schema\/logo\/image\/"},"sameAs":["https:\/\/www.facebook.com\/milolaglutenfree","https:\/\/x.com\/milolabakery","https:\/\/www.instagram.com\/milolaglutenfree\/","https:\/\/www.tiktok.com\/@milolaglutenfree"]}]}},"_links":{"self":[{"href":"https:\/\/milola.com\/ca\/wp-json\/wp\/v2\/pages\/3897","targetHints":{"allow":["GET"]}}],"collection":[{"href":"https:\/\/milola.com\/ca\/wp-json\/wp\/v2\/pages"}],"about":[{"href":"https:\/\/milola.com\/ca\/wp-json\/wp\/v2\/types\/page"}],"author":[{"embeddable":true,"href":"https:\/\/milola.com\/ca\/wp-json\/wp\/v2\/users\/1"}],"replies":[{"embeddable":true,"href":"https:\/\/milola.com\/ca\/wp-json\/wp\/v2\/comments?post=3897"}],"version-history":[{"count":9,"href":"https:\/\/milola.com\/ca\/wp-json\/wp\/v2\/pages\/3897\/revisions"}],"predecessor-version":[{"id":5684,"href":"https:\/\/milola.com\/ca\/wp-json\/wp\/v2\/pages\/3897\/revisions\/5684"}],"wp:attachment":[{"href":"https:\/\/milola.com\/ca\/wp-json\/wp\/v2\/media?parent=3897"}],"curies":[{"name":"wp","href":"https:\/\/api.w.org\/{rel}","templated":true}]}}