{"id":3848,"date":"2023-11-16T14:38:34","date_gmt":"2023-11-16T13:38:34","guid":{"rendered":"https:\/\/milola.com\/accessibilitat\/"},"modified":"2024-01-23T16:53:00","modified_gmt":"2024-01-23T15:53:00","slug":"accessibilitat","status":"publish","type":"page","link":"https:\/\/milola.com\/ca\/accessibilitat\/","title":{"rendered":"Accessibilitat"},"content":{"rendered":"\t\t<div data-elementor-type=\"wp-page\" data-elementor-id=\"3848\" class=\"elementor elementor-3848 elementor-2265\" data-elementor-post-type=\"page\">\n\t\t\t\t<div class=\"elementor-element elementor-element-9caa199 e-flex e-con-boxed wpr-particle-no wpr-jarallax-no wpr-parallax-no wpr-sticky-section-no e-con e-parent\" data-id=\"9caa199\" data-element_type=\"container\" data-e-type=\"container\">\n\t\t\t\t\t<div class=\"e-con-inner\">\n\t\t\t\t<div class=\"elementor-element elementor-element-7e680cb elementor-widget elementor-widget-heading\" data-id=\"7e680cb\" data-element_type=\"widget\" data-e-type=\"widget\" data-widget_type=\"heading.default\">\n\t\t\t\t<div class=\"elementor-widget-container\">\n\t\t\t\t\t<h2 class=\"elementor-heading-title elementor-size-default\">Accessibilitat<\/h2>\t\t\t\t<\/div>\n\t\t\t\t<\/div>\n\t\t\t\t\t<\/div>\n\t\t\t\t<\/div>\n\t\t<div class=\"elementor-element elementor-element-2b4e3d90 e-flex e-con-boxed wpr-particle-no wpr-jarallax-no wpr-parallax-no wpr-sticky-section-no e-con e-parent\" data-id=\"2b4e3d90\" data-element_type=\"container\" data-e-type=\"container\">\n\t\t\t\t\t<div class=\"e-con-inner\">\n\t\t\t\t<div class=\"elementor-element elementor-element-eb03f50 elementor-widget elementor-widget-text-editor\" data-id=\"eb03f50\" data-element_type=\"widget\" data-e-type=\"widget\" data-widget_type=\"text-editor.default\">\n\t\t\t\t<div class=\"elementor-widget-container\">\n\t\t\t\t\t\t\t\t\t<p>Volem que tothom que visiti la web de Milola Gluten Free se senti benvingut i trobi l&#8217;experi\u00e8ncia gratificant.<\/p>\n<h4>Qu\u00e8 estem fent?<\/h4>\n<p>Per a ajudar-nos a fer de la web de Milola Gluten Free un lloc positiu per a tots, utilitzem les Directrius d&#8217;accessibilitat al contingut web (WCAG) 2.1. Aquestes directrius expliquen com fer que el contingut web sigui m\u00e9s accessible per a persones amb discapacitat i f\u00e0cil d&#8217;utilitzar per a tots.<\/p>\n<p>Les directrius tenen tres nivells d&#8217;accessibilitat (A, AA i AAA). Hem triat el nivell AA com a objectiu de la web de Milola Gluten Free.<\/p>\n<h4>Com ho fem?<\/h4>\n<p>Hem treballat molt en la web de Milola Gluten Free i creiem que hem aconseguit el nostre objectiu d&#8217;accessibilitat de nivell AA. Supervisem el lloc web peri\u00f2dicament per a mantenir-lo, per\u00f2 si troba algun problema, no dubti a posar-se en contacte.<\/p>\n<h4>Faci&#8217;ns saber qu\u00e8 li sembla.<\/h4>\n<p>Si li ha agradat utilitzar la web de Milola Gluten Free, o si ha tingut problemes amb alguna part d&#8217;ella, posi&#8217;s en contacte. Ens agradaria rebre not\u00edcies seves de qualsevol de les seg\u00fcents formes:<\/p>\n<p>envia&#8217;ns un correu electr\u00f2nic a hola@milola.com <a href=\"mailto:hola@milola.com\"><\/a><br \/>Truquin-s al <a href=\"tel:627994328\">627994328<\/a><br \/>Posi&#8217;s en contacte en <a href=\"https:\/\/milola.com\/contacto\" target=\"_blank\" rel=\"noopener\">https:\/\/milola.com\/contacto<\/a><\/p>\n\t\t\t\t\t\t\t\t<\/div>\n\t\t\t\t<\/div>\n\t\t\t\t\t<\/div>\n\t\t\t\t<\/div>\n\t\t\t\t<\/div>\n\t\t","protected":false},"excerpt":{"rendered":"<p>Accessibilitat Volem que tothom que visiti la web de Milola Gluten Free se senti benvingut i trobi l&#8217;experi\u00e8ncia gratificant. Qu\u00e8 estem fent? Per a ajudar-nos a fer de la web de Milola Gluten Free un lloc positiu per a tots, utilitzem les Directrius d&#8217;accessibilitat al contingut web (WCAG) 2.1. Aquestes directrius expliquen com fer que el contingut web sigui m\u00e9s accessible per a persones amb discapacitat i f\u00e0cil d&#8217;utilitzar per a tots. Les directrius tenen tres nivells d&#8217;accessibilitat (A, AA i AAA). Hem triat el nivell AA com a objectiu de la web de Milola Gluten Free. Com ho fem? Hem treballat molt en la web de Milola Gluten Free i creiem que hem aconseguit el nostre objectiu d&#8217;accessibilitat de nivell AA. Supervisem el lloc web peri\u00f2dicament per a mantenir-lo, per\u00f2 si troba algun problema, no dubti a posar-se en contacte. Faci&#8217;ns saber qu\u00e8 li sembla. Si li ha agradat utilitzar la web de Milola Gluten Free, o si ha tingut problemes amb alguna part d&#8217;ella, posi&#8217;s en contacte. Ens agradaria rebre not\u00edcies seves de qualsevol de les seg\u00fcents formes: envia&#8217;ns un correu electr\u00f2nic a hola@milola.com Truquin-s al 627994328Posi&#8217;s en contacte en https:\/\/milola.com\/contacto<\/p>\n","protected":false},"author":1,"featured_media":0,"parent":0,"menu_order":0,"comment_status":"closed","ping_status":"closed","template":"","meta":{"_acf_changed":false,"footnotes":""},"class_list":["post-3848","page","type-page","status-publish","hentry"],"acf":[],"yoast_head":"<!-- This site is optimized with the Yoast SEO Premium plugin v27.1 (Yoast SEO v27.1.1) - https:\/\/yoast.com\/product\/yoast-seo-premium-wordpress\/ -->\n<title>Millorant L&#039;Accessibilitat de La Web de Milola Gluten Free<\/title>\n<meta name=\"description\" content=\"Descobreix com millorem l&#039;experi\u00e8ncia per a tots! T&#039;expliquem les directrius d&#039;accessibilitat al contingut web WCAG 2.1.\" \/>\n<meta name=\"robots\" content=\"index, follow, max-snippet:-1, max-image-preview:large, max-video-preview:-1\" \/>\n<link rel=\"canonical\" href=\"https:\/\/milola.com\/ca\/accessibilitat\/\" \/>\n<meta property=\"og:locale\" content=\"ca_ES\" \/>\n<meta property=\"og:type\" content=\"article\" \/>\n<meta property=\"og:title\" content=\"Accessibilitat\" \/>\n<meta property=\"og:description\" content=\"Descobreix com millorem l&#039;experi\u00e8ncia per a tots! T&#039;expliquem les directrius d&#039;accessibilitat al contingut web WCAG 2.1.\" \/>\n<meta property=\"og:url\" content=\"https:\/\/milola.com\/ca\/accessibilitat\/\" \/>\n<meta property=\"og:site_name\" content=\"MILOLA GLUTEN-FREE\" \/>\n<meta property=\"article:publisher\" content=\"https:\/\/www.facebook.com\/milolaglutenfree\" \/>\n<meta property=\"article:modified_time\" content=\"2024-01-23T15:53:00+00:00\" \/>\n<meta name=\"twitter:card\" content=\"summary_large_image\" \/>\n<meta name=\"twitter:site\" content=\"@milolabakery\" \/>\n<meta name=\"twitter:label1\" content=\"Temps estimat de lectura\" \/>\n\t<meta name=\"twitter:data1\" content=\"2 minuts\" \/>\n<script type=\"application\/ld+json\" class=\"yoast-schema-graph\">{\"@context\":\"https:\/\/schema.org\",\"@graph\":[{\"@type\":\"WebPage\",\"@id\":\"https:\/\/milola.com\/ca\/accessibilitat\/\",\"url\":\"https:\/\/milola.com\/ca\/accessibilitat\/\",\"name\":\"Millorant L'Accessibilitat de La Web de Milola Gluten Free\",\"isPartOf\":{\"@id\":\"https:\/\/milola.com\/ca\/#website\"},\"datePublished\":\"2023-11-16T13:38:34+00:00\",\"dateModified\":\"2024-01-23T15:53:00+00:00\",\"description\":\"Descobreix com millorem l'experi\u00e8ncia per a tots! T'expliquem les directrius d'accessibilitat al contingut web WCAG 2.1.\",\"breadcrumb\":{\"@id\":\"https:\/\/milola.com\/ca\/accessibilitat\/#breadcrumb\"},\"inLanguage\":\"ca\",\"potentialAction\":[{\"@type\":\"ReadAction\",\"target\":[\"https:\/\/milola.com\/ca\/accessibilitat\/\"]}]},{\"@type\":\"BreadcrumbList\",\"@id\":\"https:\/\/milola.com\/ca\/accessibilitat\/#breadcrumb\",\"itemListElement\":[{\"@type\":\"ListItem\",\"position\":1,\"name\":\"Portada\",\"item\":\"https:\/\/milola.com\/ca\/home\/\"},{\"@type\":\"ListItem\",\"position\":2,\"name\":\"Accessibilitat\"}]},{\"@type\":\"WebSite\",\"@id\":\"https:\/\/milola.com\/ca\/#website\",\"url\":\"https:\/\/milola.com\/ca\/\",\"name\":\"www.milola.com\",\"description\":\"Dale una galleta al pasado.\",\"publisher\":{\"@id\":\"https:\/\/milola.com\/ca\/#organization\"},\"potentialAction\":[{\"@type\":\"SearchAction\",\"target\":{\"@type\":\"EntryPoint\",\"urlTemplate\":\"https:\/\/milola.com\/ca\/?s={search_term_string}\"},\"query-input\":{\"@type\":\"PropertyValueSpecification\",\"valueRequired\":true,\"valueName\":\"search_term_string\"}}],\"inLanguage\":\"ca\"},{\"@type\":\"Organization\",\"@id\":\"https:\/\/milola.com\/ca\/#organization\",\"name\":\"www.milola.com\",\"url\":\"https:\/\/milola.com\/ca\/\",\"logo\":{\"@type\":\"ImageObject\",\"inLanguage\":\"ca\",\"@id\":\"https:\/\/milola.com\/ca\/#\/schema\/logo\/image\/\",\"url\":\"https:\/\/milola.com\/wp-content\/uploads\/2023\/11\/milola-logo-header.png\",\"contentUrl\":\"https:\/\/milola.com\/wp-content\/uploads\/2023\/11\/milola-logo-header.png\",\"width\":501,\"height\":282,\"caption\":\"www.milola.com\"},\"image\":{\"@id\":\"https:\/\/milola.com\/ca\/#\/schema\/logo\/image\/\"},\"sameAs\":[\"https:\/\/www.facebook.com\/milolaglutenfree\",\"https:\/\/x.com\/milolabakery\",\"https:\/\/www.instagram.com\/milolaglutenfree\/\",\"https:\/\/www.tiktok.com\/@milolaglutenfree\"]}]}<\/script>\n<!-- \/ Yoast SEO Premium plugin. -->","yoast_head_json":{"title":"Millorant L'Accessibilitat de La Web de Milola Gluten Free","description":"Descobreix com millorem l'experi\u00e8ncia per a tots! T'expliquem les directrius d'accessibilitat al contingut web WCAG 2.1.","robots":{"index":"index","follow":"follow","max-snippet":"max-snippet:-1","max-image-preview":"max-image-preview:large","max-video-preview":"max-video-preview:-1"},"canonical":"https:\/\/milola.com\/ca\/accessibilitat\/","og_locale":"ca_ES","og_type":"article","og_title":"Accessibilitat","og_description":"Descobreix com millorem l'experi\u00e8ncia per a tots! T'expliquem les directrius d'accessibilitat al contingut web WCAG 2.1.","og_url":"https:\/\/milola.com\/ca\/accessibilitat\/","og_site_name":"MILOLA GLUTEN-FREE","article_publisher":"https:\/\/www.facebook.com\/milolaglutenfree","article_modified_time":"2024-01-23T15:53:00+00:00","twitter_card":"summary_large_image","twitter_site":"@milolabakery","twitter_misc":{"Temps estimat de lectura":"2 minuts"},"schema":{"@context":"https:\/\/schema.org","@graph":[{"@type":"WebPage","@id":"https:\/\/milola.com\/ca\/accessibilitat\/","url":"https:\/\/milola.com\/ca\/accessibilitat\/","name":"Millorant L'Accessibilitat de La Web de Milola Gluten Free","isPartOf":{"@id":"https:\/\/milola.com\/ca\/#website"},"datePublished":"2023-11-16T13:38:34+00:00","dateModified":"2024-01-23T15:53:00+00:00","description":"Descobreix com millorem l'experi\u00e8ncia per a tots! T'expliquem les directrius d'accessibilitat al contingut web WCAG 2.1.","breadcrumb":{"@id":"https:\/\/milola.com\/ca\/accessibilitat\/#breadcrumb"},"inLanguage":"ca","potentialAction":[{"@type":"ReadAction","target":["https:\/\/milola.com\/ca\/accessibilitat\/"]}]},{"@type":"BreadcrumbList","@id":"https:\/\/milola.com\/ca\/accessibilitat\/#breadcrumb","itemListElement":[{"@type":"ListItem","position":1,"name":"Portada","item":"https:\/\/milola.com\/ca\/home\/"},{"@type":"ListItem","position":2,"name":"Accessibilitat"}]},{"@type":"WebSite","@id":"https:\/\/milola.com\/ca\/#website","url":"https:\/\/milola.com\/ca\/","name":"www.milola.com","description":"Dale una galleta al pasado.","publisher":{"@id":"https:\/\/milola.com\/ca\/#organization"},"potentialAction":[{"@type":"SearchAction","target":{"@type":"EntryPoint","urlTemplate":"https:\/\/milola.com\/ca\/?s={search_term_string}"},"query-input":{"@type":"PropertyValueSpecification","valueRequired":true,"valueName":"search_term_string"}}],"inLanguage":"ca"},{"@type":"Organization","@id":"https:\/\/milola.com\/ca\/#organization","name":"www.milola.com","url":"https:\/\/milola.com\/ca\/","logo":{"@type":"ImageObject","inLanguage":"ca","@id":"https:\/\/milola.com\/ca\/#\/schema\/logo\/image\/","url":"https:\/\/milola.com\/wp-content\/uploads\/2023\/11\/milola-logo-header.png","contentUrl":"https:\/\/milola.com\/wp-content\/uploads\/2023\/11\/milola-logo-header.png","width":501,"height":282,"caption":"www.milola.com"},"image":{"@id":"https:\/\/milola.com\/ca\/#\/schema\/logo\/image\/"},"sameAs":["https:\/\/www.facebook.com\/milolaglutenfree","https:\/\/x.com\/milolabakery","https:\/\/www.instagram.com\/milolaglutenfree\/","https:\/\/www.tiktok.com\/@milolaglutenfree"]}]}},"_links":{"self":[{"href":"https:\/\/milola.com\/ca\/wp-json\/wp\/v2\/pages\/3848","targetHints":{"allow":["GET"]}}],"collection":[{"href":"https:\/\/milola.com\/ca\/wp-json\/wp\/v2\/pages"}],"about":[{"href":"https:\/\/milola.com\/ca\/wp-json\/wp\/v2\/types\/page"}],"author":[{"embeddable":true,"href":"https:\/\/milola.com\/ca\/wp-json\/wp\/v2\/users\/1"}],"replies":[{"embeddable":true,"href":"https:\/\/milola.com\/ca\/wp-json\/wp\/v2\/comments?post=3848"}],"version-history":[{"count":6,"href":"https:\/\/milola.com\/ca\/wp-json\/wp\/v2\/pages\/3848\/revisions"}],"predecessor-version":[{"id":5261,"href":"https:\/\/milola.com\/ca\/wp-json\/wp\/v2\/pages\/3848\/revisions\/5261"}],"wp:attachment":[{"href":"https:\/\/milola.com\/ca\/wp-json\/wp\/v2\/media?parent=3848"}],"curies":[{"name":"wp","href":"https:\/\/api.w.org\/{rel}","templated":true}]}}