{"id":3830,"date":"2023-09-22T12:24:33","date_gmt":"2023-09-22T10:24:33","guid":{"rendered":"https:\/\/milola.com\/sobre-nosaltres\/"},"modified":"2024-01-23T16:46:30","modified_gmt":"2024-01-23T15:46:30","slug":"sobre-nosaltres","status":"publish","type":"page","link":"https:\/\/milola.com\/ca\/sobre-nosaltres\/","title":{"rendered":"Sobre Nosaltres"},"content":{"rendered":"\t\t<div data-elementor-type=\"wp-page\" data-elementor-id=\"3830\" class=\"elementor elementor-3830 elementor-301\" data-elementor-post-type=\"page\">\n\t\t\t\t<div class=\"elementor-element elementor-element-31010f5 e-con-full e-flex wpr-particle-no wpr-jarallax-no wpr-parallax-no wpr-sticky-section-no elementor-invisible e-con e-parent\" data-id=\"31010f5\" data-element_type=\"container\" data-e-type=\"container\" data-settings=\"{&quot;animation&quot;:&quot;fadeIn&quot;}\">\n\t\t<div class=\"elementor-element elementor-element-e35cc4a e-con-full e-flex wpr-particle-no wpr-jarallax-no wpr-parallax-no wpr-sticky-section-no e-con e-child\" data-id=\"e35cc4a\" data-element_type=\"container\" data-e-type=\"container\">\n\t\t\t\t<div class=\"elementor-element elementor-element-071656f elementor-widget elementor-widget-image\" data-id=\"071656f\" data-element_type=\"widget\" data-e-type=\"widget\" data-settings=\"{&quot;_animation&quot;:&quot;none&quot;}\" data-widget_type=\"image.default\">\n\t\t\t\t<div class=\"elementor-widget-container\">\n\t\t\t\t\t\t\t\t\t\t\t\t\t\t\t<img fetchpriority=\"high\" decoding=\"async\" width=\"905\" height=\"762\" src=\"https:\/\/milola.com\/wp-content\/uploads\/2023\/11\/about_header-jpg.webp\" class=\"attachment-full size-full wp-image-3831\" alt=\"Manuela de Milola Gluten Free\" srcset=\"https:\/\/milola.com\/wp-content\/uploads\/2023\/11\/about_header-jpg.webp 905w, https:\/\/milola.com\/wp-content\/uploads\/2023\/11\/about_header-300x253.webp 300w, https:\/\/milola.com\/wp-content\/uploads\/2023\/11\/about_header-768x647.webp 768w, https:\/\/milola.com\/wp-content\/uploads\/2023\/11\/about_header-600x505.webp 600w\" sizes=\"(max-width: 905px) 100vw, 905px\" \/>\t\t\t\t\t\t\t\t\t\t\t\t\t\t\t<\/div>\n\t\t\t\t<\/div>\n\t\t\t\t<\/div>\n\t\t<div class=\"elementor-element elementor-element-4efabd8 e-con-full e-flex wpr-particle-no wpr-jarallax-no wpr-parallax-no wpr-sticky-section-no e-con e-child\" data-id=\"4efabd8\" data-element_type=\"container\" data-e-type=\"container\" data-settings=\"{&quot;background_background&quot;:&quot;classic&quot;}\">\n\t\t\t\t<div class=\"elementor-element elementor-element-a083e34 elementor-widget elementor-widget-text-editor\" data-id=\"a083e34\" data-element_type=\"widget\" data-e-type=\"widget\" data-widget_type=\"text-editor.default\">\n\t\t\t\t<div class=\"elementor-widget-container\">\n\t\t\t\t\t\t\t\t\t<p><em>SI \u2026<\/em><\/p>\n<p><em>Vols deixar d&#8217;estar en guerra amb el menjar.<\/em><\/p>\n<p><em>Desitges cuidar la teva salut<\/em><br \/><em>sense renunciar als petits plaers de la vida.<\/em><\/p>\n<p><em>No menges: gluten, l\u00e0ctics, sucre<\/em><br \/><em>refinat o processats.<\/em><\/p>\n<p><em>T&#8217;entristeix quedar fora dels moments especials,<\/em><br \/><em>a casa, a l&#8217;escola, o amb els amics.<\/em><\/p>\n\t\t\t\t\t\t\t\t<\/div>\n\t\t\t\t<\/div>\n\t\t\t\t<div class=\"elementor-element elementor-element-b313000 elementor-widget elementor-widget-text-editor\" data-id=\"b313000\" data-element_type=\"widget\" data-e-type=\"widget\" data-widget_type=\"text-editor.default\">\n\t\t\t\t<div class=\"elementor-widget-container\">\n\t\t\t\t\t\t\t\t\t<p>LA MEVA HIST\u00d2RIA \u00c9S LA TEVA HIST\u00d2RIA.<\/p>\n\t\t\t\t\t\t\t\t<\/div>\n\t\t\t\t<\/div>\n\t\t\t\t<\/div>\n\t\t\t\t<\/div>\n\t\t<div class=\"elementor-element elementor-element-77b7526 e-con-full e-flex wpr-particle-no wpr-jarallax-no wpr-parallax-no wpr-sticky-section-no e-con e-parent\" data-id=\"77b7526\" data-element_type=\"container\" data-e-type=\"container\" data-settings=\"{&quot;background_background&quot;:&quot;classic&quot;}\">\n\t\t\t\t<div class=\"elementor-element elementor-element-d7d3a51 elementor-widget elementor-widget-image-carousel\" data-id=\"d7d3a51\" data-element_type=\"widget\" data-e-type=\"widget\" data-settings=\"{&quot;navigation&quot;:&quot;none&quot;,&quot;autoplay&quot;:&quot;no&quot;,&quot;infinite&quot;:&quot;no&quot;,&quot;speed&quot;:0,&quot;image_spacing_custom&quot;:{&quot;unit&quot;:&quot;px&quot;,&quot;size&quot;:8,&quot;sizes&quot;:[]},&quot;slides_to_show_mobile&quot;:&quot;3&quot;,&quot;image_spacing_custom_tablet&quot;:{&quot;unit&quot;:&quot;px&quot;,&quot;size&quot;:&quot;&quot;,&quot;sizes&quot;:[]},&quot;image_spacing_custom_mobile&quot;:{&quot;unit&quot;:&quot;px&quot;,&quot;size&quot;:&quot;&quot;,&quot;sizes&quot;:[]}}\" data-widget_type=\"image-carousel.default\">\n\t\t\t\t<div class=\"elementor-widget-container\">\n\t\t\t\t\t\t\t<div class=\"elementor-image-carousel-wrapper swiper\" role=\"region\" aria-roledescription=\"carousel\" aria-label=\"Carrusel d&#039;imatges\" dir=\"ltr\">\n\t\t\t<div class=\"elementor-image-carousel swiper-wrapper swiper-image-stretch\" aria-live=\"polite\">\n\t\t\t\t\t\t\t\t<div class=\"swiper-slide\" role=\"group\" aria-roledescription=\"slide\" aria-label=\"1 de 3\"><figure class=\"swiper-slide-inner\"><img decoding=\"async\" class=\"swiper-slide-image\" src=\"https:\/\/milola.com\/wp-content\/uploads\/2023\/11\/about-1-jpg-e1700814255924.webp\" alt=\"sobre-nosotros-manuela-y-david-abrazo\" \/><\/figure><\/div><div class=\"swiper-slide\" role=\"group\" aria-roledescription=\"slide\" aria-label=\"2 de 3\"><figure class=\"swiper-slide-inner\"><img decoding=\"async\" class=\"swiper-slide-image\" src=\"https:\/\/milola.com\/wp-content\/uploads\/2023\/11\/about-2-jpg-e1700814236157.webp\" alt=\"Manuela-de-Milola-y-David-bailando\" \/><\/figure><\/div><div class=\"swiper-slide\" role=\"group\" aria-roledescription=\"slide\" aria-label=\"3 de 3\"><figure class=\"swiper-slide-inner\"><img decoding=\"async\" class=\"swiper-slide-image\" src=\"https:\/\/milola.com\/wp-content\/uploads\/2023\/11\/about-3-jpg-e1700814218646.webp\" alt=\"sobre-nosotros-manuela-y-david-bailando-y-riendo\" \/><\/figure><\/div>\t\t\t<\/div>\n\t\t\t\t\t\t\t\n\t\t\t\t\t\t\t\t\t<\/div>\n\t\t\t\t\t\t<\/div>\n\t\t\t\t<\/div>\n\t\t\t\t<\/div>\n\t\t<div class=\"elementor-element elementor-element-dca0343 e-con-full e-flex wpr-particle-no wpr-jarallax-no wpr-parallax-no wpr-sticky-section-no e-con e-parent\" data-id=\"dca0343\" data-element_type=\"container\" data-e-type=\"container\">\n\t\t<div class=\"elementor-element elementor-element-74dfbb2 e-con-full e-flex wpr-particle-no wpr-jarallax-no wpr-parallax-no wpr-sticky-section-no e-con e-child\" data-id=\"74dfbb2\" data-element_type=\"container\" data-e-type=\"container\" data-settings=\"{&quot;background_background&quot;:&quot;classic&quot;}\">\n\t\t\t\t<div class=\"elementor-element elementor-element-cf5bfae elementor-widget__width-initial elementor-widget elementor-widget-text-editor\" data-id=\"cf5bfae\" data-element_type=\"widget\" data-e-type=\"widget\" data-widget_type=\"text-editor.default\">\n\t\t\t\t<div class=\"elementor-widget-container\">\n\t\t\t\t\t\t\t\t\t<p>Fa mitja vida, mol\u00e8sties cr\u00f2niques va portar un Doctor a eliminar algunes coses de la meva dieta.<\/p>\n<p>La meva salut va millorar de seguida; la meva vida va perdre alegria.<\/p>\n<p>Si els mercats i la cuina s\u00f3n els teus temples, i la taula compartida la felicitat quotidiana, no poder menjar \u00e9s una mala passada.<\/p>\n<p>Cuidar la salut. Mantenir la l\u00ednia. Gaudir els petits plaers de la vida.<\/p>\n<p>Cal triar?<\/p>\n<p>La realitat em deia que s\u00ed; el meu interior cridava que NO.<\/p>\n\t\t\t\t\t\t\t\t<\/div>\n\t\t\t\t<\/div>\n\t\t\t\t<\/div>\n\t\t<div class=\"elementor-element elementor-element-1777cbf e-con-full e-flex wpr-particle-no wpr-jarallax-no wpr-parallax-no wpr-sticky-section-no e-con e-child\" data-id=\"1777cbf\" data-element_type=\"container\" data-e-type=\"container\" data-settings=\"{&quot;background_background&quot;:&quot;classic&quot;}\">\n\t\t\t\t<div class=\"elementor-element elementor-element-6e80323 elementor-hidden-tablet elementor-widget elementor-widget-image\" data-id=\"6e80323\" data-element_type=\"widget\" data-e-type=\"widget\" data-widget_type=\"image.default\">\n\t\t\t\t<div class=\"elementor-widget-container\">\n\t\t\t\t\t\t\t\t\t\t\t\t\t\t\t<img decoding=\"async\" width=\"703\" height=\"548\" src=\"https:\/\/milola.com\/wp-content\/uploads\/2023\/11\/about-4-jpg.webp\" class=\"attachment-full size-full wp-image-3835\" alt=\"sobre-nosotros-manuela-con-plato-de-galletas\" srcset=\"https:\/\/milola.com\/wp-content\/uploads\/2023\/11\/about-4-jpg.webp 703w, https:\/\/milola.com\/wp-content\/uploads\/2023\/11\/about-4-300x234.webp 300w, https:\/\/milola.com\/wp-content\/uploads\/2023\/11\/about-4-600x468.webp 600w\" sizes=\"(max-width: 703px) 100vw, 703px\" \/>\t\t\t\t\t\t\t\t\t\t\t\t\t\t\t<\/div>\n\t\t\t\t<\/div>\n\t\t\t\t<\/div>\n\t\t\t\t<\/div>\n\t\t<div class=\"elementor-element elementor-element-8eccffc e-con-full e-flex wpr-particle-no wpr-jarallax-no wpr-parallax-no wpr-sticky-section-no e-con e-parent\" data-id=\"8eccffc\" data-element_type=\"container\" data-e-type=\"container\">\n\t\t\t\t<div class=\"elementor-element elementor-element-c68900b elementor-widget__width-initial elementor-widget elementor-widget-text-editor\" data-id=\"c68900b\" data-element_type=\"widget\" data-e-type=\"widget\" data-widget_type=\"text-editor.default\">\n\t\t\t\t<div class=\"elementor-widget-container\">\n\t\t\t\t\t\t\t\t\t<p>Em vaig dir a mi mateixa: Manuela, ets dona. No t&#8217;arronsis.<\/p>\n<p>A les dones ens preocupa l&#8217;alimentaci\u00f3 de tota la fam\u00edlia<\/p>\n<p>Les nostres vides s\u00f3n un camp de batalla entre la indulg\u00e8ncia i la restricci\u00f3, per all\u00f2 de la l\u00ednia.<\/p>\n<p>Ara suma-li intoler\u00e0ncies aliment\u00e0ries.<\/p>\n<p>Amb aquest panorama, o t&#8217;arromangues i canvies l&#8217;oferta, o la vida perd color.<\/p>\n<p>I a mi m&#8217;agrada el color.<\/p>\n\t\t\t\t\t\t\t\t<\/div>\n\t\t\t\t<\/div>\n\t\t\t\t<\/div>\n\t\t<div class=\"elementor-element elementor-element-a917294 e-con-full e-flex wpr-particle-no wpr-jarallax-no wpr-parallax-no wpr-sticky-section-no e-con e-parent\" data-id=\"a917294\" data-element_type=\"container\" data-e-type=\"container\">\n\t\t<div class=\"elementor-element elementor-element-555c92d e-con-full e-flex wpr-particle-no wpr-jarallax-no wpr-parallax-no wpr-sticky-section-no e-con e-child\" data-id=\"555c92d\" data-element_type=\"container\" data-e-type=\"container\">\n\t\t\t\t<div class=\"elementor-element elementor-element-da13a2a elementor-widget elementor-widget-image\" data-id=\"da13a2a\" data-element_type=\"widget\" data-e-type=\"widget\" data-widget_type=\"image.default\">\n\t\t\t\t<div class=\"elementor-widget-container\">\n\t\t\t\t\t\t\t\t\t\t\t\t\t\t\t<img decoding=\"async\" width=\"666\" height=\"608\" src=\"https:\/\/milola.com\/wp-content\/uploads\/2023\/11\/about-footer-jpg.webp\" class=\"attachment-full size-full wp-image-3836\" alt=\"manuela-de-milola-y-su-hermana-yolanda\" srcset=\"https:\/\/milola.com\/wp-content\/uploads\/2023\/11\/about-footer-jpg.webp 666w, https:\/\/milola.com\/wp-content\/uploads\/2023\/11\/about-footer-300x274.webp 300w, https:\/\/milola.com\/wp-content\/uploads\/2023\/11\/about-footer-600x548.webp 600w\" sizes=\"(max-width: 666px) 100vw, 666px\" \/>\t\t\t\t\t\t\t\t\t\t\t\t\t\t\t<\/div>\n\t\t\t\t<\/div>\n\t\t\t\t<\/div>\n\t\t<div class=\"elementor-element elementor-element-3cb1988 e-con-full e-flex wpr-particle-no wpr-jarallax-no wpr-parallax-no wpr-sticky-section-no e-con e-child\" data-id=\"3cb1988\" data-element_type=\"container\" data-e-type=\"container\" data-settings=\"{&quot;background_background&quot;:&quot;classic&quot;}\">\n\t\t\t\t<div class=\"elementor-element elementor-element-e49e240 elementor-widget elementor-widget-text-editor\" data-id=\"e49e240\" data-element_type=\"widget\" data-e-type=\"widget\" data-widget_type=\"text-editor.default\">\n\t\t\t\t<div class=\"elementor-widget-container\">\n\t\t\t\t\t\t\t\t\t<p><em>Tenia un repte: menjar sense gluten, sense l\u00e0ctics, sense refinats&#8230;<\/em><\/p>\n<p><em>Un desig: crear productes per als qui ho VOLEM TOT.<\/em><\/p>\n<p><em>I tres temples: els mercats, la cuina i els llibres.<\/em><\/p>\n<p><em>Cuidar la l\u00ednia? S\u00ed. La salut? Tamb\u00e9.<\/em><\/p>\n<p>Gaudir de la vida? CADA DIA.<\/p>\n<p><em>Milola va n\u00e9ixer.<\/em><\/p>\n\t\t\t\t\t\t\t\t<\/div>\n\t\t\t\t<\/div>\n\t\t\t\t<\/div>\n\t\t\t\t<\/div>\n\t\t\t\t<\/div>\n\t\t","protected":false},"excerpt":{"rendered":"<p>SI \u2026 Vols deixar d&#8217;estar en guerra amb el menjar. Desitges cuidar la teva salutsense renunciar als petits plaers de la vida. No menges: gluten, l\u00e0ctics, sucrerefinat o processats. T&#8217;entristeix quedar fora dels moments especials,a casa, a l&#8217;escola, o amb els amics. LA MEVA HIST\u00d2RIA \u00c9S LA TEVA HIST\u00d2RIA. Fa mitja vida, mol\u00e8sties cr\u00f2niques va portar un Doctor a eliminar algunes coses de la meva dieta. La meva salut va millorar de seguida; la meva vida va perdre alegria. Si els mercats i la cuina s\u00f3n els teus temples, i la taula compartida la felicitat quotidiana, no poder menjar \u00e9s una mala passada. Cuidar la salut. Mantenir la l\u00ednia. Gaudir els petits plaers de la vida. Cal triar? La realitat em deia que s\u00ed; el meu interior cridava que NO. Em vaig dir a mi mateixa: Manuela, ets dona. No t&#8217;arronsis. A les dones ens preocupa l&#8217;alimentaci\u00f3 de tota la fam\u00edlia Les nostres vides s\u00f3n un camp de batalla entre la indulg\u00e8ncia i la restricci\u00f3, per all\u00f2 de la l\u00ednia. Ara suma-li intoler\u00e0ncies aliment\u00e0ries. Amb aquest panorama, o t&#8217;arromangues i canvies l&#8217;oferta, o la vida perd color. I a mi m&#8217;agrada el color. Tenia un repte: menjar sense gluten, sense l\u00e0ctics, sense refinats&#8230; Un desig: crear productes per als qui ho VOLEM TOT. I tres temples: els mercats, la cuina i els llibres. Cuidar la l\u00ednia? S\u00ed. La salut? Tamb\u00e9. Gaudir de la vida? CADA DIA. Milola va n\u00e9ixer.<\/p>\n","protected":false},"author":1,"featured_media":0,"parent":0,"menu_order":0,"comment_status":"closed","ping_status":"closed","template":"","meta":{"_acf_changed":false,"footnotes":""},"class_list":["post-3830","page","type-page","status-publish","hentry"],"acf":[],"yoast_head":"<!-- This site is optimized with the Yoast SEO Premium plugin v27.1 (Yoast SEO v27.1.1) - https:\/\/yoast.com\/product\/yoast-seo-premium-wordpress\/ -->\n<title>Gaudeix cuidandote: la meva hist\u00f2ria \u00e9s la teva hist\u00f2ria.<\/title>\n<meta name=\"description\" content=\"Si vols deixar d&#039;estar en guerra amb el menjar. Desitges cuidar la teva salut sense renunciar als petits plaers de la vida. No menges: gluten,\" \/>\n<meta name=\"robots\" content=\"index, follow, max-snippet:-1, max-image-preview:large, max-video-preview:-1\" \/>\n<link rel=\"canonical\" href=\"https:\/\/milola.com\/ca\/sobre-nosaltres\/\" \/>\n<meta property=\"og:locale\" content=\"ca_ES\" \/>\n<meta property=\"og:type\" content=\"article\" \/>\n<meta property=\"og:title\" content=\"Sobre Nosaltres\" \/>\n<meta property=\"og:description\" content=\"Si vols deixar d&#039;estar en guerra amb el menjar. Desitges cuidar la teva salut sense renunciar als petits plaers de la vida. No menges: gluten,\" \/>\n<meta property=\"og:url\" content=\"https:\/\/milola.com\/ca\/sobre-nosaltres\/\" \/>\n<meta property=\"og:site_name\" content=\"MILOLA GLUTEN-FREE\" \/>\n<meta property=\"article:publisher\" content=\"https:\/\/www.facebook.com\/milolaglutenfree\" \/>\n<meta property=\"article:modified_time\" content=\"2024-01-23T15:46:30+00:00\" \/>\n<meta property=\"og:image\" content=\"https:\/\/milola.com\/wp-content\/uploads\/2023\/11\/about_header-jpg.webp\" \/>\n<meta name=\"twitter:card\" content=\"summary_large_image\" \/>\n<meta name=\"twitter:site\" content=\"@milolabakery\" \/>\n<meta name=\"twitter:label1\" content=\"Temps estimat de lectura\" \/>\n\t<meta name=\"twitter:data1\" content=\"3 minuts\" \/>\n<script type=\"application\/ld+json\" class=\"yoast-schema-graph\">{\"@context\":\"https:\/\/schema.org\",\"@graph\":[{\"@type\":\"WebPage\",\"@id\":\"https:\/\/milola.com\/ca\/sobre-nosaltres\/\",\"url\":\"https:\/\/milola.com\/ca\/sobre-nosaltres\/\",\"name\":\"Gaudeix cuidandote: la meva hist\u00f2ria \u00e9s la teva hist\u00f2ria.\",\"isPartOf\":{\"@id\":\"https:\/\/milola.com\/ca\/#website\"},\"primaryImageOfPage\":{\"@id\":\"https:\/\/milola.com\/ca\/sobre-nosaltres\/#primaryimage\"},\"image\":{\"@id\":\"https:\/\/milola.com\/ca\/sobre-nosaltres\/#primaryimage\"},\"thumbnailUrl\":\"https:\/\/milola.com\/wp-content\/uploads\/2023\/11\/about_header-jpg.webp\",\"datePublished\":\"2023-09-22T10:24:33+00:00\",\"dateModified\":\"2024-01-23T15:46:30+00:00\",\"description\":\"Si vols deixar d'estar en guerra amb el menjar. Desitges cuidar la teva salut sense renunciar als petits plaers de la vida. No menges: gluten,\",\"breadcrumb\":{\"@id\":\"https:\/\/milola.com\/ca\/sobre-nosaltres\/#breadcrumb\"},\"inLanguage\":\"ca\",\"potentialAction\":[{\"@type\":\"ReadAction\",\"target\":[\"https:\/\/milola.com\/ca\/sobre-nosaltres\/\"]}]},{\"@type\":\"ImageObject\",\"inLanguage\":\"ca\",\"@id\":\"https:\/\/milola.com\/ca\/sobre-nosaltres\/#primaryimage\",\"url\":\"https:\/\/milola.com\/wp-content\/uploads\/2023\/11\/about_header-jpg.webp\",\"contentUrl\":\"https:\/\/milola.com\/wp-content\/uploads\/2023\/11\/about_header-jpg.webp\"},{\"@type\":\"BreadcrumbList\",\"@id\":\"https:\/\/milola.com\/ca\/sobre-nosaltres\/#breadcrumb\",\"itemListElement\":[{\"@type\":\"ListItem\",\"position\":1,\"name\":\"Portada\",\"item\":\"https:\/\/milola.com\/ca\/home\/\"},{\"@type\":\"ListItem\",\"position\":2,\"name\":\"Sobre Nosaltres\"}]},{\"@type\":\"WebSite\",\"@id\":\"https:\/\/milola.com\/ca\/#website\",\"url\":\"https:\/\/milola.com\/ca\/\",\"name\":\"www.milola.com\",\"description\":\"Dale una galleta al pasado.\",\"publisher\":{\"@id\":\"https:\/\/milola.com\/ca\/#organization\"},\"potentialAction\":[{\"@type\":\"SearchAction\",\"target\":{\"@type\":\"EntryPoint\",\"urlTemplate\":\"https:\/\/milola.com\/ca\/?s={search_term_string}\"},\"query-input\":{\"@type\":\"PropertyValueSpecification\",\"valueRequired\":true,\"valueName\":\"search_term_string\"}}],\"inLanguage\":\"ca\"},{\"@type\":\"Organization\",\"@id\":\"https:\/\/milola.com\/ca\/#organization\",\"name\":\"www.milola.com\",\"url\":\"https:\/\/milola.com\/ca\/\",\"logo\":{\"@type\":\"ImageObject\",\"inLanguage\":\"ca\",\"@id\":\"https:\/\/milola.com\/ca\/#\/schema\/logo\/image\/\",\"url\":\"https:\/\/milola.com\/wp-content\/uploads\/2023\/11\/milola-logo-header.png\",\"contentUrl\":\"https:\/\/milola.com\/wp-content\/uploads\/2023\/11\/milola-logo-header.png\",\"width\":501,\"height\":282,\"caption\":\"www.milola.com\"},\"image\":{\"@id\":\"https:\/\/milola.com\/ca\/#\/schema\/logo\/image\/\"},\"sameAs\":[\"https:\/\/www.facebook.com\/milolaglutenfree\",\"https:\/\/x.com\/milolabakery\",\"https:\/\/www.instagram.com\/milolaglutenfree\/\",\"https:\/\/www.tiktok.com\/@milolaglutenfree\"]}]}<\/script>\n<!-- \/ Yoast SEO Premium plugin. -->","yoast_head_json":{"title":"Gaudeix cuidandote: la meva hist\u00f2ria \u00e9s la teva hist\u00f2ria.","description":"Si vols deixar d'estar en guerra amb el menjar. Desitges cuidar la teva salut sense renunciar als petits plaers de la vida. No menges: gluten,","robots":{"index":"index","follow":"follow","max-snippet":"max-snippet:-1","max-image-preview":"max-image-preview:large","max-video-preview":"max-video-preview:-1"},"canonical":"https:\/\/milola.com\/ca\/sobre-nosaltres\/","og_locale":"ca_ES","og_type":"article","og_title":"Sobre Nosaltres","og_description":"Si vols deixar d'estar en guerra amb el menjar. Desitges cuidar la teva salut sense renunciar als petits plaers de la vida. No menges: gluten,","og_url":"https:\/\/milola.com\/ca\/sobre-nosaltres\/","og_site_name":"MILOLA GLUTEN-FREE","article_publisher":"https:\/\/www.facebook.com\/milolaglutenfree","article_modified_time":"2024-01-23T15:46:30+00:00","og_image":[{"url":"https:\/\/milola.com\/wp-content\/uploads\/2023\/11\/about_header-jpg.webp","type":"","width":"","height":""}],"twitter_card":"summary_large_image","twitter_site":"@milolabakery","twitter_misc":{"Temps estimat de lectura":"3 minuts"},"schema":{"@context":"https:\/\/schema.org","@graph":[{"@type":"WebPage","@id":"https:\/\/milola.com\/ca\/sobre-nosaltres\/","url":"https:\/\/milola.com\/ca\/sobre-nosaltres\/","name":"Gaudeix cuidandote: la meva hist\u00f2ria \u00e9s la teva hist\u00f2ria.","isPartOf":{"@id":"https:\/\/milola.com\/ca\/#website"},"primaryImageOfPage":{"@id":"https:\/\/milola.com\/ca\/sobre-nosaltres\/#primaryimage"},"image":{"@id":"https:\/\/milola.com\/ca\/sobre-nosaltres\/#primaryimage"},"thumbnailUrl":"https:\/\/milola.com\/wp-content\/uploads\/2023\/11\/about_header-jpg.webp","datePublished":"2023-09-22T10:24:33+00:00","dateModified":"2024-01-23T15:46:30+00:00","description":"Si vols deixar d'estar en guerra amb el menjar. Desitges cuidar la teva salut sense renunciar als petits plaers de la vida. No menges: gluten,","breadcrumb":{"@id":"https:\/\/milola.com\/ca\/sobre-nosaltres\/#breadcrumb"},"inLanguage":"ca","potentialAction":[{"@type":"ReadAction","target":["https:\/\/milola.com\/ca\/sobre-nosaltres\/"]}]},{"@type":"ImageObject","inLanguage":"ca","@id":"https:\/\/milola.com\/ca\/sobre-nosaltres\/#primaryimage","url":"https:\/\/milola.com\/wp-content\/uploads\/2023\/11\/about_header-jpg.webp","contentUrl":"https:\/\/milola.com\/wp-content\/uploads\/2023\/11\/about_header-jpg.webp"},{"@type":"BreadcrumbList","@id":"https:\/\/milola.com\/ca\/sobre-nosaltres\/#breadcrumb","itemListElement":[{"@type":"ListItem","position":1,"name":"Portada","item":"https:\/\/milola.com\/ca\/home\/"},{"@type":"ListItem","position":2,"name":"Sobre Nosaltres"}]},{"@type":"WebSite","@id":"https:\/\/milola.com\/ca\/#website","url":"https:\/\/milola.com\/ca\/","name":"www.milola.com","description":"Dale una galleta al pasado.","publisher":{"@id":"https:\/\/milola.com\/ca\/#organization"},"potentialAction":[{"@type":"SearchAction","target":{"@type":"EntryPoint","urlTemplate":"https:\/\/milola.com\/ca\/?s={search_term_string}"},"query-input":{"@type":"PropertyValueSpecification","valueRequired":true,"valueName":"search_term_string"}}],"inLanguage":"ca"},{"@type":"Organization","@id":"https:\/\/milola.com\/ca\/#organization","name":"www.milola.com","url":"https:\/\/milola.com\/ca\/","logo":{"@type":"ImageObject","inLanguage":"ca","@id":"https:\/\/milola.com\/ca\/#\/schema\/logo\/image\/","url":"https:\/\/milola.com\/wp-content\/uploads\/2023\/11\/milola-logo-header.png","contentUrl":"https:\/\/milola.com\/wp-content\/uploads\/2023\/11\/milola-logo-header.png","width":501,"height":282,"caption":"www.milola.com"},"image":{"@id":"https:\/\/milola.com\/ca\/#\/schema\/logo\/image\/"},"sameAs":["https:\/\/www.facebook.com\/milolaglutenfree","https:\/\/x.com\/milolabakery","https:\/\/www.instagram.com\/milolaglutenfree\/","https:\/\/www.tiktok.com\/@milolaglutenfree"]}]}},"_links":{"self":[{"href":"https:\/\/milola.com\/ca\/wp-json\/wp\/v2\/pages\/3830","targetHints":{"allow":["GET"]}}],"collection":[{"href":"https:\/\/milola.com\/ca\/wp-json\/wp\/v2\/pages"}],"about":[{"href":"https:\/\/milola.com\/ca\/wp-json\/wp\/v2\/types\/page"}],"author":[{"embeddable":true,"href":"https:\/\/milola.com\/ca\/wp-json\/wp\/v2\/users\/1"}],"replies":[{"embeddable":true,"href":"https:\/\/milola.com\/ca\/wp-json\/wp\/v2\/comments?post=3830"}],"version-history":[{"count":9,"href":"https:\/\/milola.com\/ca\/wp-json\/wp\/v2\/pages\/3830\/revisions"}],"predecessor-version":[{"id":5259,"href":"https:\/\/milola.com\/ca\/wp-json\/wp\/v2\/pages\/3830\/revisions\/5259"}],"wp:attachment":[{"href":"https:\/\/milola.com\/ca\/wp-json\/wp\/v2\/media?parent=3830"}],"curies":[{"name":"wp","href":"https:\/\/api.w.org\/{rel}","templated":true}]}}